{"id":8887,"date":"2026-01-07T12:42:17","date_gmt":"2026-01-07T11:42:17","guid":{"rendered":"https:\/\/ptb.ovh\/bakertilly\/?page_id=8887"},"modified":"2026-01-07T15:09:04","modified_gmt":"2026-01-07T14:09:04","slug":"bakertilly-newsletter-07-01-2026-parametres-sociaux-au-01-01-2026-de","status":"publish","type":"page","link":"https:\/\/ptb.ovh\/bakertilly\/bakertilly-newsletter-07-01-2026-parametres-sociaux-au-01-01-2026-de\/","title":{"rendered":"BAKERTILLY &#8211; Newsletter &#8211; 07\/01\/2026 &#8211; Param\u00e8tres sociaux au 01.01.2026 &#8211; DE"},"content":{"rendered":"<div class=\"wpb-content-wrapper\"><p>[vc_row css=\u00a0\u00bb.vc_custom_1724372966601{margin-top: 0px !important;background-color: #FFFFFF !important;}\u00a0\u00bb][vc_column][vc_raw_html css=\u00a0\u00bb.vc_custom_1767786102280{margin-bottom: 10px !important;}\u00a0\u00bb]JTNDaGVhZGVyJTIwaWQlM0QlMjJsYW5ndWFnZXMlMjIlM0UlMEElMjAlMjAlMjAlMjAlM0NhJTIwaHJlZiUzRCUyMmh0dHBzJTNBJTJGJTJGcHRiLm92aCUyRmJha2VydGlsbHklMkZiYWtlcnRpbGx5LW5ld3NsZXR0ZXItMDctMDEtMjAyNi1wYXJhbWV0cmVzLXNvY2lhdXgtYXUtMDEtMDEtMjAyNi1mciUyRiUyMiUyMGNsYXNzJTNEJTIyc3dpdGNoZXItbGFuZ3VhZ2UlMjIlM0UlMEElMjAlMjAlMjAlMjAlMjAlMjAlMjAlMjBGciUwQSUyMCUyMCUyMCUyMCUzQyUyRmElM0UlMEElMjAlMjAlMjAlMjAlM0NhJTIwaHJlZiUzRCUyMmh0dHBzJTNBJTJGJTJGcHRiLm92aCUyRmJha2VydGlsbHklMkZiYWtlcnRpbGx5LW5ld3NsZXR0ZXItMDctMDEtMjAyNi1wYXJhbWV0cmVzLXNvY2lhdXgtYXUtMDEtMDEtMjAyNi1lbiUyRiUyMiUyMGNsYXNzJTNEJTIyc3dpdGNoZXItbGFuZ3VhZ2UlMjIlM0UlMEElMjAlMjAlMjAlMjAlMjAlMjAlMjAlMjBFbiUwQSUyMCUyMCUyMCUyMCUzQyUyRmElM0UlMEElMjAlMjAlMjAlMjAlM0NhJTIwaHJlZiUzRCUyMmh0dHBzJTNBJTJGJTJGcHRiLm92aCUyRmJha2VydGlsbHklMkZiYWtlcnRpbGx5LW5ld3NsZXR0ZXItMDctMDEtMjAyNi1wYXJhbWV0cmVzLXNvY2lhdXgtYXUtMDEtMDEtMjAyNi1kZSUyRiUyMiUyMGNsYXNzJTNEJTIyc3dpdGNoZXItbGFuZ3VhZ2UlMjBhY3RpdmUlMjIlM0UlMEElMjAlMjAlMjAlMjAlMjAlMjAlMjAlMjBEZSUwQSUyMCUyMCUyMCUyMCUzQyUyRmElM0UlMEElM0MlMkZoZWFkZXIlM0U=[\/vc_raw_html][\/vc_column][\/vc_row][vc_row css=\u00a0\u00bb.vc_custom_1724372966601{margin-top: 0px !important;background-color: #FFFFFF !important;}\u00a0\u00bb][vc_column][vc_raw_html css=\u00a0\u00bb.vc_custom_1726760013532{margin-bottom: 10px !important;}\u00a0\u00bb]JTNDaGVhZGVyJTIwaWQlM0QlMjJoZWFkZXIyMDI0U2VtaW5haXJlJTIyJTNFJTBBJTNDZGl2JTIwaWQlM0QlMjJsb2dvSGVhZGVyJTIyJTNFJTBBJTNDaW1nJTIwc3JjJTNEJTIyJTJGYmFrZXJ0aWxseSUyRndwLWNvbnRlbnQlMkZ0aGVtZXMlMkZwdGIlMkZhc3NldHMlMkZpbWclMkZsb2dvLWJsYWNrLnBuZyUyMiUyRiUzRSUwQSUzQyUyRmRpdiUzRSUwQSUzQ2RpdiUyMHN0eWxlJTNEJTIydGV4dC1hbGlnbiUzQSUyMHJpZ2h0JTNCJTIyJTNFJTBBJTNDc3BhbiUyMHN0eWxlJTNEJTIyZm9udC1zaXplJTNBJTIwNDJweCUzQiUyMGNvbG9yJTNBJTIzMmIzMDNhJTNCJTIwZm9udC1mYW1pbHklM0ElMjBDYXJuYWNCb2xkJTIyJTNFTmV3c2xldHRlciUzQyUyRnNwYW4lM0UlMEElM0MlMkZkaXYlMEElM0MlMkZoZWFkZXIlM0U=[\/vc_raw_html][\/vc_column][\/vc_row][vc_row css=\u00a0\u00bb.vc_custom_1726761067408{margin-bottom: 60px !important;}\u00a0\u00bb][vc_column][vc_single_image image=\u00a0\u00bb8897&Prime; img_size=\u00a0\u00bbfull\u00a0\u00bb alignment=\u00a0\u00bbcenter\u00a0\u00bb css=\u00a0\u00bb.vc_custom_1767794944097{margin-bottom: 0px !important;}\u00a0\u00bb][vc_row_inner css=\u00a0\u00bb.vc_custom_1735912780555{margin-top: 0px !important;padding-top: 20px !important;padding-right: 30px !important;padding-bottom: 40px !important;padding-left: 30px !important;background-color: #00BAB3 !important;}\u00a0\u00bb el_id=\u00a0\u00bbtitleHeader\u00a0\u00bb][vc_column_inner width=\u00a0\u00bb1\/6&Prime;][\/vc_column_inner][vc_column_inner width=\u00a0\u00bb2\/3&Prime;][vc_column_text css=\u00a0\u00bb.vc_custom_1767786135576{margin-top: 0px !important;margin-bottom: 0px !important;padding-top: 0px !important;padding-bottom: 0px !important;}\u00a0\u00bb]<span style=\"font-size: 40px; color: #ffffff;\"><strong class=\"CarnacBold\">ANWENDBARE SOZIALPARAMETER<br \/>\nAB DEM 01.01.2026<\/strong><\/span><br \/>\n<span style=\"color: #ffffff; font-size: 36px;\">Index : 968,04<\/span>[\/vc_column_text][vc_empty_space height=\u00a0\u00bb40px\u00a0\u00bb][\/vc_column_inner][vc_column_inner width=\u00a0\u00bb1\/6&Prime;][\/vc_column_inner][\/vc_row_inner][\/vc_column][\/vc_row][vc_row el_class=\u00a0\u00bbtext\u00a0\u00bb][vc_column width=\u00a0\u00bb1\/6&Prime;][\/vc_column][vc_column width=\u00a0\u00bb2\/3&Prime; css=\u00a0\u00bb.vc_custom_1724688536298{padding-top: 0px !important;}\u00a0\u00bb][vc_row_inner gap=\u00a0\u00bb30&Prime; el_class=\u00a0\u00bbpNoMarginTop\u00a0\u00bb css=\u00a0\u00bb.vc_custom_1724687476229{padding-right: 0px !important;padding-left: 0px !important;border-color: #000000 !important;}\u00a0\u00bb][vc_column_inner css=\u00a0\u00bb.vc_custom_1724688543656{padding-top: 5px !important;padding-right: 0px !important;padding-left: 0px !important;}\u00a0\u00bb][vc_column_text css=\u00a0\u00bb\u00a0\u00bb]<span style=\"font-size: 18pt; color: #00bab3;\"><strong><span style=\"font-family: carnac_bold, arial;\">SOZIALER MINDESTLOHN (SLM)<\/span><\/strong><\/span><br \/>\n279,30 \u20ac zum Index 100[\/vc_column_text][vc_single_image image=\u00a0\u00bb8891&Prime; img_size=\u00a0\u00bbfull\u00a0\u00bb alignment=\u00a0\u00bbcenter\u00a0\u00bb css=\u00a0\u00bb.vc_custom_1767786473218{margin-top: 0px !important;margin-bottom: 0px !important;padding-top: 0px !important;padding-bottom: 0px !important;}\u00a0\u00bb el_class=\u00a0\u00bbmax-1100&Prime;][vc_empty_space height=\u00a0\u00bb20px\u00a0\u00bb][\/vc_column_inner][\/vc_row_inner][vc_row_inner gap=\u00a0\u00bb30&Prime; el_class=\u00a0\u00bbpNoMarginTop\u00a0\u00bb css=\u00a0\u00bb.vc_custom_1724687476229{padding-right: 0px !important;padding-left: 0px !important;border-color: #000000 !important;}\u00a0\u00bb][vc_column_inner css=\u00a0\u00bb.vc_custom_1724688543656{padding-top: 5px !important;padding-right: 0px !important;padding-left: 0px !important;}\u00a0\u00bb][vc_column_text css=\u00a0\u00bb\u00a0\u00bb]<span style=\"font-size: 18pt; color: #00bab3;\"><strong><span style=\"font-family: carnac_bold, arial;\">SOZIALABGABEN<\/span><\/strong><\/span>[\/vc_column_text][vc_single_image image=\u00a0\u00bb8892&Prime; img_size=\u00a0\u00bbfull\u00a0\u00bb alignment=\u00a0\u00bbcenter\u00a0\u00bb css=\u00a0\u00bb.vc_custom_1767786483372{margin-top: 0px !important;margin-bottom: 0px !important;padding-top: 0px !important;padding-bottom: 0px !important;}\u00a0\u00bb el_class=\u00a0\u00bbmax-1100&Prime;][\/vc_column_inner][\/vc_row_inner][vc_row_inner gap=\u00a0\u00bb30&Prime; el_class=\u00a0\u00bbpNoMarginTop\u00a0\u00bb css=\u00a0\u00bb.vc_custom_1724687476229{padding-right: 0px !important;padding-left: 0px !important;border-color: #000000 !important;}\u00a0\u00bb][vc_column_inner css=\u00a0\u00bb.vc_custom_1724688543656{padding-top: 5px !important;padding-right: 0px !important;padding-left: 0px !important;}\u00a0\u00bb][vc_raw_html css=\u00a0\u00bb.vc_custom_1735914873631{margin-bottom: 0px !important;}\u00a0\u00bb]JTNDZGl2JTIwc3R5bGUlM0QlMjJ3aWR0aCUzQSUyMDEwMCUyNSUzQiUyMiUzRSUzQ2hyJTIwc3R5bGUlM0QlMjJ3aWR0aCUzQSUyMDUwcHglM0IlMjBjb2xvciUzQSUyMCUyMzAwYmFiMyUzQiUyMHRleHQtYWxpZ24lM0ElMjBsZWZ0JTNCJTIwZGlzcGxheSUzQSUyMGlubGluZS1ibG9jayUzQiUyMGJvcmRlci13aWR0aCUzQSUyMDAlMjAwJTIwMXB4JTIwMCUzQiUyMiUzRSUzQyUyRmRpdiUzRQ==[\/vc_raw_html][vc_column_text css=\u00a0\u00bb.vc_custom_1767786328215{margin-bottom: 0px !important;padding-bottom: 0px !important;}\u00a0\u00bb]<span style=\"font-size: 8pt;\"><sup>1<\/sup> Die rein gelegentlichen Zulagen und Verg\u00fctungen als auch die Gratifikationen und geldwerte Vorteile unterliegen der Krankenversicherung zu 2,80% (Arbeitgeberanteil) und 2,80% (Arbeitnehmeranteil).<br \/>\n<sup>2<\/sup> Der Einheitssatz von 0,65% wird mit einem Bonus-Malus Faktor multipliziert unter Ber\u00fccksichtigung der gezahlten Leistungen f\u00fcr Arbeitsunf\u00e4lle w\u00e4hrend eines bestimmten Beobachtungszeitraumes. Jeder Beitragende wird ein Informationsschreiben von der Unfallversicherungsbeh\u00f6rde (Association d\u2019assurance accident) \u00fcber seinen individuellen Beitragssatz f\u00fcr das Jahr 2026 erhalten.<br \/>\n<sup>3<\/sup> Vorbehaltlich der Annahme dieses Beitragssatzes durch die Generalversammlung des STI.<br \/>\n<sup>4<\/sup> 1,40 % des Bruttolohn nach Abzug eines Freibetrags von \u00bc des SLM f\u00fcr unqualifizierte Arbeitnehmer (675,93 \u20ac). Ein Arbeitnehmer der mindestens 150 Stunden\/Monat arbeitet hat Anspruch auf den gesamten Freibetrag.<\/span>[\/vc_column_text][vc_empty_space height=\u00a0\u00bb20px\u00a0\u00bb][\/vc_column_inner][\/vc_row_inner][vc_row_inner gap=\u00a0\u00bb30&Prime; el_class=\u00a0\u00bbpNoMarginTop\u00a0\u00bb css=\u00a0\u00bb.vc_custom_1724687476229{padding-right: 0px !important;padding-left: 0px !important;border-color: #000000 !important;}\u00a0\u00bb][vc_column_inner css=\u00a0\u00bb.vc_custom_1724688543656{padding-top: 5px !important;padding-right: 0px !important;padding-left: 0px !important;}\u00a0\u00bb][vc_column_text css=\u00a0\u00bb\u00a0\u00bb]<span style=\"font-size: 18pt; color: #00bab3;\"><strong><span style=\"font-family: carnac_bold, arial;\">MINDEST- UND MAXIMALE BEITRAGSGRENZEN FUR L\u00d6HNE UND GEH\u00c4LTER<\/span><\/strong><\/span>[\/vc_column_text][vc_single_image image=\u00a0\u00bb8893&Prime; img_size=\u00a0\u00bbfull\u00a0\u00bb alignment=\u00a0\u00bbcenter\u00a0\u00bb css=\u00a0\u00bb.vc_custom_1767786493928{margin-top: 0px !important;margin-bottom: 0px !important;padding-top: 0px !important;padding-bottom: 0px !important;}\u00a0\u00bb el_class=\u00a0\u00bbmax-1100&Prime;][vc_empty_space height=\u00a0\u00bb20px\u00a0\u00bb][\/vc_column_inner][\/vc_row_inner][vc_row_inner gap=\u00a0\u00bb30&Prime; el_class=\u00a0\u00bbpNoMarginTop\u00a0\u00bb css=\u00a0\u00bb.vc_custom_1724687476229{padding-right: 0px !important;padding-left: 0px !important;border-color: #000000 !important;}\u00a0\u00bb][vc_column_inner css=\u00a0\u00bb.vc_custom_1724688543656{padding-top: 5px !important;padding-right: 0px !important;padding-left: 0px !important;}\u00a0\u00bb][vc_column_text css=\u00a0\u00bb\u00a0\u00bb]<span style=\"font-size: 18pt; color: #00bab3;\"><strong><span style=\"font-family: carnac_bold, arial;\">VERG\u00dcTUNG F\u00dcR SCH\u00dcLER UND STUDENTEN<br \/>\nw\u00e4hrend den Schul-Semesterferien<\/span><\/strong><\/span>[\/vc_column_text][vc_single_image image=\u00a0\u00bb8894&Prime; img_size=\u00a0\u00bbfull\u00a0\u00bb alignment=\u00a0\u00bbcenter\u00a0\u00bb css=\u00a0\u00bb.vc_custom_1767786502708{margin-top: 0px !important;margin-bottom: 0px !important;padding-top: 0px !important;padding-bottom: 0px !important;}\u00a0\u00bb el_class=\u00a0\u00bbmax-1100&Prime;][vc_empty_space height=\u00a0\u00bb20px\u00a0\u00bb][\/vc_column_inner][\/vc_row_inner][vc_row_inner gap=\u00a0\u00bb30&Prime; el_class=\u00a0\u00bbpNoMarginTop\u00a0\u00bb css=\u00a0\u00bb.vc_custom_1724687476229{padding-right: 0px !important;padding-left: 0px !important;border-color: #000000 !important;}\u00a0\u00bb][vc_column_inner css=\u00a0\u00bb.vc_custom_1724688543656{padding-top: 5px !important;padding-right: 0px !important;padding-left: 0px !important;}\u00a0\u00bb][vc_column_text css=\u00a0\u00bb\u00a0\u00bb]<span style=\"font-size: 18pt; color: #00bab3;\"><strong><span style=\"font-family: carnac_bold, arial;\">VERG\u00dcTUNG DER PRAKTIKANTEN<\/span><\/strong><\/span>[\/vc_column_text][vc_single_image image=\u00a0\u00bb8895&Prime; img_size=\u00a0\u00bbfull\u00a0\u00bb alignment=\u00a0\u00bbcenter\u00a0\u00bb css=\u00a0\u00bb.vc_custom_1767786512093{margin-top: 0px !important;margin-bottom: 0px !important;padding-top: 0px !important;padding-bottom: 0px !important;}\u00a0\u00bb el_class=\u00a0\u00bbmax-1100&Prime;][\/vc_column_inner][\/vc_row_inner][vc_row_inner gap=\u00a0\u00bb30&Prime; el_class=\u00a0\u00bbpNoMarginTop\u00a0\u00bb css=\u00a0\u00bb.vc_custom_1724687476229{padding-right: 0px !important;padding-left: 0px !important;border-color: #000000 !important;}\u00a0\u00bb][vc_column_inner css=\u00a0\u00bb.vc_custom_1724688543656{padding-top: 5px !important;padding-right: 0px !important;padding-left: 0px !important;}\u00a0\u00bb][vc_raw_html css=\u00a0\u00bb.vc_custom_1735914873631{margin-bottom: 0px !important;}\u00a0\u00bb]JTNDZGl2JTIwc3R5bGUlM0QlMjJ3aWR0aCUzQSUyMDEwMCUyNSUzQiUyMiUzRSUzQ2hyJTIwc3R5bGUlM0QlMjJ3aWR0aCUzQSUyMDUwcHglM0IlMjBjb2xvciUzQSUyMCUyMzAwYmFiMyUzQiUyMHRleHQtYWxpZ24lM0ElMjBsZWZ0JTNCJTIwZGlzcGxheSUzQSUyMGlubGluZS1ibG9jayUzQiUyMGJvcmRlci13aWR0aCUzQSUyMDAlMjAwJTIwMXB4JTIwMCUzQiUyMiUzRSUzQyUyRmRpdiUzRQ==[\/vc_raw_html][vc_column_text css=\u00a0\u00bb.vc_custom_1767786265325{margin-bottom: 0px !important;padding-bottom: 0px !important;}\u00a0\u00bb]<span style=\"font-size: 8pt;\"><sup>1<\/sup> F\u00fcr Praktikanten, die einen ersten Zyklus einer Hochschule oder Universit\u00e4t erfolgreich abgeschlossen haben, gilt als Referenzlohn<br \/>\nder soziale Mindestlohn f\u00fcr qualifizierte Arbeitnehmer.<\/span>[\/vc_column_text][\/vc_column_inner][\/vc_row_inner][vc_empty_space height=\u00a0\u00bb60px\u00a0\u00bb][\/vc_column][vc_column width=\u00a0\u00bb1\/6&Prime;][\/vc_column][\/vc_row][vc_row css=\u00a0\u00bb.vc_custom_1724336624470{padding-bottom: 40px !important;background-color: #222D38 !important;}\u00a0\u00bb][vc_column width=\u00a0\u00bb1\/6&Prime;][\/vc_column][vc_column width=\u00a0\u00bb2\/3&Prime;][vc_raw_html css=\u00a0\u00bb\u00a0\u00bb]JTNDZGl2JTIwaWQlM0QlMjJsb2dvRm9vdGVyJTIyJTNFJTBBJTNDaW1nJTIwc3JjJTNEJTIyJTJGYmFrZXJ0aWxseSUyRndwLWNvbnRlbnQlMkZ0aGVtZXMlMkZwdGIlMkZhc3NldHMlMkZpbWclMkZsb2dvLnN2ZyUyMiUyRiUzRSUwQSUzQyUyRmRpdiUzRQ==[\/vc_raw_html][vc_separator color=\u00a0\u00bbwhite\u00a0\u00bb css=\u00a0\u00bb.vc_custom_1724336386313{margin-bottom: 0px !important;padding-right: 50px !important;padding-left: 50px !important;}\u00a0\u00bb][\/vc_column][vc_column width=\u00a0\u00bb1\/6&Prime; offset=\u00a0\u00bbvc_hidden-xs\u00a0\u00bb][vc_raw_html css=\u00a0\u00bb\u00a0\u00bb]JTNDZGl2JTIwaWQlM0QlMjJsb2dvR3JlYXRQbGFjZVRvV29yayUyMiUzRSUwQSUzQ2ltZyUyMHNyYyUzRCUyMiUyRmJha2VydGlsbHklMkZ3cC1jb250ZW50JTJGdGhlbWVzJTJGcHRiJTJGYXNzZXRzJTJGaW1nJTJGZ3JlYXQtcGxhY2UtdG8td29yay0yMDI2LnBuZyUyMiUyRiUzRSUwQSUzQyUyRmRpdiUzRQ==[\/vc_raw_html][\/vc_column][\/vc_row][vc_row css=\u00a0\u00bb.vc_custom_1724336420418{padding-top: 0px !important;background-color: #222D38 !important;}\u00a0\u00bb][vc_column width=\u00a0\u00bb1\/6&Prime; css=\u00a0\u00bb.vc_custom_1724336664503{padding-top: 0px !important;padding-right: 0px !important;padding-bottom: 0px !important;padding-left: 0px !important;}\u00a0\u00bb][\/vc_column][vc_column width=\u00a0\u00bb2\/3&Prime; css=\u00a0\u00bb.vc_custom_1724336415270{padding-top: 0px !important;}\u00a0\u00bb][vc_raw_html css=\u00a0\u00bb\u00a0\u00bb]JTNDdGFibGUlMjBpZCUzRCUyMnRhYmxlRm9vdGVyJTIyJTIwd2lkdGglM0QlMjIxMDAlMjUlMjIlMjBhbGlnbiUzRCUyMmNlbnRlciUyMiUzRSUwQSUwOSUzQ3RyJTNFJTBBJTA5JTA5JTNDdGQlM0UlMEElMDklMDklMDklM0N0YWJsZSUyMHdpZHRoJTNEJTIyMTAwJTI1JTIyJTIwc3R5bGUlM0QlMjJtYXgtd2lkdGglM0ExMDAlMjUlM0IlMjBtYXJnaW4lM0FhdXRvJTNCJTIwbXNvLWxpbmUtaGVpZ2h0LXJ1bGUlM0ElMjBleGFjdGx5JTNCJTIwLW1zLXRleHQtc2l6ZS1hZGp1c3QlM0ElMjAxMDAlMjUlM0IlMjIlM0UlMEElMDklMDklMDklMDklM0N0ciUzRSUwQSUwOSUwOSUwOSUwOSUwOSUzQ3RkJTNFJTBBJTA5JTA5JTA5JTA5JTA5JTA5JTNDdGFibGUlMjBpZCUzRCUyMmZvb3RlckFsbCUyMiUyMGNsYXNzJTNEJTIycm5iLWNvbHVtbnMtY29udGFpbmVyJTIyJTIwd2lkdGglM0QlMjIxMDAlMjUlMjIlMjBjZWxsc3BhY2luZyUzRCUyMjAlMjIlMjBjZWxscGFkZGluZyUzRCUyMjAlMjIlMjBib3JkZXIlM0QlMjIwJTIyJTNFJTBBJTA5JTA5JTA5JTA5JTA5JTA5JTA5JTNDdGJvZHklM0UlMEElMDklMDklMDklMDklMDklMDklMDklMDklM0N0ciUzRSUwQSUwOSUwOSUwOSUwOSUwOSUwOSUwOSUwOSUwOSUzQ3RkJTIwaWQlM0QlMjJmb290ZXJDb29yZCUyMiUyMGNsYXNzJTNEJTIycm5iLWZvcmNlLWNvbCUyMiUyMHZhbGlnbiUzRCUyMnRvcCUyMiUzRSUwQSUwOSUwOSUwOSUwOSUwOSUwOSUwOSUwOSUwOSUwOSUzQ3RhYmxlJTIwdmFsaWduJTNEJTIydG9wJTIyJTIwY2xhc3MlM0QlMjJybmItbGFzdC1jb2wtMiUyMiUyMHdpZHRoJTNEJTIyMjUwJTIyJTIwY2VsbHNwYWNpbmclM0QlMjIwJTIyJTIwY2VsbHBhZGRpbmclM0QlMjIwJTIyJTIwYm9yZGVyJTNEJTIyMCUyMiUyMGFsaWduJTNEJTIybGVmdCUyMiUzRSUwQSUwOSUwOSUwOSUwOSUwOSUwOSUwOSUwOSUwOSUwOSUwOSUzQ3Rib2R5JTNFJTBBJTA5JTA5JTA5JTA5JTA5JTA5JTA5JTA5JTA5JTA5JTA5JTA5JTNDdHIlM0UlMEElMDklMDklMDklMDklMDklMDklMDklMDklMDklMDklMDklMDklMDklM0N0ZCUyMGNsYXNzJTNEJTIycm5iLW1ibC1mbG9hdC1ub25lJTIyJTIwc3R5bGUlM0QlMjJjb2xvciUzQSUyM2ZmZmZmZiUzQmZsb2F0JTNBcmlnaHQlM0J3aWR0aCUzQTI1MHB4JTNCJTIwbGluZS1oZWlnaHQlM0ElMjAyMXB4JTNCJTIyJTNFJTBBJTA5JTA5JTA5JTA5JTA5JTA5JTA5JTA5JTA5JTA5JTA5JTA5JTA5JTA5JTNDZGl2JTNFJTBBJTA5JTA5JTA5JTA5JTA5JTA5JTA5JTA5JTA5JTA5JTA5JTA5JTA5JTA5JTA5JTNDdGFibGUlMjBzdHlsZSUzRCUyMndpZHRoJTNBJTIwMTAwJTI1JTNCJTIwbWluLXdpZHRoJTNBJTIwMjUwcHglM0IlMjBtYXgtd2lkdGglM0ElMjAxMDAlMjUlM0IlMjB0ZXh0LWFsaWduJTNBJTIwbGVmdCUzQiUyMiUzRSUwQSUwOSUwOSUwOSUwOSUwOSUwOSUwOSUwOSUwOSUwOSUwOSUwOSUwOSUwOSUwOSUwOSUzQ3Rib2R5JTNFJTBBJTA5JTA5JTA5JTA5JTA5JTA5JTA5JTA5JTA5JTA5JTA5JTA5JTA5JTA5JTA5JTA5JTA5JTNDdHIlM0UlMEElMDklMDklMDklMDklMDklMDklMDklMDklMDklMDklMDklMDklMDklMDklMDklMDklMDklMDklM0N0ZCUyMHN0eWxlJTNEJTIyY29sb3IlM0ElMjAlMjNmZmZmZmYlM0IlMjBwYWRkaW5nJTNBJTIwMTBweCUyMDVweCUzQiUyMiUzRSUwQSUwOSUwOSUwOSUwOSUwOSUwOSUwOSUwOSUwOSUwOSUwOSUwOSUwOSUwOSUwOSUwOSUwOSUwOSUwOSUzQ3NwYW4lMjBzdHlsZSUzRCUyMmNvbG9yJTNBJTIzZmZmZmZmJTNCJTIyJTNFJTBBJTA5JTA5JTA5JTA5JTA5JTA5JTA5JTA5JTA5JTA5JTA5JTA5JTA5JTA5JTA5JTA5JTA5JTA5JTA5JTA5NDUlMjBib3VsZXZhcmQlMjBkZXMlMjBTY2lsbGFzJTBBJTA5JTA5JTA5JTA5JTA5JTA5JTA5JTA5JTA5JTA5JTA5JTA5JTA5JTA5JTA5JTA5JTA5JTA5JTA5JTNDJTJGc3BhbiUzRSUwQSUwOSUwOSUwOSUwOSUwOSUwOSUwOSUwOSUwOSUwOSUwOSUwOSUwOSUwOSUwOSUwOSUwOSUwOSUzQyUyRnRkJTNFJTBBJTA5JTA5JTA5JTA5JTA5JTA5JTA5JTA5JTA5JTA5JTA5JTA5JTA5JTA5JTA5JTA5JTA5JTNDJTJGdHIlM0UlMEElMEElMDklMDklMDklMDklMDklMDklMDklMDklMDklMDklMDklMDklMDklMDklMDklMDklMDklM0N0ciUzRSUwQSUwOSUwOSUwOSUwOSUwOSUwOSUwOSUwOSUwOSUwOSUwOSUwOSUwOSUwOSUwOSUwOSUwOSUwOSUzQ3RkJTIwc3R5bGUlM0QlMjJjb2xvciUzQSUyMCUyM2ZmZmZmZiUzQiUyMHBhZGRpbmclM0ElMjAxMHB4JTIwNXB4JTNCJTIyJTNFJTBBJTA5JTA5JTA5JTA5JTA5JTA5JTA5JTA5JTA5JTA5JTA5JTA5JTA5JTA5JTA5JTA5JTA5JTA5JTA5JTNDc3BhbiUyMHN0eWxlJTNEJTIyY29sb3IlM0ElMjNmZmZmZmYlM0IlMjIlM0UlMEElMDklMDklMDklMDklMDklMDklMDklMDklMDklMDklMDklMDklMDklMDklMDklMDklMDklMDklMDklMDlMLTI1MjklMjBIb3dhbGQlMEElMDklMDklMDklMDklMDklMDklMDklMDklMDklMDklMDklMDklMDklMDklMDklMDklMDklMDklMDklM0MlMkZzcGFuJTNFJTBBJTA5JTA5JTA5JTA5JTA5JTA5JTA5JTA5JTA5JTA5JTA5JTA5JTA5JTA5JTA5JTA5JTA5JTA5JTNDJTJGdGQlM0UlMEElMDklMDklMDklMDklMDklMDklMDklMDklMDklMDklMDklMDklMDklMDklMDklMDklMDklM0MlMkZ0ciUzRSUwQSUwQSUwOSUwOSUwOSUwOSUwOSUwOSUwOSUwOSUwOSUwOSUwOSUwOSUwOSUwOSUwOSUwOSUwOSUzQ3RyJTNFJTBBJTA5JTA5JTA5JTA5JTA5JTA5JTA5JTA5JTA5JTA5JTA5JTA5JTA5JTA5JTA5JTA5JTA5JTA5JTNDdGQlMjBzdHlsZSUzRCUyMmNvbG9yJTNBJTIwJTIzZmZmZmZmJTNCJTIwcGFkZGluZyUzQSUyMDEwcHglMjA1cHglM0IlMjIlM0UlMEElMDklMDklMDklMDklMDklMDklMDklMDklMDklMDklMDklMDklMDklMDklMDklMDklMDklMDklMDklMDklM0NhJTIwaHJlZiUzRCUyMnRlbCUzQSUyQjM1MjQ3Njg0NzQwMCUyMiUyMHN0eWxlJTNEJTIydGV4dC1kZWNvcmF0aW9uJTNBJTIwbm9uZSUzQiUyMGNvbG9yJTNBJTIwcmdiJTI4NTYlMkMlMjA1OSUyQyUyMDYxJTI5JTNCJTIyJTNFJTBBJTA5JTA5JTA5JTA5JTA5JTA5JTA5JTA5JTA5JTA5JTA5JTA5JTA5JTA5JTA5JTA5JTA5JTA5JTA5JTA5JTA5JTNDc3BhbiUyMHN0eWxlJTNEJTIyY29sb3IlM0ElMjNmZmZmZmYlM0IlMjIlM0VUJTIwJTJCMzUyJTIwNDclMjA2OCUyMDQ3JTIwLSUyMDQwMCUzQyUyRnNwYW4lM0UlMEElMDklMDklMDklMDklMDklMDklMDklMDklMDklMDklMDklMDklMDklMDklMDklMDklMDklMDklMDklMDklM0MlMkZhJTNFJTBBJTA5JTA5JTA5JTA5JTA5JTA5JTA5JTA5JTA5JTA5JTA5JTA5JTA5JTA5JTA5JTA5JTA5JTA5JTNDJTJGdGQlM0UlMEElMDklMDklMDklMDklMDklMDklMDklMDklMDklMDklMDklMDklMDklMDklMDklMDklMDklM0MlMkZ0ciUzRSUwQSUwQSUwOSUwOSUwOSUwOSUwOSUwOSUwOSUwOSUwOSUwOSUwOSUwOSUwOSUwOSUwOSUwOSUwOSUzQ3RyJTNFJTBBJTA5JTA5JTA5JTA5JTA5JTA5JTA5JTA5JTA5JTA5JTA5JTA5JTA5JTA5JTA5JTA5JTA5JTA5JTNDdGQlMjBzdHlsZSUzRCUyMmNvbG9yJTNBJTIwJTIzZmZmZmZmJTNCJTIwcGFkZGluZyUzQSUyMDEwcHglMjA1cHglM0IlMjIlM0UlMEElMDklMDklMDklMDklMDklMDklMDklMDklMDklMDklMDklMDklMDklMDklMDklMDklMDklMDklMDklM0NzdHJvbmclM0UlMEElMDklMDklMDklMDklMDklMDklMDklMDklMDklMDklMDklMDklMDklMDklMDklMDklMDklMDklMDklMDklM0NhJTIwaHJlZiUzRCUyMmh0dHAlM0ElMkYlMkZ3d3cuYmFrZXJ0aWxseS5sdSUyRiUyMiUyMHN0eWxlJTNEJTIydGV4dC1kZWNvcmF0aW9uJTNBJTIwbm9uZSUzQiUyMGNvbG9yJTNBJTIwcmdiJTI4NTYlMkMlMjA1OSUyQyUyMDYxJTI5JTNCJTIyJTIwdGFyZ2V0JTNEJTIyX2JsYW5rJTIyJTNFJTBBJTA5JTA5JTA5JTA5JTA5JTA5JTA5JTA5JTA5JTA5JTA5JTA5JTA5JTA5JTA5JTA5JTA5JTA5JTA5JTA5JTA5JTNDc3BhbiUyMHN0eWxlJTNEJTIyY29sb3IlM0ElMjNmZmZmZmYlM0IlMjIlM0ViYWtlcnRpbGx5Lmx1JTNDJTJGc3BhbiUzRSUwQSUwOSUwOSUwOSUwOSUwOSUwOSUwOSUwOSUwOSUwOSUwOSUwOSUwOSUwOSUwOSUwOSUwOSUwOSUwOSUwOSUzQyUyRmElM0UlMEElMDklMDklMDklMDklMDklMDklMDklMDklMDklMDklMDklMDklMDklMDklMDklMDklMDklMDklMDklM0MlMkZzdHJvbmclM0UlMEElMDklMDklMDklMDklMDklMDklMDklMDklMDklMDklMDklMDklMDklMDklMDklMDklMDklMDklM0MlMkZ0ZCUzRSUwQSUwOSUwOSUwOSUwOSUwOSUwOSUwOSUwOSUwOSUwOSUwOSUwOSUwOSUwOSUwOSUwOSUwOSUzQyUyRnRyJTNFJTBBJTA5JTA5JTA5JTA5JTA5JTA5JTA5JTA5JTA5JTA5JTA5JTA5JTA5JTA5JTA5JTA5JTNDJTJGdGJvZHklM0UlMEElMDklMDklMDklMDklMDklMDklMDklMDklMDklMDklMDklMDklMDklMDklMDklM0MlMkZ0YWJsZSUzRSUwQSUwOSUwOSUwOSUwOSUwOSUwOSUwOSUwOSUwOSUwOSUwOSUwOSUwOSUwOSUzQyUyRmRpdiUzRSUwQSUwOSUwOSUwOSUwOSUwOSUwOSUwOSUwOSUwOSUwOSUwOSUwOSUwOSUzQyUyRnRkJTNFJTBBJTA5JTA5JTA5JTA5JTA5JTA5JTA5JTA5JTA5JTA5JTA5JTA5JTNDJTJGdHIlM0UlMEElMDklMDklMDklMDklMDklMDklMDklMDklMDklMDklMDklM0MlMkZ0Ym9keSUzRSUwQSUwOSUwOSUwOSUwOSUwOSUwOSUwOSUwOSUwOSUwOSUzQyUyRnRhYmxlJTNFJTBBJTA5JTA5JTA5JTA5JTA5JTA5JTA5JTA5JTA5JTNDJTJGdGQlM0UlMEElMEElMDklMDklMDklMDklMDklMDklMDklMDklMDklM0N0ZCUyMHN0eWxlJTNEJTIyZm9udC1zaXplJTNBJTIwMjRweCUzQiUyMGNvbG9yJTNBJTIwJTIzZmZmJTNCJTIwZm9udC13ZWlnaHQlM0ElMjA1MDAlM0IlMjBsZXR0ZXItc3BhY2luZyUzQSUyMDFweCUzQiUyMiUyMHZhbGlnbiUzRCUyMmJvdHRvbSUyMiUyMGFsaWduJTNEJTIycmlnaHQlMjIlM0UlMEElMDklMDklMDklMDklMDklMDklMDklMDklMDklMDklM0NkaXYlMjBpZCUzRCUyMmZvb3RlclNvY2lhbCUyMiUyMHN0eWxlJTNEJTIyJTIyJTNFJTBBJTA5JTA5JTA5JTA5JTA5JTA5JTA5JTA5JTA5JTA5JTA5JTNDYSUyMGhyZWYlM0QlMjJodHRwcyUzQSUyRiUyRnd3dy5saW5rZWRpbi5jb20lMkZjb21wYW55JTJGYmFrZXJsdXglMkYlMjIlMjB0YXJnZXQlM0QlMjJfYmxhbmslMjIlM0UlM0NpJTIwY2xhc3MlM0QlMjJmYS1icmFuZHMlMjBmYS1saW5rZWRpbi1pbiUyMiUzRSUzQyUyRmklM0UlM0MlMkZhJTNFJTBBJTA5JTA5JTA5JTA5JTA5JTA5JTA5JTA5JTA5JTA5JTA5JTNDYSUyMGhyZWYlM0QlMjJodHRwcyUzQSUyRiUyRnd3dy5pbnN0YWdyYW0uY29tJTJGYmFrZXJ0aWxseWx1eGVtYm91cmclMkYlMjIlMjB0YXJnZXQlM0QlMjJfYmxhbmslMjIlM0UlM0NpJTIwY2xhc3MlM0QlMjJmYS1icmFuZHMlMjBmYS1pbnN0YWdyYW0lMjIlM0UlM0MlMkZpJTNFJTNDJTJGYSUzRSUwQSUwOSUwOSUwOSUwOSUwOSUwOSUwOSUwOSUwOSUwOSUwOSUzQ2ElMjBocmVmJTNEJTIyaHR0cHMlM0ElMkYlMkZ4LmNvbSUyRkJha2VyTHV4ZW1ib3VyZyUyMiUyMHRhcmdldCUzRCUyMl9ibGFuayUyMiUzRSUzQ2klMjBjbGFzcyUzRCUyMmZhLWJyYW5kcyUyMGZhLXgtdHdpdHRlciUyMiUzRSUzQyUyRmklM0UlM0MlMkZhJTNFJTBBJTA5JTA5JTA5JTA5JTA5JTA5JTA5JTA5JTA5JTA5JTA5JTNDYSUyMGhyZWYlM0QlMjJodHRwcyUzQSUyRiUyRnd3dy5mYWNlYm9vay5jb20lMkZCYWtlckx1eCUyMiUyMHRhcmdldCUzRCUyMl9ibGFuayUyMiUzRSUzQ2klMjBjbGFzcyUzRCUyMmZhLWJyYW5kcyUyMGZhLWZhY2Vib29rLWYlMjIlM0UlM0MlMkZpJTNFJTNDJTJGYSUzRSUwQSUwOSUwOSUwOSUwOSUwOSUwOSUwOSUwOSUwOSUwOSUwOSUzQ2ElMjBocmVmJTNEJTIyaHR0cHMlM0ElMkYlMkZ3d3cueW91dHViZS5jb20lMkZjaGFubmVsJTJGVUNaMGJwQWU4REVOSVNjQ0tPcjdDN2FBJTIyJTIwdGFyZ2V0JTNEJTIyX2JsYW5rJTIyJTNFJTNDaSUyMGNsYXNzJTNEJTIyZmEtYnJhbmRzJTIwZmEteW91dHViZSUyMiUzRSUzQyUyRmklM0UlM0MlMkZhJTNFJTBBJTA5JTA5JTA5JTA5JTA5JTA5JTA5JTA5JTA5JTA5JTNDJTJGZGl2JTNFJTBBJTA5JTA5JTA5JTA5JTA5JTA5JTA5JTA5JTA5JTA5JTBBJTA5JTA5JTA5JTA5JTA5JTA5JTA5JTA5JTA5JTA5JTNDZGl2JTNFTm93JTJDJTIwZm9yJTIwdG9tb3Jyb3clM0MlMkZkaXYlM0UlMEElMDklMDklMDklMDklMDklMDklMDklMDklMDklM0MlMkZ0ZCUzRSUwQSUwOSUwOSUwOSUwOSUwOSUwOSUwOSUwOSUzQyUyRnRyJTNFJTBBJTA5JTA5JTA5JTA5JTA5JTA5JTA5JTNDJTJGdGJvZHklM0UlMEElMDklMDklMDklMDklMDklMDklM0MlMkZ0YWJsZSUzRSUwQSUwOSUwOSUwOSUwOSUwOSUzQyUyRnRkJTNFJTBBJTA5JTA5JTA5JTA5JTNDJTJGdHIlM0UlMEElMDklMDklMDklM0MlMkZ0YWJsZSUzRSUwQSUwOSUwOSUzQyUyRnRkJTNFJTBBJTA5JTNDJTJGdHIlM0UlMEElM0MlMkZ0YWJsZSUzRQ==[\/vc_raw_html][\/vc_column][vc_column width=\u00a0\u00bb1\/6&Prime;][\/vc_column][\/vc_row][vc_row][vc_column][vc_column_text][\/vc_column_text][\/vc_column][\/vc_row]<\/p>\n<\/div>","protected":false},"excerpt":{"rendered":"<p>[vc_row css=\u00a0\u00bb.vc_custom_1724372966601{margin-top: 0px !important;background-color: #FFFFFF !important;}\u00a0\u00bb][vc_column][vc_raw_html css=\u00a0\u00bb.vc_custom_1767786102280{margin-bottom: 10px !important;}\u00a0\u00bb]JTNDaGVhZGVyJTIwaWQlM0QlMjJsYW5ndWFnZXMlMjIlM0UlMEElMjAlMjAlMjAlMjAlM0NhJTIwaHJlZiUzRCUyMmh0dHBzJTNBJTJGJTJGcHRiLm92aCUyRmJha2VydGlsbHklMkZiYWtlcnRpbGx5LW5ld3NsZXR0ZXItMDctMDEtMjAyNi1wYXJhbWV0cmVzLXNvY2lhdXgtYXUtMDEtMDEtMjAyNi1mciUyRiUyMiUyMGNsYXNzJTNEJTIyc3dpdGNoZXItbGFuZ3VhZ2UlMjIlM0UlMEElMjAlMjAlMjAlMjAlMjAlMjAlMjAlMjBGciUwQSUyMCUyMCUyMCUyMCUzQyUyRmElM0UlMEElMjAlMjAlMjAlMjAlM0NhJTIwaHJlZiUzRCUyMmh0dHBzJTNBJTJGJTJGcHRiLm92aCUyRmJha2VydGlsbHklMkZiYWtlcnRpbGx5LW5ld3NsZXR0ZXItMDctMDEtMjAyNi1wYXJhbWV0cmVzLXNvY2lhdXgtYXUtMDEtMDEtMjAyNi1lbiUyRiUyMiUyMGNsYXNzJTNEJTIyc3dpdGNoZXItbGFuZ3VhZ2UlMjIlM0UlMEElMjAlMjAlMjAlMjAlMjAlMjAlMjAlMjBFbiUwQSUyMCUyMCUyMCUyMCUzQyUyRmElM0UlMEElMjAlMjAlMjAlMjAlM0NhJTIwaHJlZiUzRCUyMmh0dHBzJTNBJTJGJTJGcHRiLm92aCUyRmJha2VydGlsbHklMkZiYWtlcnRpbGx5LW5ld3NsZXR0ZXItMDctMDEtMjAyNi1wYXJhbWV0cmVzLXNvY2lhdXgtYXUtMDEtMDEtMjAyNi1kZSUyRiUyMiUyMGNsYXNzJTNEJTIyc3dpdGNoZXItbGFuZ3VhZ2UlMjBhY3RpdmUlMjIlM0UlMEElMjAlMjAlMjAlMjAlMjAlMjAlMjAlMjBEZSUwQSUyMCUyMCUyMCUyMCUzQyUyRmElM0UlMEElM0MlMkZoZWFkZXIlM0U=[\/vc_raw_html][\/vc_column][\/vc_row][vc_row css=\u00a0\u00bb.vc_custom_1724372966601{margin-top: 0px !important;background-color: #FFFFFF !important;}\u00a0\u00bb][vc_column][vc_raw_html css=\u00a0\u00bb.vc_custom_1726760013532{margin-bottom: 10px !important;}\u00a0\u00bb]JTNDaGVhZGVyJTIwaWQlM0QlMjJoZWFkZXIyMDI0U2VtaW5haXJlJTIyJTNFJTBBJTNDZGl2JTIwaWQlM0QlMjJsb2dvSGVhZGVyJTIyJTNFJTBBJTNDaW1nJTIwc3JjJTNEJTIyJTJGYmFrZXJ0aWxseSUyRndwLWNvbnRlbnQlMkZ0aGVtZXMlMkZwdGIlMkZhc3NldHMlMkZpbWclMkZsb2dvLWJsYWNrLnBuZyUyMiUyRiUzRSUwQSUzQyUyRmRpdiUzRSUwQSUzQ2RpdiUyMHN0eWxlJTNEJTIydGV4dC1hbGlnbiUzQSUyMHJpZ2h0JTNCJTIyJTNFJTBBJTNDc3BhbiUyMHN0eWxlJTNEJTIyZm9udC1zaXplJTNBJTIwNDJweCUzQiUyMGNvbG9yJTNBJTIzMmIzMDNhJTNCJTIwZm9udC1mYW1pbHklM0ElMjBDYXJuYWNCb2xkJTIyJTNFTmV3c2xldHRlciUzQyUyRnNwYW4lM0UlMEElM0MlMkZkaXYlMEElM0MlMkZoZWFkZXIlM0U=[\/vc_raw_html][\/vc_column][\/vc_row][vc_row css=\u00a0\u00bb.vc_custom_1726761067408{margin-bottom: 60px !important;}\u00a0\u00bb][vc_column][vc_single_image image=\u00a0\u00bb8897&Prime; img_size=\u00a0\u00bbfull\u00a0\u00bb alignment=\u00a0\u00bbcenter\u00a0\u00bb css=\u00a0\u00bb.vc_custom_1767794944097{margin-bottom: 0px !important;}\u00a0\u00bb][vc_row_inner css=\u00a0\u00bb.vc_custom_1735912780555{margin-top: 0px !important;padding-top: 20px !important;padding-right: 30px !important;padding-bottom: 40px !important;padding-left: 30px !important;background-color: #00BAB3 !important;}\u00a0\u00bb el_id=\u00a0\u00bbtitleHeader\u00a0\u00bb][vc_column_inner width=\u00a0\u00bb1\/6&Prime;][\/vc_column_inner][vc_column_inner width=\u00a0\u00bb2\/3&Prime;][vc_column_text css=\u00a0\u00bb.vc_custom_1767786135576{margin-top: 0px !important;margin-bottom: 0px !important;padding-top: 0px !important;padding-bottom: 0px !important;}\u00a0\u00bb]ANWENDBARE SOZIALPARAMETER AB DEM 01.01.2026 [&hellip;]<\/p>\n","protected":false},"author":2,"featured_media":0,"parent":0,"menu_order":0,"comment_status":"closed","ping_status":"closed","template":"","meta":{"footnotes":""},"class_list":["post-8887","page","type-page","status-publish","hentry"],"_links":{"self":[{"href":"https:\/\/ptb.ovh\/bakertilly\/wp-json\/wp\/v2\/pages\/8887"}],"collection":[{"href":"https:\/\/ptb.ovh\/bakertilly\/wp-json\/wp\/v2\/pages"}],"about":[{"href":"https:\/\/ptb.ovh\/bakertilly\/wp-json\/wp\/v2\/types\/page"}],"author":[{"embeddable":true,"href":"https:\/\/ptb.ovh\/bakertilly\/wp-json\/wp\/v2\/users\/2"}],"replies":[{"embeddable":true,"href":"https:\/\/ptb.ovh\/bakertilly\/wp-json\/wp\/v2\/comments?post=8887"}],"version-history":[{"count":4,"href":"https:\/\/ptb.ovh\/bakertilly\/wp-json\/wp\/v2\/pages\/8887\/revisions"}],"predecessor-version":[{"id":8900,"href":"https:\/\/ptb.ovh\/bakertilly\/wp-json\/wp\/v2\/pages\/8887\/revisions\/8900"}],"wp:attachment":[{"href":"https:\/\/ptb.ovh\/bakertilly\/wp-json\/wp\/v2\/media?parent=8887"}],"curies":[{"name":"wp","href":"https:\/\/api.w.org\/{rel}","templated":true}]}}