{"id":8858,"date":"2026-01-07T12:03:24","date_gmt":"2026-01-07T11:03:24","guid":{"rendered":"https:\/\/ptb.ovh\/bakertilly\/?page_id=8858"},"modified":"2026-01-07T15:08:16","modified_gmt":"2026-01-07T14:08:16","slug":"bakertilly-newsletter-07-01-2026-parametres-sociaux-au-01-01-2026-fr","status":"publish","type":"page","link":"https:\/\/ptb.ovh\/bakertilly\/bakertilly-newsletter-07-01-2026-parametres-sociaux-au-01-01-2026-fr\/","title":{"rendered":"BAKERTILLY &#8211; Newsletter &#8211; 07\/01\/2026 &#8211; Param\u00e8tres sociaux au 01.01.2026 &#8211; FR"},"content":{"rendered":"<div class=\"wpb-content-wrapper\"><p>[vc_row css=\u00a0\u00bb.vc_custom_1724372966601{margin-top: 0px !important;background-color: #FFFFFF !important;}\u00a0\u00bb][vc_column][vc_raw_html css=\u00a0\u00bb.vc_custom_1767783830382{margin-bottom: 10px !important;}\u00a0\u00bb]JTNDaGVhZGVyJTIwaWQlM0QlMjJsYW5ndWFnZXMlMjIlM0UlMEElMjAlMjAlMjAlMjAlM0NhJTIwaHJlZiUzRCUyMmh0dHBzJTNBJTJGJTJGcHRiLm92aCUyRmJha2VydGlsbHklMkZiYWtlcnRpbGx5LW5ld3NsZXR0ZXItMDctMDEtMjAyNi1wYXJhbWV0cmVzLXNvY2lhdXgtYXUtMDEtMDEtMjAyNi1mciUyRiUyMiUyMGNsYXNzJTNEJTIyc3dpdGNoZXItbGFuZ3VhZ2UlMjBhY3RpdmUlMjIlM0UlMEElMjAlMjAlMjAlMjAlMjAlMjAlMjAlMjBGciUwQSUyMCUyMCUyMCUyMCUzQyUyRmElM0UlMEElMjAlMjAlMjAlMjAlM0NhJTIwaHJlZiUzRCUyMmh0dHBzJTNBJTJGJTJGcHRiLm92aCUyRmJha2VydGlsbHklMkZiYWtlcnRpbGx5LW5ld3NsZXR0ZXItMDctMDEtMjAyNi1wYXJhbWV0cmVzLXNvY2lhdXgtYXUtMDEtMDEtMjAyNi1lbiUyRiUyMiUyMGNsYXNzJTNEJTIyc3dpdGNoZXItbGFuZ3VhZ2UlMjIlM0UlMEElMjAlMjAlMjAlMjAlMjAlMjAlMjAlMjBFbiUwQSUyMCUyMCUyMCUyMCUzQyUyRmElM0UlMEElMjAlMjAlMjAlMjAlM0NhJTIwaHJlZiUzRCUyMmh0dHBzJTNBJTJGJTJGcHRiLm92aCUyRmJha2VydGlsbHklMkZiYWtlcnRpbGx5LW5ld3NsZXR0ZXItMDctMDEtMjAyNi1wYXJhbWV0cmVzLXNvY2lhdXgtYXUtMDEtMDEtMjAyNi1kZSUyRiUyMiUyMGNsYXNzJTNEJTIyc3dpdGNoZXItbGFuZ3VhZ2UlMjIlM0UlMEElMjAlMjAlMjAlMjAlMjAlMjAlMjAlMjBEZSUwQSUyMCUyMCUyMCUyMCUzQyUyRmElM0UlMEElM0MlMkZoZWFkZXIlM0U=[\/vc_raw_html][\/vc_column][\/vc_row][vc_row css=\u00a0\u00bb.vc_custom_1724372966601{margin-top: 0px !important;background-color: #FFFFFF !important;}\u00a0\u00bb][vc_column][vc_raw_html css=\u00a0\u00bb.vc_custom_1726760013532{margin-bottom: 10px !important;}\u00a0\u00bb]JTNDaGVhZGVyJTIwaWQlM0QlMjJoZWFkZXIyMDI0U2VtaW5haXJlJTIyJTNFJTBBJTNDZGl2JTIwaWQlM0QlMjJsb2dvSGVhZGVyJTIyJTNFJTBBJTNDaW1nJTIwc3JjJTNEJTIyJTJGYmFrZXJ0aWxseSUyRndwLWNvbnRlbnQlMkZ0aGVtZXMlMkZwdGIlMkZhc3NldHMlMkZpbWclMkZsb2dvLWJsYWNrLnBuZyUyMiUyRiUzRSUwQSUzQyUyRmRpdiUzRSUwQSUzQ2RpdiUyMHN0eWxlJTNEJTIydGV4dC1hbGlnbiUzQSUyMHJpZ2h0JTNCJTIyJTNFJTBBJTNDc3BhbiUyMHN0eWxlJTNEJTIyZm9udC1zaXplJTNBJTIwNDJweCUzQiUyMGNvbG9yJTNBJTIzMmIzMDNhJTNCJTIwZm9udC1mYW1pbHklM0ElMjBDYXJuYWNCb2xkJTIyJTNFTmV3c2xldHRlciUzQyUyRnNwYW4lM0UlMEElM0MlMkZkaXYlMEElM0MlMkZoZWFkZXIlM0U=[\/vc_raw_html][\/vc_column][\/vc_row][vc_row css=\u00a0\u00bb.vc_custom_1726761067408{margin-bottom: 60px !important;}\u00a0\u00bb][vc_column][vc_single_image image=\u00a0\u00bb8897&Prime; img_size=\u00a0\u00bbfull\u00a0\u00bb alignment=\u00a0\u00bbcenter\u00a0\u00bb css=\u00a0\u00bb.vc_custom_1767794895543{margin-bottom: 0px !important;}\u00a0\u00bb][vc_row_inner css=\u00a0\u00bb.vc_custom_1735912780555{margin-top: 0px !important;padding-top: 20px !important;padding-right: 30px !important;padding-bottom: 40px !important;padding-left: 30px !important;background-color: #00BAB3 !important;}\u00a0\u00bb el_id=\u00a0\u00bbtitleHeader\u00a0\u00bb][vc_column_inner width=\u00a0\u00bb1\/6&Prime;][\/vc_column_inner][vc_column_inner width=\u00a0\u00bb2\/3&Prime;][vc_column_text css=\u00a0\u00bb.vc_custom_1767783861603{margin-top: 0px !important;margin-bottom: 0px !important;padding-top: 0px !important;padding-bottom: 0px !important;}\u00a0\u00bb]<span style=\"font-size: 40px; color: #ffffff;\"><strong class=\"CarnacBold\">PARAM\u00c8TRES SOCIAUX AU<br \/>\n01.01.2026<\/strong><\/span><br \/>\n<span style=\"color: #ffffff; font-size: 36px;\">Indice : 968,04<\/span>[\/vc_column_text][vc_empty_space height=\u00a0\u00bb40px\u00a0\u00bb][\/vc_column_inner][vc_column_inner width=\u00a0\u00bb1\/6&Prime;][\/vc_column_inner][\/vc_row_inner][\/vc_column][\/vc_row][vc_row el_class=\u00a0\u00bbtext\u00a0\u00bb][vc_column width=\u00a0\u00bb1\/6&Prime;][\/vc_column][vc_column width=\u00a0\u00bb2\/3&Prime; css=\u00a0\u00bb.vc_custom_1724688536298{padding-top: 0px !important;}\u00a0\u00bb][vc_row_inner gap=\u00a0\u00bb30&Prime; el_class=\u00a0\u00bbpNoMarginTop\u00a0\u00bb css=\u00a0\u00bb.vc_custom_1724687476229{padding-right: 0px !important;padding-left: 0px !important;border-color: #000000 !important;}\u00a0\u00bb][vc_column_inner css=\u00a0\u00bb.vc_custom_1724688543656{padding-top: 5px !important;padding-right: 0px !important;padding-left: 0px !important;}\u00a0\u00bb][vc_column_text css=\u00a0\u00bb\u00a0\u00bb]<span style=\"font-size: 18pt; color: #00bab3;\"><strong><span style=\"font-family: carnac_bold, arial;\">SALAIRE SOCIAL MINIMUM (SSM)<\/span><\/strong><\/span><br \/>\n279,30 \u20ac \u00e0 l\u2019indice 100[\/vc_column_text][vc_single_image image=\u00a0\u00bb8863&Prime; img_size=\u00a0\u00bbfull\u00a0\u00bb alignment=\u00a0\u00bbcenter\u00a0\u00bb css=\u00a0\u00bb.vc_custom_1767784772782{margin-top: 0px !important;margin-bottom: 0px !important;padding-top: 0px !important;padding-bottom: 0px !important;}\u00a0\u00bb el_class=\u00a0\u00bbmax-1100&Prime;][vc_empty_space height=\u00a0\u00bb20px\u00a0\u00bb][\/vc_column_inner][\/vc_row_inner][vc_row_inner gap=\u00a0\u00bb30&Prime; el_class=\u00a0\u00bbpNoMarginTop\u00a0\u00bb css=\u00a0\u00bb.vc_custom_1724687476229{padding-right: 0px !important;padding-left: 0px !important;border-color: #000000 !important;}\u00a0\u00bb][vc_column_inner css=\u00a0\u00bb.vc_custom_1724688543656{padding-top: 5px !important;padding-right: 0px !important;padding-left: 0px !important;}\u00a0\u00bb][vc_column_text css=\u00a0\u00bb\u00a0\u00bb]<span style=\"font-size: 18pt; color: #00bab3;\"><strong><span style=\"font-family: carnac_bold, arial;\">COTISATIONS DE S\u00c9CURIT\u00c9 SOCIALE<\/span><\/strong><\/span>[\/vc_column_text][vc_single_image image=\u00a0\u00bb8864&Prime; img_size=\u00a0\u00bbfull\u00a0\u00bb alignment=\u00a0\u00bbcenter\u00a0\u00bb css=\u00a0\u00bb.vc_custom_1767784778038{margin-top: 0px !important;margin-bottom: 0px !important;padding-top: 0px !important;padding-bottom: 0px !important;}\u00a0\u00bb el_class=\u00a0\u00bbmax-1100&Prime;][\/vc_column_inner][\/vc_row_inner][vc_row_inner gap=\u00a0\u00bb30&Prime; el_class=\u00a0\u00bbpNoMarginTop\u00a0\u00bb css=\u00a0\u00bb.vc_custom_1724687476229{padding-right: 0px !important;padding-left: 0px !important;border-color: #000000 !important;}\u00a0\u00bb][vc_column_inner css=\u00a0\u00bb.vc_custom_1724688543656{padding-top: 5px !important;padding-right: 0px !important;padding-left: 0px !important;}\u00a0\u00bb][vc_raw_html css=\u00a0\u00bb.vc_custom_1735914873631{margin-bottom: 0px !important;}\u00a0\u00bb]JTNDZGl2JTIwc3R5bGUlM0QlMjJ3aWR0aCUzQSUyMDEwMCUyNSUzQiUyMiUzRSUzQ2hyJTIwc3R5bGUlM0QlMjJ3aWR0aCUzQSUyMDUwcHglM0IlMjBjb2xvciUzQSUyMCUyMzAwYmFiMyUzQiUyMHRleHQtYWxpZ24lM0ElMjBsZWZ0JTNCJTIwZGlzcGxheSUzQSUyMGlubGluZS1ibG9jayUzQiUyMGJvcmRlci13aWR0aCUzQSUyMDAlMjAwJTIwMXB4JTIwMCUzQiUyMiUzRSUzQyUyRmRpdiUzRQ==[\/vc_raw_html][vc_column_text css=\u00a0\u00bb.vc_custom_1767783921426{margin-bottom: 0px !important;padding-bottom: 0px !important;}\u00a0\u00bb]<span style=\"font-size: 8pt;\"><sup>1<\/sup> Les allocations et indemnit\u00e9s purement occasionnelles ainsi que les gratifications et les avantages en nature sont cotisables en mati\u00e8re d\u2019assurance maladie au taux de 2,80 % (part employeur) et 2,80 % (part salariale).<br \/>\n<sup>2<\/sup> Le taux de cotisation unique de 0,65 % est multipli\u00e9 par un facteur bonus\/malus en fonction des prestations pour les accidents du travail vers\u00e9es durant une p\u00e9riode d\u2019observation d\u00e9termin\u00e9e. Chaque cotisant recevra une lettre d\u2019information de l\u2019Association d\u2019assurance accident indiquant son taux de cotisation individuel pour l\u2019ann\u00e9e 2026.<br \/>\n<sup>3<\/sup> Sous r\u00e9serve de l&rsquo;adoption de ce taux par l&rsquo;assembl\u00e9e g\u00e9n\u00e9rale du STI.<br \/>\n<sup>4<\/sup> 1,40 % de la r\u00e9mun\u00e9ration brute apr\u00e8s d\u00e9duction d\u2019un abattement de \u00bc du SSM pour salari\u00e9 non qualifi\u00e9 (675,93 \u20ac). Un salari\u00e9 travaillant au moins 150 h\/mois a droit \u00e0 l\u2019abattement int\u00e9gral.[\/vc_column_text][vc_empty_space height=\u00a0\u00bb20px\u00a0\u00bb][\/vc_column_inner][\/vc_row_inner][vc_row_inner gap=\u00a0\u00bb30&Prime; el_class=\u00a0\u00bbpNoMarginTop\u00a0\u00bb css=\u00a0\u00bb.vc_custom_1724687476229{padding-right: 0px !important;padding-left: 0px !important;border-color: #000000 !important;}\u00a0\u00bb][vc_column_inner css=\u00a0\u00bb.vc_custom_1724688543656{padding-top: 5px !important;padding-right: 0px !important;padding-left: 0px !important;}\u00a0\u00bb][vc_column_text css=\u00a0\u00bb\u00a0\u00bb]<span style=\"font-size: 18pt; color: #00bab3;\"><strong><span style=\"font-family: carnac_bold, arial;\">MINIMA ET MAXIMA COTISABLES<\/span><\/strong><\/span>[\/vc_column_text][vc_single_image image=\u00a0\u00bb8865&Prime; img_size=\u00a0\u00bbfull\u00a0\u00bb alignment=\u00a0\u00bbcenter\u00a0\u00bb css=\u00a0\u00bb.vc_custom_1767784785884{margin-top: 0px !important;margin-bottom: 0px !important;padding-top: 0px !important;padding-bottom: 0px !important;}\u00a0\u00bb el_class=\u00a0\u00bbmax-1100&Prime;][vc_empty_space height=\u00a0\u00bb20px\u00a0\u00bb][\/vc_column_inner][\/vc_row_inner][vc_row_inner gap=\u00a0\u00bb30&Prime; el_class=\u00a0\u00bbpNoMarginTop\u00a0\u00bb css=\u00a0\u00bb.vc_custom_1724687476229{padding-right: 0px !important;padding-left: 0px !important;border-color: #000000 !important;}\u00a0\u00bb][vc_column_inner css=\u00a0\u00bb.vc_custom_1724688543656{padding-top: 5px !important;padding-right: 0px !important;padding-left: 0px !important;}\u00a0\u00bb][vc_column_text css=\u00a0\u00bb\u00a0\u00bb]<span style=\"font-size: 18pt; color: #00bab3;\"><strong><span style=\"font-family: carnac_bold, arial;\">R\u00c9MUN\u00c9RATION DE L\u2019\u00c9L\u00c8VE ET DE L\u2019\u00c9TUDIANT<br \/>\npendant les vacances scolaires<\/span><\/strong><\/span>[\/vc_column_text][vc_single_image image=\u00a0\u00bb8866&Prime; img_size=\u00a0\u00bbfull\u00a0\u00bb alignment=\u00a0\u00bbcenter\u00a0\u00bb css=\u00a0\u00bb.vc_custom_1767784789407{margin-top: 0px !important;margin-bottom: 0px !important;padding-top: 0px !important;padding-bottom: 0px !important;}\u00a0\u00bb el_class=\u00a0\u00bbmax-1100&Prime;][vc_empty_space height=\u00a0\u00bb20px\u00a0\u00bb][\/vc_column_inner][\/vc_row_inner][vc_row_inner gap=\u00a0\u00bb30&Prime; el_class=\u00a0\u00bbpNoMarginTop\u00a0\u00bb css=\u00a0\u00bb.vc_custom_1724687476229{padding-right: 0px !important;padding-left: 0px !important;border-color: #000000 !important;}\u00a0\u00bb][vc_column_inner css=\u00a0\u00bb.vc_custom_1724688543656{padding-top: 5px !important;padding-right: 0px !important;padding-left: 0px !important;}\u00a0\u00bb][vc_column_text css=\u00a0\u00bb\u00a0\u00bb]<span style=\"font-size: 18pt; color: #00bab3;\"><strong><span style=\"font-family: carnac_bold, arial;\">INDEMNISATION DES STAGIAIRES<\/span><\/strong><\/span>[\/vc_column_text][vc_single_image image=\u00a0\u00bb8867&Prime; img_size=\u00a0\u00bbfull\u00a0\u00bb alignment=\u00a0\u00bbcenter\u00a0\u00bb css=\u00a0\u00bb.vc_custom_1767784793138{margin-top: 0px !important;margin-bottom: 0px !important;padding-top: 0px !important;padding-bottom: 0px !important;}\u00a0\u00bb el_class=\u00a0\u00bbmax-1100&Prime;][\/vc_column_inner][\/vc_row_inner][vc_row_inner gap=\u00a0\u00bb30&Prime; el_class=\u00a0\u00bbpNoMarginTop\u00a0\u00bb css=\u00a0\u00bb.vc_custom_1724687476229{padding-right: 0px !important;padding-left: 0px !important;border-color: #000000 !important;}\u00a0\u00bb][vc_column_inner css=\u00a0\u00bb.vc_custom_1724688543656{padding-top: 5px !important;padding-right: 0px !important;padding-left: 0px !important;}\u00a0\u00bb][vc_raw_html css=\u00a0\u00bb.vc_custom_1735914873631{margin-bottom: 0px !important;}\u00a0\u00bb]JTNDZGl2JTIwc3R5bGUlM0QlMjJ3aWR0aCUzQSUyMDEwMCUyNSUzQiUyMiUzRSUzQ2hyJTIwc3R5bGUlM0QlMjJ3aWR0aCUzQSUyMDUwcHglM0IlMjBjb2xvciUzQSUyMCUyMzAwYmFiMyUzQiUyMHRleHQtYWxpZ24lM0ElMjBsZWZ0JTNCJTIwZGlzcGxheSUzQSUyMGlubGluZS1ibG9jayUzQiUyMGJvcmRlci13aWR0aCUzQSUyMDAlMjAwJTIwMXB4JTIwMCUzQiUyMiUzRSUzQyUyRmRpdiUzRQ==[\/vc_raw_html][vc_column_text css=\u00a0\u00bb.vc_custom_1767784529419{margin-bottom: 0px !important;padding-bottom: 0px !important;}\u00a0\u00bb]<span style=\"font-size: 8pt;\"><sup>1<\/sup> Pour les stagiaires qui ont valid\u00e9 un 1<sup>er<\/sup> cycle de l\u2019enseignement sup\u00e9rieur ou universitaire, le salaire de r\u00e9f\u00e9rence correspond au SSM pour salari\u00e9s qualifi\u00e9s<\/span>[\/vc_column_text][\/vc_column_inner][\/vc_row_inner][vc_empty_space height=\u00a0\u00bb60px\u00a0\u00bb][\/vc_column][vc_column width=\u00a0\u00bb1\/6&Prime;][\/vc_column][\/vc_row][vc_row css=\u00a0\u00bb.vc_custom_1724336624470{padding-bottom: 40px !important;background-color: #222D38 !important;}\u00a0\u00bb][vc_column width=\u00a0\u00bb1\/6&Prime;][\/vc_column][vc_column width=\u00a0\u00bb2\/3&Prime;][vc_raw_html css=\u00a0\u00bb\u00a0\u00bb]JTNDZGl2JTIwaWQlM0QlMjJsb2dvRm9vdGVyJTIyJTNFJTBBJTNDaW1nJTIwc3JjJTNEJTIyJTJGYmFrZXJ0aWxseSUyRndwLWNvbnRlbnQlMkZ0aGVtZXMlMkZwdGIlMkZhc3NldHMlMkZpbWclMkZsb2dvLnN2ZyUyMiUyRiUzRSUwQSUzQyUyRmRpdiUzRQ==[\/vc_raw_html][vc_separator color=\u00a0\u00bbwhite\u00a0\u00bb css=\u00a0\u00bb.vc_custom_1724336386313{margin-bottom: 0px !important;padding-right: 50px !important;padding-left: 50px !important;}\u00a0\u00bb][\/vc_column][vc_column width=\u00a0\u00bb1\/6&Prime; offset=\u00a0\u00bbvc_hidden-xs\u00a0\u00bb][vc_raw_html css=\u00a0\u00bb\u00a0\u00bb]JTNDZGl2JTIwaWQlM0QlMjJsb2dvR3JlYXRQbGFjZVRvV29yayUyMiUzRSUwQSUzQ2ltZyUyMHNyYyUzRCUyMiUyRmJha2VydGlsbHklMkZ3cC1jb250ZW50JTJGdGhlbWVzJTJGcHRiJTJGYXNzZXRzJTJGaW1nJTJGZ3JlYXQtcGxhY2UtdG8td29yay0yMDI2LnBuZyUyMiUyRiUzRSUwQSUzQyUyRmRpdiUzRQ==[\/vc_raw_html][\/vc_column][\/vc_row][vc_row css=\u00a0\u00bb.vc_custom_1724336420418{padding-top: 0px !important;background-color: #222D38 !important;}\u00a0\u00bb][vc_column width=\u00a0\u00bb1\/6&Prime; css=\u00a0\u00bb.vc_custom_1724336664503{padding-top: 0px !important;padding-right: 0px !important;padding-bottom: 0px !important;padding-left: 0px !important;}\u00a0\u00bb][\/vc_column][vc_column width=\u00a0\u00bb2\/3&Prime; css=\u00a0\u00bb.vc_custom_1724336415270{padding-top: 0px !important;}\u00a0\u00bb][vc_raw_html css=\u00a0\u00bb\u00a0\u00bb]JTNDdGFibGUlMjBpZCUzRCUyMnRhYmxlRm9vdGVyJTIyJTIwd2lkdGglM0QlMjIxMDAlMjUlMjIlMjBhbGlnbiUzRCUyMmNlbnRlciUyMiUzRSUwQSUwOSUzQ3RyJTNFJTBBJTA5JTA5JTNDdGQlM0UlMEElMDklMDklMDklM0N0YWJsZSUyMHdpZHRoJTNEJTIyMTAwJTI1JTIyJTIwc3R5bGUlM0QlMjJtYXgtd2lkdGglM0ExMDAlMjUlM0IlMjBtYXJnaW4lM0FhdXRvJTNCJTIwbXNvLWxpbmUtaGVpZ2h0LXJ1bGUlM0ElMjBleGFjdGx5JTNCJTIwLW1zLXRleHQtc2l6ZS1hZGp1c3QlM0ElMjAxMDAlMjUlM0IlMjIlM0UlMEElMDklMDklMDklMDklM0N0ciUzRSUwQSUwOSUwOSUwOSUwOSUwOSUzQ3RkJTNFJTBBJTA5JTA5JTA5JTA5JTA5JTA5JTNDdGFibGUlMjBpZCUzRCUyMmZvb3RlckFsbCUyMiUyMGNsYXNzJTNEJTIycm5iLWNvbHVtbnMtY29udGFpbmVyJTIyJTIwd2lkdGglM0QlMjIxMDAlMjUlMjIlMjBjZWxsc3BhY2luZyUzRCUyMjAlMjIlMjBjZWxscGFkZGluZyUzRCUyMjAlMjIlMjBib3JkZXIlM0QlMjIwJTIyJTNFJTBBJTA5JTA5JTA5JTA5JTA5JTA5JTA5JTNDdGJvZHklM0UlMEElMDklMDklMDklMDklMDklMDklMDklMDklM0N0ciUzRSUwQSUwOSUwOSUwOSUwOSUwOSUwOSUwOSUwOSUwOSUzQ3RkJTIwaWQlM0QlMjJmb290ZXJDb29yZCUyMiUyMGNsYXNzJTNEJTIycm5iLWZvcmNlLWNvbCUyMiUyMHZhbGlnbiUzRCUyMnRvcCUyMiUzRSUwQSUwOSUwOSUwOSUwOSUwOSUwOSUwOSUwOSUwOSUwOSUzQ3RhYmxlJTIwdmFsaWduJTNEJTIydG9wJTIyJTIwY2xhc3MlM0QlMjJybmItbGFzdC1jb2wtMiUyMiUyMHdpZHRoJTNEJTIyMjUwJTIyJTIwY2VsbHNwYWNpbmclM0QlMjIwJTIyJTIwY2VsbHBhZGRpbmclM0QlMjIwJTIyJTIwYm9yZGVyJTNEJTIyMCUyMiUyMGFsaWduJTNEJTIybGVmdCUyMiUzRSUwQSUwOSUwOSUwOSUwOSUwOSUwOSUwOSUwOSUwOSUwOSUwOSUzQ3Rib2R5JTNFJTBBJTA5JTA5JTA5JTA5JTA5JTA5JTA5JTA5JTA5JTA5JTA5JTA5JTNDdHIlM0UlMEElMDklMDklMDklMDklMDklMDklMDklMDklMDklMDklMDklMDklMDklM0N0ZCUyMGNsYXNzJTNEJTIycm5iLW1ibC1mbG9hdC1ub25lJTIyJTIwc3R5bGUlM0QlMjJjb2xvciUzQSUyM2ZmZmZmZiUzQmZsb2F0JTNBcmlnaHQlM0J3aWR0aCUzQTI1MHB4JTNCJTIwbGluZS1oZWlnaHQlM0ElMjAyMXB4JTNCJTIyJTNFJTBBJTA5JTA5JTA5JTA5JTA5JTA5JTA5JTA5JTA5JTA5JTA5JTA5JTA5JTA5JTNDZGl2JTNFJTBBJTA5JTA5JTA5JTA5JTA5JTA5JTA5JTA5JTA5JTA5JTA5JTA5JTA5JTA5JTA5JTNDdGFibGUlMjBzdHlsZSUzRCUyMndpZHRoJTNBJTIwMTAwJTI1JTNCJTIwbWluLXdpZHRoJTNBJTIwMjUwcHglM0IlMjBtYXgtd2lkdGglM0ElMjAxMDAlMjUlM0IlMjB0ZXh0LWFsaWduJTNBJTIwbGVmdCUzQiUyMiUzRSUwQSUwOSUwOSUwOSUwOSUwOSUwOSUwOSUwOSUwOSUwOSUwOSUwOSUwOSUwOSUwOSUwOSUzQ3Rib2R5JTNFJTBBJTA5JTA5JTA5JTA5JTA5JTA5JTA5JTA5JTA5JTA5JTA5JTA5JTA5JTA5JTA5JTA5JTA5JTNDdHIlM0UlMEElMDklMDklMDklMDklMDklMDklMDklMDklMDklMDklMDklMDklMDklMDklMDklMDklMDklMDklM0N0ZCUyMHN0eWxlJTNEJTIyY29sb3IlM0ElMjAlMjNmZmZmZmYlM0IlMjBwYWRkaW5nJTNBJTIwMTBweCUyMDVweCUzQiUyMiUzRSUwQSUwOSUwOSUwOSUwOSUwOSUwOSUwOSUwOSUwOSUwOSUwOSUwOSUwOSUwOSUwOSUwOSUwOSUwOSUwOSUzQ3NwYW4lMjBzdHlsZSUzRCUyMmNvbG9yJTNBJTIzZmZmZmZmJTNCJTIyJTNFJTBBJTA5JTA5JTA5JTA5JTA5JTA5JTA5JTA5JTA5JTA5JTA5JTA5JTA5JTA5JTA5JTA5JTA5JTA5JTA5JTA5NDUlMjBib3VsZXZhcmQlMjBkZXMlMjBTY2lsbGFzJTBBJTA5JTA5JTA5JTA5JTA5JTA5JTA5JTA5JTA5JTA5JTA5JTA5JTA5JTA5JTA5JTA5JTA5JTA5JTA5JTNDJTJGc3BhbiUzRSUwQSUwOSUwOSUwOSUwOSUwOSUwOSUwOSUwOSUwOSUwOSUwOSUwOSUwOSUwOSUwOSUwOSUwOSUwOSUzQyUyRnRkJTNFJTBBJTA5JTA5JTA5JTA5JTA5JTA5JTA5JTA5JTA5JTA5JTA5JTA5JTA5JTA5JTA5JTA5JTA5JTNDJTJGdHIlM0UlMEElMEElMDklMDklMDklMDklMDklMDklMDklMDklMDklMDklMDklMDklMDklMDklMDklMDklMDklM0N0ciUzRSUwQSUwOSUwOSUwOSUwOSUwOSUwOSUwOSUwOSUwOSUwOSUwOSUwOSUwOSUwOSUwOSUwOSUwOSUwOSUzQ3RkJTIwc3R5bGUlM0QlMjJjb2xvciUzQSUyMCUyM2ZmZmZmZiUzQiUyMHBhZGRpbmclM0ElMjAxMHB4JTIwNXB4JTNCJTIyJTNFJTBBJTA5JTA5JTA5JTA5JTA5JTA5JTA5JTA5JTA5JTA5JTA5JTA5JTA5JTA5JTA5JTA5JTA5JTA5JTA5JTNDc3BhbiUyMHN0eWxlJTNEJTIyY29sb3IlM0ElMjNmZmZmZmYlM0IlMjIlM0UlMEElMDklMDklMDklMDklMDklMDklMDklMDklMDklMDklMDklMDklMDklMDklMDklMDklMDklMDklMDklMDlMLTI1MjklMjBIb3dhbGQlMEElMDklMDklMDklMDklMDklMDklMDklMDklMDklMDklMDklMDklMDklMDklMDklMDklMDklMDklMDklM0MlMkZzcGFuJTNFJTBBJTA5JTA5JTA5JTA5JTA5JTA5JTA5JTA5JTA5JTA5JTA5JTA5JTA5JTA5JTA5JTA5JTA5JTA5JTNDJTJGdGQlM0UlMEElMDklMDklMDklMDklMDklMDklMDklMDklMDklMDklMDklMDklMDklMDklMDklMDklMDklM0MlMkZ0ciUzRSUwQSUwQSUwOSUwOSUwOSUwOSUwOSUwOSUwOSUwOSUwOSUwOSUwOSUwOSUwOSUwOSUwOSUwOSUwOSUzQ3RyJTNFJTBBJTA5JTA5JTA5JTA5JTA5JTA5JTA5JTA5JTA5JTA5JTA5JTA5JTA5JTA5JTA5JTA5JTA5JTA5JTNDdGQlMjBzdHlsZSUzRCUyMmNvbG9yJTNBJTIwJTIzZmZmZmZmJTNCJTIwcGFkZGluZyUzQSUyMDEwcHglMjA1cHglM0IlMjIlM0UlMEElMDklMDklMDklMDklMDklMDklMDklMDklMDklMDklMDklMDklMDklMDklMDklMDklMDklMDklMDklMDklM0NhJTIwaHJlZiUzRCUyMnRlbCUzQSUyQjM1MjQ3Njg0NzQwMCUyMiUyMHN0eWxlJTNEJTIydGV4dC1kZWNvcmF0aW9uJTNBJTIwbm9uZSUzQiUyMGNvbG9yJTNBJTIwcmdiJTI4NTYlMkMlMjA1OSUyQyUyMDYxJTI5JTNCJTIyJTNFJTBBJTA5JTA5JTA5JTA5JTA5JTA5JTA5JTA5JTA5JTA5JTA5JTA5JTA5JTA5JTA5JTA5JTA5JTA5JTA5JTA5JTA5JTNDc3BhbiUyMHN0eWxlJTNEJTIyY29sb3IlM0ElMjNmZmZmZmYlM0IlMjIlM0VUJTIwJTJCMzUyJTIwNDclMjA2OCUyMDQ3JTIwLSUyMDQwMCUzQyUyRnNwYW4lM0UlMEElMDklMDklMDklMDklMDklMDklMDklMDklMDklMDklMDklMDklMDklMDklMDklMDklMDklMDklMDklMDklM0MlMkZhJTNFJTBBJTA5JTA5JTA5JTA5JTA5JTA5JTA5JTA5JTA5JTA5JTA5JTA5JTA5JTA5JTA5JTA5JTA5JTA5JTNDJTJGdGQlM0UlMEElMDklMDklMDklMDklMDklMDklMDklMDklMDklMDklMDklMDklMDklMDklMDklMDklMDklM0MlMkZ0ciUzRSUwQSUwQSUwOSUwOSUwOSUwOSUwOSUwOSUwOSUwOSUwOSUwOSUwOSUwOSUwOSUwOSUwOSUwOSUwOSUzQ3RyJTNFJTBBJTA5JTA5JTA5JTA5JTA5JTA5JTA5JTA5JTA5JTA5JTA5JTA5JTA5JTA5JTA5JTA5JTA5JTA5JTNDdGQlMjBzdHlsZSUzRCUyMmNvbG9yJTNBJTIwJTIzZmZmZmZmJTNCJTIwcGFkZGluZyUzQSUyMDEwcHglMjA1cHglM0IlMjIlM0UlMEElMDklMDklMDklMDklMDklMDklMDklMDklMDklMDklMDklMDklMDklMDklMDklMDklMDklMDklMDklM0NzdHJvbmclM0UlMEElMDklMDklMDklMDklMDklMDklMDklMDklMDklMDklMDklMDklMDklMDklMDklMDklMDklMDklMDklMDklM0NhJTIwaHJlZiUzRCUyMmh0dHAlM0ElMkYlMkZ3d3cuYmFrZXJ0aWxseS5sdSUyRiUyMiUyMHN0eWxlJTNEJTIydGV4dC1kZWNvcmF0aW9uJTNBJTIwbm9uZSUzQiUyMGNvbG9yJTNBJTIwcmdiJTI4NTYlMkMlMjA1OSUyQyUyMDYxJTI5JTNCJTIyJTIwdGFyZ2V0JTNEJTIyX2JsYW5rJTIyJTNFJTBBJTA5JTA5JTA5JTA5JTA5JTA5JTA5JTA5JTA5JTA5JTA5JTA5JTA5JTA5JTA5JTA5JTA5JTA5JTA5JTA5JTA5JTNDc3BhbiUyMHN0eWxlJTNEJTIyY29sb3IlM0ElMjNmZmZmZmYlM0IlMjIlM0ViYWtlcnRpbGx5Lmx1JTNDJTJGc3BhbiUzRSUwQSUwOSUwOSUwOSUwOSUwOSUwOSUwOSUwOSUwOSUwOSUwOSUwOSUwOSUwOSUwOSUwOSUwOSUwOSUwOSUwOSUzQyUyRmElM0UlMEElMDklMDklMDklMDklMDklMDklMDklMDklMDklMDklMDklMDklMDklMDklMDklMDklMDklMDklMDklM0MlMkZzdHJvbmclM0UlMEElMDklMDklMDklMDklMDklMDklMDklMDklMDklMDklMDklMDklMDklMDklMDklMDklMDklMDklM0MlMkZ0ZCUzRSUwQSUwOSUwOSUwOSUwOSUwOSUwOSUwOSUwOSUwOSUwOSUwOSUwOSUwOSUwOSUwOSUwOSUwOSUzQyUyRnRyJTNFJTBBJTA5JTA5JTA5JTA5JTA5JTA5JTA5JTA5JTA5JTA5JTA5JTA5JTA5JTA5JTA5JTA5JTNDJTJGdGJvZHklM0UlMEElMDklMDklMDklMDklMDklMDklMDklMDklMDklMDklMDklMDklMDklMDklMDklM0MlMkZ0YWJsZSUzRSUwQSUwOSUwOSUwOSUwOSUwOSUwOSUwOSUwOSUwOSUwOSUwOSUwOSUwOSUwOSUzQyUyRmRpdiUzRSUwQSUwOSUwOSUwOSUwOSUwOSUwOSUwOSUwOSUwOSUwOSUwOSUwOSUwOSUzQyUyRnRkJTNFJTBBJTA5JTA5JTA5JTA5JTA5JTA5JTA5JTA5JTA5JTA5JTA5JTA5JTNDJTJGdHIlM0UlMEElMDklMDklMDklMDklMDklMDklMDklMDklMDklMDklMDklM0MlMkZ0Ym9keSUzRSUwQSUwOSUwOSUwOSUwOSUwOSUwOSUwOSUwOSUwOSUwOSUzQyUyRnRhYmxlJTNFJTBBJTA5JTA5JTA5JTA5JTA5JTA5JTA5JTA5JTA5JTNDJTJGdGQlM0UlMEElMEElMDklMDklMDklMDklMDklMDklMDklMDklMDklM0N0ZCUyMHN0eWxlJTNEJTIyZm9udC1zaXplJTNBJTIwMjRweCUzQiUyMGNvbG9yJTNBJTIwJTIzZmZmJTNCJTIwZm9udC13ZWlnaHQlM0ElMjA1MDAlM0IlMjBsZXR0ZXItc3BhY2luZyUzQSUyMDFweCUzQiUyMiUyMHZhbGlnbiUzRCUyMmJvdHRvbSUyMiUyMGFsaWduJTNEJTIycmlnaHQlMjIlM0UlMEElMDklMDklMDklMDklMDklMDklMDklMDklMDklMDklM0NkaXYlMjBpZCUzRCUyMmZvb3RlclNvY2lhbCUyMiUyMHN0eWxlJTNEJTIyJTIyJTNFJTBBJTA5JTA5JTA5JTA5JTA5JTA5JTA5JTA5JTA5JTA5JTA5JTNDYSUyMGhyZWYlM0QlMjJodHRwcyUzQSUyRiUyRnd3dy5saW5rZWRpbi5jb20lMkZjb21wYW55JTJGYmFrZXJsdXglMkYlMjIlMjB0YXJnZXQlM0QlMjJfYmxhbmslMjIlM0UlM0NpJTIwY2xhc3MlM0QlMjJmYS1icmFuZHMlMjBmYS1saW5rZWRpbi1pbiUyMiUzRSUzQyUyRmklM0UlM0MlMkZhJTNFJTBBJTA5JTA5JTA5JTA5JTA5JTA5JTA5JTA5JTA5JTA5JTA5JTNDYSUyMGhyZWYlM0QlMjJodHRwcyUzQSUyRiUyRnd3dy5pbnN0YWdyYW0uY29tJTJGYmFrZXJ0aWxseWx1eGVtYm91cmclMkYlMjIlMjB0YXJnZXQlM0QlMjJfYmxhbmslMjIlM0UlM0NpJTIwY2xhc3MlM0QlMjJmYS1icmFuZHMlMjBmYS1pbnN0YWdyYW0lMjIlM0UlM0MlMkZpJTNFJTNDJTJGYSUzRSUwQSUwOSUwOSUwOSUwOSUwOSUwOSUwOSUwOSUwOSUwOSUwOSUzQ2ElMjBocmVmJTNEJTIyaHR0cHMlM0ElMkYlMkZ4LmNvbSUyRkJha2VyTHV4ZW1ib3VyZyUyMiUyMHRhcmdldCUzRCUyMl9ibGFuayUyMiUzRSUzQ2klMjBjbGFzcyUzRCUyMmZhLWJyYW5kcyUyMGZhLXgtdHdpdHRlciUyMiUzRSUzQyUyRmklM0UlM0MlMkZhJTNFJTBBJTA5JTA5JTA5JTA5JTA5JTA5JTA5JTA5JTA5JTA5JTA5JTNDYSUyMGhyZWYlM0QlMjJodHRwcyUzQSUyRiUyRnd3dy5mYWNlYm9vay5jb20lMkZCYWtlckx1eCUyMiUyMHRhcmdldCUzRCUyMl9ibGFuayUyMiUzRSUzQ2klMjBjbGFzcyUzRCUyMmZhLWJyYW5kcyUyMGZhLWZhY2Vib29rLWYlMjIlM0UlM0MlMkZpJTNFJTNDJTJGYSUzRSUwQSUwOSUwOSUwOSUwOSUwOSUwOSUwOSUwOSUwOSUwOSUwOSUzQ2ElMjBocmVmJTNEJTIyaHR0cHMlM0ElMkYlMkZ3d3cueW91dHViZS5jb20lMkZjaGFubmVsJTJGVUNaMGJwQWU4REVOSVNjQ0tPcjdDN2FBJTIyJTIwdGFyZ2V0JTNEJTIyX2JsYW5rJTIyJTNFJTNDaSUyMGNsYXNzJTNEJTIyZmEtYnJhbmRzJTIwZmEteW91dHViZSUyMiUzRSUzQyUyRmklM0UlM0MlMkZhJTNFJTBBJTA5JTA5JTA5JTA5JTA5JTA5JTA5JTA5JTA5JTA5JTNDJTJGZGl2JTNFJTBBJTA5JTA5JTA5JTA5JTA5JTA5JTA5JTA5JTA5JTA5JTBBJTA5JTA5JTA5JTA5JTA5JTA5JTA5JTA5JTA5JTA5JTNDZGl2JTNFTm93JTJDJTIwZm9yJTIwdG9tb3Jyb3clM0MlMkZkaXYlM0UlMEElMDklMDklMDklMDklMDklMDklMDklMDklMDklM0MlMkZ0ZCUzRSUwQSUwOSUwOSUwOSUwOSUwOSUwOSUwOSUwOSUzQyUyRnRyJTNFJTBBJTA5JTA5JTA5JTA5JTA5JTA5JTA5JTNDJTJGdGJvZHklM0UlMEElMDklMDklMDklMDklMDklMDklM0MlMkZ0YWJsZSUzRSUwQSUwOSUwOSUwOSUwOSUwOSUzQyUyRnRkJTNFJTBBJTA5JTA5JTA5JTA5JTNDJTJGdHIlM0UlMEElMDklMDklMDklM0MlMkZ0YWJsZSUzRSUwQSUwOSUwOSUzQyUyRnRkJTNFJTBBJTA5JTNDJTJGdHIlM0UlMEElM0MlMkZ0YWJsZSUzRQ==[\/vc_raw_html][\/vc_column][vc_column width=\u00a0\u00bb1\/6&Prime;][\/vc_column][\/vc_row][vc_row][vc_column][vc_column_text]<\/span>[\/vc_column_text][\/vc_column][\/vc_row]<\/p>\n<\/div>","protected":false},"excerpt":{"rendered":"<p>[vc_row css=\u00a0\u00bb.vc_custom_1724372966601{margin-top: 0px !important;background-color: #FFFFFF !important;}\u00a0\u00bb][vc_column][vc_raw_html css=\u00a0\u00bb.vc_custom_1767783830382{margin-bottom: 10px !important;}\u00a0\u00bb]JTNDaGVhZGVyJTIwaWQlM0QlMjJsYW5ndWFnZXMlMjIlM0UlMEElMjAlMjAlMjAlMjAlM0NhJTIwaHJlZiUzRCUyMmh0dHBzJTNBJTJGJTJGcHRiLm92aCUyRmJha2VydGlsbHklMkZiYWtlcnRpbGx5LW5ld3NsZXR0ZXItMDctMDEtMjAyNi1wYXJhbWV0cmVzLXNvY2lhdXgtYXUtMDEtMDEtMjAyNi1mciUyRiUyMiUyMGNsYXNzJTNEJTIyc3dpdGNoZXItbGFuZ3VhZ2UlMjBhY3RpdmUlMjIlM0UlMEElMjAlMjAlMjAlMjAlMjAlMjAlMjAlMjBGciUwQSUyMCUyMCUyMCUyMCUzQyUyRmElM0UlMEElMjAlMjAlMjAlMjAlM0NhJTIwaHJlZiUzRCUyMmh0dHBzJTNBJTJGJTJGcHRiLm92aCUyRmJha2VydGlsbHklMkZiYWtlcnRpbGx5LW5ld3NsZXR0ZXItMDctMDEtMjAyNi1wYXJhbWV0cmVzLXNvY2lhdXgtYXUtMDEtMDEtMjAyNi1lbiUyRiUyMiUyMGNsYXNzJTNEJTIyc3dpdGNoZXItbGFuZ3VhZ2UlMjIlM0UlMEElMjAlMjAlMjAlMjAlMjAlMjAlMjAlMjBFbiUwQSUyMCUyMCUyMCUyMCUzQyUyRmElM0UlMEElMjAlMjAlMjAlMjAlM0NhJTIwaHJlZiUzRCUyMmh0dHBzJTNBJTJGJTJGcHRiLm92aCUyRmJha2VydGlsbHklMkZiYWtlcnRpbGx5LW5ld3NsZXR0ZXItMDctMDEtMjAyNi1wYXJhbWV0cmVzLXNvY2lhdXgtYXUtMDEtMDEtMjAyNi1kZSUyRiUyMiUyMGNsYXNzJTNEJTIyc3dpdGNoZXItbGFuZ3VhZ2UlMjIlM0UlMEElMjAlMjAlMjAlMjAlMjAlMjAlMjAlMjBEZSUwQSUyMCUyMCUyMCUyMCUzQyUyRmElM0UlMEElM0MlMkZoZWFkZXIlM0U=[\/vc_raw_html][\/vc_column][\/vc_row][vc_row css=\u00a0\u00bb.vc_custom_1724372966601{margin-top: 0px !important;background-color: #FFFFFF !important;}\u00a0\u00bb][vc_column][vc_raw_html css=\u00a0\u00bb.vc_custom_1726760013532{margin-bottom: 10px !important;}\u00a0\u00bb]JTNDaGVhZGVyJTIwaWQlM0QlMjJoZWFkZXIyMDI0U2VtaW5haXJlJTIyJTNFJTBBJTNDZGl2JTIwaWQlM0QlMjJsb2dvSGVhZGVyJTIyJTNFJTBBJTNDaW1nJTIwc3JjJTNEJTIyJTJGYmFrZXJ0aWxseSUyRndwLWNvbnRlbnQlMkZ0aGVtZXMlMkZwdGIlMkZhc3NldHMlMkZpbWclMkZsb2dvLWJsYWNrLnBuZyUyMiUyRiUzRSUwQSUzQyUyRmRpdiUzRSUwQSUzQ2RpdiUyMHN0eWxlJTNEJTIydGV4dC1hbGlnbiUzQSUyMHJpZ2h0JTNCJTIyJTNFJTBBJTNDc3BhbiUyMHN0eWxlJTNEJTIyZm9udC1zaXplJTNBJTIwNDJweCUzQiUyMGNvbG9yJTNBJTIzMmIzMDNhJTNCJTIwZm9udC1mYW1pbHklM0ElMjBDYXJuYWNCb2xkJTIyJTNFTmV3c2xldHRlciUzQyUyRnNwYW4lM0UlMEElM0MlMkZkaXYlMEElM0MlMkZoZWFkZXIlM0U=[\/vc_raw_html][\/vc_column][\/vc_row][vc_row css=\u00a0\u00bb.vc_custom_1726761067408{margin-bottom: 60px !important;}\u00a0\u00bb][vc_column][vc_single_image image=\u00a0\u00bb8897&Prime; img_size=\u00a0\u00bbfull\u00a0\u00bb alignment=\u00a0\u00bbcenter\u00a0\u00bb css=\u00a0\u00bb.vc_custom_1767794895543{margin-bottom: 0px !important;}\u00a0\u00bb][vc_row_inner css=\u00a0\u00bb.vc_custom_1735912780555{margin-top: 0px !important;padding-top: 20px !important;padding-right: 30px !important;padding-bottom: 40px !important;padding-left: 30px !important;background-color: #00BAB3 !important;}\u00a0\u00bb el_id=\u00a0\u00bbtitleHeader\u00a0\u00bb][vc_column_inner width=\u00a0\u00bb1\/6&Prime;][\/vc_column_inner][vc_column_inner width=\u00a0\u00bb2\/3&Prime;][vc_column_text css=\u00a0\u00bb.vc_custom_1767783861603{margin-top: 0px !important;margin-bottom: 0px !important;padding-top: 0px !important;padding-bottom: 0px !important;}\u00a0\u00bb]PARAM\u00c8TRES SOCIAUX AU 01.01.2026 Indice [&hellip;]<\/p>\n","protected":false},"author":2,"featured_media":0,"parent":0,"menu_order":0,"comment_status":"closed","ping_status":"closed","template":"","meta":{"footnotes":""},"class_list":["post-8858","page","type-page","status-publish","hentry"],"_links":{"self":[{"href":"https:\/\/ptb.ovh\/bakertilly\/wp-json\/wp\/v2\/pages\/8858"}],"collection":[{"href":"https:\/\/ptb.ovh\/bakertilly\/wp-json\/wp\/v2\/pages"}],"about":[{"href":"https:\/\/ptb.ovh\/bakertilly\/wp-json\/wp\/v2\/types\/page"}],"author":[{"embeddable":true,"href":"https:\/\/ptb.ovh\/bakertilly\/wp-json\/wp\/v2\/users\/2"}],"replies":[{"embeddable":true,"href":"https:\/\/ptb.ovh\/bakertilly\/wp-json\/wp\/v2\/comments?post=8858"}],"version-history":[{"count":11,"href":"https:\/\/ptb.ovh\/bakertilly\/wp-json\/wp\/v2\/pages\/8858\/revisions"}],"predecessor-version":[{"id":8898,"href":"https:\/\/ptb.ovh\/bakertilly\/wp-json\/wp\/v2\/pages\/8858\/revisions\/8898"}],"wp:attachment":[{"href":"https:\/\/ptb.ovh\/bakertilly\/wp-json\/wp\/v2\/media?parent=8858"}],"curies":[{"name":"wp","href":"https:\/\/api.w.org\/{rel}","templated":true}]}}