{"id":7903,"date":"2025-01-04T12:11:02","date_gmt":"2025-01-04T11:11:02","guid":{"rendered":"https:\/\/ptb.ovh\/bakertilly\/?page_id=7903"},"modified":"2025-01-06T17:39:17","modified_gmt":"2025-01-06T16:39:17","slug":"bakertilly-newsletter-06-01-2025-hr-news-mesures-fiscales-fr","status":"publish","type":"page","link":"https:\/\/ptb.ovh\/bakertilly\/bakertilly-newsletter-06-01-2025-hr-news-mesures-fiscales-fr\/","title":{"rendered":"BAKERTILLY &#8211; Newsletter &#8211; 06\/01\/2025 &#8211; HR NEWS : Mesures fiscales &#8211; FR"},"content":{"rendered":"<div class=\"wpb-content-wrapper\"><p>[vc_row css=\u00a0\u00bb.vc_custom_1724372966601{margin-top: 0px !important;background-color: #FFFFFF !important;}\u00a0\u00bb][vc_column][vc_raw_html css=\u00a0\u00bb.vc_custom_1735989093071{margin-bottom: 10px !important;}\u00a0\u00bb]JTNDaGVhZGVyJTIwaWQlM0QlMjJsYW5ndWFnZXMlMjIlM0UlMEElMjAlMjAlMjAlMjAlM0NhJTIwaHJlZiUzRCUyMmh0dHBzJTNBJTJGJTJGcHRiLm92aCUyRmJha2VydGlsbHklMkZiYWtlcnRpbGx5LW5ld3NsZXR0ZXItMDYtMDEtMjAyNS1oci1uZXdzLW1lc3VyZXMtZmlzY2FsZXMtZnIlMkYlMjIlMjBjbGFzcyUzRCUyMnN3aXRjaGVyLWxhbmd1YWdlJTIwYWN0aXZlJTIyJTNFJTBBJTIwJTIwJTIwJTIwJTIwJTIwJTIwJTIwRnIlMEElMjAlMjAlMjAlMjAlM0MlMkZhJTNFJTBBJTIwJTIwJTIwJTIwJTNDYSUyMGhyZWYlM0QlMjJodHRwcyUzQSUyRiUyRnB0Yi5vdmglMkZiYWtlcnRpbGx5JTJGYmFrZXJ0aWxseS1uZXdzbGV0dGVyLTA2LTAxLTIwMjUtaHItbmV3cy1tZXN1cmVzLWZpc2NhbGVzLWVuJTJGJTIyJTIwY2xhc3MlM0QlMjJzd2l0Y2hlci1sYW5ndWFnZSUyMiUzRSUwQSUyMCUyMCUyMCUyMCUyMCUyMCUyMCUyMEVuJTBBJTIwJTIwJTIwJTIwJTNDJTJGYSUzRSUwQSUzQyUyRmhlYWRlciUzRQ==[\/vc_raw_html][\/vc_column][\/vc_row][vc_row css=\u00a0\u00bb.vc_custom_1724372966601{margin-top: 0px !important;background-color: #FFFFFF !important;}\u00a0\u00bb][vc_column][vc_raw_html css=\u00a0\u00bb.vc_custom_1726760013532{margin-bottom: 10px !important;}\u00a0\u00bb]JTNDaGVhZGVyJTIwaWQlM0QlMjJoZWFkZXIyMDI0U2VtaW5haXJlJTIyJTNFJTBBJTNDZGl2JTIwaWQlM0QlMjJsb2dvSGVhZGVyJTIyJTNFJTBBJTNDaW1nJTIwc3JjJTNEJTIyJTJGYmFrZXJ0aWxseSUyRndwLWNvbnRlbnQlMkZ0aGVtZXMlMkZwdGIlMkZhc3NldHMlMkZpbWclMkZsb2dvLWJsYWNrLnBuZyUyMiUyRiUzRSUwQSUzQyUyRmRpdiUzRSUwQSUzQ2RpdiUyMHN0eWxlJTNEJTIydGV4dC1hbGlnbiUzQSUyMHJpZ2h0JTNCJTIyJTNFJTBBJTNDc3BhbiUyMHN0eWxlJTNEJTIyZm9udC1zaXplJTNBJTIwNDJweCUzQiUyMGNvbG9yJTNBJTIzMmIzMDNhJTNCJTIwZm9udC1mYW1pbHklM0ElMjBDYXJuYWNCb2xkJTIyJTNFTmV3c2xldHRlciUzQyUyRnNwYW4lM0UlMEElM0MlMkZkaXYlMEElM0MlMkZoZWFkZXIlM0U=[\/vc_raw_html][\/vc_column][\/vc_row][vc_row css=\u00a0\u00bb.vc_custom_1726761067408{margin-bottom: 60px !important;}\u00a0\u00bb][vc_column][vc_single_image image=\u00a0\u00bb7906&Prime; img_size=\u00a0\u00bbfull\u00a0\u00bb alignment=\u00a0\u00bbcenter\u00a0\u00bb css=\u00a0\u00bb.vc_custom_1735989451344{margin-bottom: 0px !important;}\u00a0\u00bb][vc_row_inner css=\u00a0\u00bb.vc_custom_1735912780555{margin-top: 0px !important;padding-top: 20px !important;padding-right: 30px !important;padding-bottom: 40px !important;padding-left: 30px !important;background-color: #00BAB3 !important;}\u00a0\u00bb el_id=\u00a0\u00bbtitleHeader\u00a0\u00bb][vc_column_inner width=\u00a0\u00bb1\/6&Prime;][\/vc_column_inner][vc_column_inner width=\u00a0\u00bb2\/3&Prime;][vc_column_text css=\u00a0\u00bb.vc_custom_1735989110267{margin-top: 0px !important;margin-bottom: 0px !important;padding-top: 0px !important;padding-bottom: 0px !important;}\u00a0\u00bb]<span style=\"font-size: 40px; color: #ffffff;\"><strong class=\"CarnacBold\">HR NEWS :<br \/>\nMesures fiscales<\/strong><\/span>[\/vc_column_text][vc_empty_space height=\u00a0\u00bb40px\u00a0\u00bb][\/vc_column_inner][vc_column_inner width=\u00a0\u00bb1\/6&Prime;][\/vc_column_inner][\/vc_row_inner][\/vc_column][\/vc_row][vc_row el_class=\u00a0\u00bbtext\u00a0\u00bb][vc_column width=\u00a0\u00bb1\/6&Prime;][\/vc_column][vc_column width=\u00a0\u00bb2\/3&Prime; css=\u00a0\u00bb.vc_custom_1724688536298{padding-top: 0px !important;}\u00a0\u00bb][vc_row_inner gap=\u00a0\u00bb30&Prime; el_class=\u00a0\u00bbpNoMarginTop\u00a0\u00bb css=\u00a0\u00bb.vc_custom_1724687476229{padding-right: 0px !important;padding-left: 0px !important;border-color: #000000 !important;}\u00a0\u00bb][vc_column_inner css=\u00a0\u00bb.vc_custom_1724688543656{padding-top: 5px !important;padding-right: 0px !important;padding-left: 0px !important;}\u00a0\u00bb][vc_column_text css=\u00a0\u00bb.vc_custom_1735989124424{margin-bottom: 0px !important;padding-bottom: 0px !important;}\u00a0\u00bb]Les mesures fiscales r\u00e9cemment adopt\u00e9es visent \u00e0 renforcer le pouvoir d\u2019achat, encourager la transition \u00e9nerg\u00e9tique et soutenir les m\u00e9nages.[\/vc_column_text][\/vc_column_inner][\/vc_row_inner][vc_row_inner gap=\u00a0\u00bb30&Prime; el_class=\u00a0\u00bbpNoMarginTop\u00a0\u00bb css=\u00a0\u00bb.vc_custom_1724687476229{padding-right: 0px !important;padding-left: 0px !important;border-color: #000000 !important;}\u00a0\u00bb][vc_column_inner css=\u00a0\u00bb.vc_custom_1724688543656{padding-top: 5px !important;padding-right: 0px !important;padding-left: 0px !important;}\u00a0\u00bb][vc_single_image image=\u00a0\u00bb7931&Prime; img_size=\u00a0\u00bbfull\u00a0\u00bb alignment=\u00a0\u00bbcenter\u00a0\u00bb css=\u00a0\u00bb.vc_custom_1735992940434{margin-top: 0px !important;margin-bottom: 0px !important;padding-top: 0px !important;padding-bottom: 0px !important;}\u00a0\u00bb][vc_single_image image=\u00a0\u00bb7932&Prime; img_size=\u00a0\u00bbfull\u00a0\u00bb alignment=\u00a0\u00bbcenter\u00a0\u00bb css=\u00a0\u00bb.vc_custom_1735992949196{margin-top: 0px !important;margin-bottom: 0px !important;padding-top: 0px !important;padding-bottom: 0px !important;}\u00a0\u00bb][vc_single_image image=\u00a0\u00bb7933&Prime; img_size=\u00a0\u00bbfull\u00a0\u00bb alignment=\u00a0\u00bbcenter\u00a0\u00bb css=\u00a0\u00bb.vc_custom_1735992957478{margin-top: 0px !important;margin-bottom: 0px !important;padding-top: 0px !important;padding-bottom: 0px !important;}\u00a0\u00bb][vc_single_image image=\u00a0\u00bb7934&Prime; img_size=\u00a0\u00bbfull\u00a0\u00bb alignment=\u00a0\u00bbcenter\u00a0\u00bb css=\u00a0\u00bb.vc_custom_1735992966276{margin-top: 0px !important;margin-bottom: 0px !important;padding-top: 0px !important;padding-bottom: 0px !important;}\u00a0\u00bb][\/vc_column_inner][\/vc_row_inner][vc_row_inner gap=\u00a0\u00bb30&Prime; el_class=\u00a0\u00bbpNoMarginTop\u00a0\u00bb css=\u00a0\u00bb.vc_custom_1724687476229{padding-right: 0px !important;padding-left: 0px !important;border-color: #000000 !important;}\u00a0\u00bb][vc_column_inner css=\u00a0\u00bb.vc_custom_1724688543656{padding-top: 5px !important;padding-right: 0px !important;padding-left: 0px !important;}\u00a0\u00bb][vc_raw_html css=\u00a0\u00bb.vc_custom_1735914873631{margin-bottom: 0px !important;}\u00a0\u00bb]JTNDZGl2JTIwc3R5bGUlM0QlMjJ3aWR0aCUzQSUyMDEwMCUyNSUzQiUyMiUzRSUzQ2hyJTIwc3R5bGUlM0QlMjJ3aWR0aCUzQSUyMDUwcHglM0IlMjBjb2xvciUzQSUyMCUyMzAwYmFiMyUzQiUyMHRleHQtYWxpZ24lM0ElMjBsZWZ0JTNCJTIwZGlzcGxheSUzQSUyMGlubGluZS1ibG9jayUzQiUyMGJvcmRlci13aWR0aCUzQSUyMDAlMjAwJTIwMXB4JTIwMCUzQiUyMiUzRSUzQyUyRmRpdiUzRQ==[\/vc_raw_html][vc_column_text css=\u00a0\u00bb.vc_custom_1735989165953{margin-bottom: 0px !important;padding-bottom: 0px !important;}\u00a0\u00bb]<span style=\"font-size: 8pt;\"><sup>1<\/sup> Salaire social minimum qualifi\u00e9 (3.165,35 \u20ac)<\/span>[\/vc_column_text][\/vc_column_inner][\/vc_row_inner][vc_row_inner gap=\u00a0\u00bb30&Prime; el_class=\u00a0\u00bbpNoMarginTop\u00a0\u00bb css=\u00a0\u00bb.vc_custom_1735914883714{padding-top: 30px !important;padding-right: 0px !important;padding-left: 0px !important;border-color: #000000 !important;}\u00a0\u00bb][vc_column_inner css=\u00a0\u00bb.vc_custom_1724688543656{padding-top: 5px !important;padding-right: 0px !important;padding-left: 0px !important;}\u00a0\u00bb][vc_column_text css=\u00a0\u00bb.vc_custom_1735913628864{margin-bottom: 0px !important;padding-bottom: 0px !important;}\u00a0\u00bb]Notre \u00e9quipe est \u00e0 votre disposition pour vous conseiller et vous assister.<\/p>\n<p>Pour de plus amples informations, n\u2019h\u00e9sitez pas \u00e0 nous contacter.[\/vc_column_text][\/vc_column_inner][\/vc_row_inner][vc_row_inner css=\u00a0\u00bb.vc_custom_1735914275178{padding-right: 15px !important;padding-left: 15px !important;}\u00a0\u00bb][vc_column_inner width=\u00a0\u00bb1\/2&Prime; css=\u00a0\u00bb.vc_custom_1735914106066{padding-right: 15px !important;padding-left: 15px !important;}\u00a0\u00bb][vc_column_text css=\u00a0\u00bb.vc_custom_1735917084287{margin-bottom: 0px !important;padding-bottom: 0px !important;}\u00a0\u00bb]<strong>Janique Bultot<br \/>\n<\/strong><em>Partner<\/em><br \/>\n<a style=\"text-decoration: none; color: #2b303a;\" href=\"mailto:janique.bultot@bakertilly.lu\" target=\"_blank\" rel=\"noopener\">janique.bultot@bakertilly.lu<\/a><br \/>\n<a style=\"text-decoration: none; color: #2b303a;\" href=\"tel:+352476847445\">+352 47 68 47 445<\/a>[\/vc_column_text][\/vc_column_inner][vc_column_inner width=\u00a0\u00bb1\/2&Prime; css=\u00a0\u00bb.vc_custom_1735914113810{padding-right: 15px !important;padding-left: 15px !important;}\u00a0\u00bb][vc_column_text css=\u00a0\u00bb.vc_custom_1736181557323{margin-bottom: 0px !important;padding-bottom: 0px !important;}\u00a0\u00bb]<strong>Julie Ratajczak<br \/>\n<\/strong><em>Director<\/em><br \/>\n<a style=\"text-decoration: none; color: #2b303a;\" href=\"mailto:julie.ratajczak@bakertilly.lu\">julie.ratajczak@bakertilly.lu<\/a><br \/>\n<a style=\"text-decoration: none; color: #2b303a;\" href=\"tel:+352476847473\">+352 47 68 47 473<\/a>[\/vc_column_text][\/vc_column_inner][\/vc_row_inner][\/vc_column][vc_column width=\u00a0\u00bb1\/6&Prime;][\/vc_column][\/vc_row][vc_row el_class=\u00a0\u00bbtext\u00a0\u00bb el_id=\u00a0\u00bbbuttonsInscriptionOthers\u00a0\u00bb css=\u00a0\u00bb.vc_custom_1726761126741{margin-top: 60px !important;margin-bottom: 60px !important;padding-top: 0px !important;}\u00a0\u00bb][vc_column width=\u00a0\u00bb1\/6&Prime;][\/vc_column][vc_column width=\u00a0\u00bb2\/3&Prime; css=\u00a0\u00bb.vc_custom_1724689393168{margin-top: 0px !important;padding-top: 0px !important;}\u00a0\u00bb][vc_row_inner equal_height=\u00a0\u00bbyes\u00a0\u00bb gap=\u00a0\u00bb35&Prime; css=\u00a0\u00bb.vc_custom_1724689455639{padding-top: 0px !important;padding-bottom: 0px !important;border-color: #000000 !important;}\u00a0\u00bb][vc_column_inner css=\u00a0\u00bb.vc_custom_1724689656293{padding-top: 0px !important;padding-bottom: 15px !important;border-color: #95979D !important;}\u00a0\u00bb][vc_raw_html css=\u00a0\u00bb\u00a0\u00bb]JTNDZGl2JTIwY2xhc3MlM0QlMjJ2Y19idG4zLWNvbnRhaW5lciUyMCUyMGJ1dHRvbkxpbmtlZCUyMGJ1dHRvbkxpbmtlZFNlbWluYWlyZXMlMjBDYXJuYWNCb2xkJTIwY29sb3ItYnV0dG9uJTIwZW4lMjB2Y19idG4zLWlubGluZSUyMHZjX2N1c3RvbV8xNzI2NzYzNzM3NTI2JTIwdmNfZG9fYnRuJTIyJTNFJTBBJTNDYSUyMG9ubW91c2VsZWF2ZSUzRCUyMnRoaXMuc3R5bGUuYm9yZGVyQ29sb3IlM0QlMjclMjMwMEJBQjMlMjclM0IlMjB0aGlzLnN0eWxlLmJhY2tncm91bmRDb2xvciUzRCUyN3RyYW5zcGFyZW50JTI3JTNCJTIwdGhpcy5zdHlsZS5jb2xvciUzRCUyNyUyMzAwQkFCMyUyNyUyMiUyMG9ubW91c2VlbnRlciUzRCUyMnRoaXMuc3R5bGUuYm9yZGVyQ29sb3IlM0QlMjclMjMwMEJBQjMlMjclM0IlMjB0aGlzLnN0eWxlLmJhY2tncm91bmRDb2xvciUzRCUyNyUyMzAwQkFCMyUyNyUzQiUyMHRoaXMuc3R5bGUuY29sb3IlM0QlMjclMjNmZmYlMjclM0IlMjIlMjBzdHlsZSUzRCUyMmJvcmRlci1jb2xvciUzQSUyMCUyMzAwQkFCMyUzQiUyMGNvbG9yJTNBJTIwJTIzMDBCQUIzJTNCJTIwYmFja2dyb3VuZC1jb2xvciUzQSUyMHRyYW5zcGFyZW50JTNCJTIyJTIwY2xhc3MlM0QlMjJ2Y19nZW5lcmFsJTIwdmNfYnRuMyUyMHZjX2J0bjMtc2l6ZS1sZyUyMHZjX2J0bjMtc2hhcGUtc3F1YXJlJTIwdmNfYnRuMy1zdHlsZS1vdXRsaW5lLWN1c3RvbSUyMiUyMGhyZWYlM0QlMjJodHRwcyUzQSUyRiUyRnd3dy5iYWtlcnRpbGx5Lmx1JTJGbmV3cyUzRmNvbnRlbnRUeXBlJTNEdGVjaG5pY2FsLW5ld3MlMjZrZXl3b3JkJTNEJTIyJTIwdGl0bGUlM0QlMjIlMjIlMjB0YXJnZXQlM0QlMjJfYmxhbmslMjIlM0UlM0NzcGFuJTIwc3R5bGUlM0QlMjJjb2xvciUzQSUyMCUyMzAwQkFCMyUyMiUzRUNsaXF1ZXolMjBpY2klM0MlMkZzcGFuJTNFJTIwcG91ciUyMHJldHJvdXZlciUyMHRvdXRlcyUyMG5vcyUyMG5ld3NsZXR0ZXJzJTNDJTJGYSUzRSUwQSUzQyUyRmRpdiUzRQ==[\/vc_raw_html][\/vc_column_inner][\/vc_row_inner][\/vc_column][vc_column width=\u00a0\u00bb1\/6&Prime;][\/vc_column][\/vc_row][vc_row css=\u00a0\u00bb.vc_custom_1724336624470{padding-bottom: 40px !important;background-color: #222D38 !important;}\u00a0\u00bb][vc_column width=\u00a0\u00bb1\/6&Prime;][\/vc_column][vc_column width=\u00a0\u00bb2\/3&Prime;][vc_raw_html css=\u00a0\u00bb\u00a0\u00bb]JTNDZGl2JTIwaWQlM0QlMjJsb2dvRm9vdGVyJTIyJTNFJTBBJTNDaW1nJTIwc3JjJTNEJTIyJTJGYmFrZXJ0aWxseSUyRndwLWNvbnRlbnQlMkZ0aGVtZXMlMkZwdGIlMkZhc3NldHMlMkZpbWclMkZsb2dvLnN2ZyUyMiUyRiUzRSUwQSUzQyUyRmRpdiUzRQ==[\/vc_raw_html][vc_separator color=\u00a0\u00bbwhite\u00a0\u00bb css=\u00a0\u00bb.vc_custom_1724336386313{margin-bottom: 0px !important;padding-right: 50px !important;padding-left: 50px !important;}\u00a0\u00bb][\/vc_column][vc_column width=\u00a0\u00bb1\/6&Prime; offset=\u00a0\u00bbvc_hidden-xs\u00a0\u00bb][vc_raw_html css=\u00a0\u00bb\u00a0\u00bb]JTNDZGl2JTIwaWQlM0QlMjJsb2dvR3JlYXRQbGFjZVRvV29yayUyMiUzRSUwQSUzQ2ltZyUyMHNyYyUzRCUyMiUyRmJha2VydGlsbHklMkZ3cC1jb250ZW50JTJGdGhlbWVzJTJGcHRiJTJGYXNzZXRzJTJGaW1nJTJGZ3JlYXQtcGxhY2UtdG8td29yay5wbmclMjIlMkYlM0UlMEElM0MlMkZkaXYlM0U=[\/vc_raw_html][\/vc_column][\/vc_row][vc_row css=\u00a0\u00bb.vc_custom_1724336420418{padding-top: 0px !important;background-color: #222D38 !important;}\u00a0\u00bb][vc_column width=\u00a0\u00bb1\/6&Prime; css=\u00a0\u00bb.vc_custom_1724336664503{padding-top: 0px !important;padding-right: 0px !important;padding-bottom: 0px !important;padding-left: 0px !important;}\u00a0\u00bb][\/vc_column][vc_column width=\u00a0\u00bb2\/3&Prime; css=\u00a0\u00bb.vc_custom_1724336415270{padding-top: 0px !important;}\u00a0\u00bb][vc_raw_html css=\u00a0\u00bb\u00a0\u00bb]JTNDdGFibGUlMjBpZCUzRCUyMnRhYmxlRm9vdGVyJTIyJTIwd2lkdGglM0QlMjIxMDAlMjUlMjIlMjBhbGlnbiUzRCUyMmNlbnRlciUyMiUzRSUwQSUwOSUzQ3RyJTNFJTBBJTA5JTA5JTNDdGQlM0UlMEElMDklMDklMDklM0N0YWJsZSUyMHdpZHRoJTNEJTIyMTAwJTI1JTIyJTIwc3R5bGUlM0QlMjJtYXgtd2lkdGglM0ExMDAlMjUlM0IlMjBtYXJnaW4lM0FhdXRvJTNCJTIwbXNvLWxpbmUtaGVpZ2h0LXJ1bGUlM0ElMjBleGFjdGx5JTNCJTIwLW1zLXRleHQtc2l6ZS1hZGp1c3QlM0ElMjAxMDAlMjUlM0IlMjIlM0UlMEElMDklMDklMDklMDklM0N0ciUzRSUwQSUwOSUwOSUwOSUwOSUwOSUzQ3RkJTNFJTBBJTA5JTA5JTA5JTA5JTA5JTA5JTNDdGFibGUlMjBpZCUzRCUyMmZvb3RlckFsbCUyMiUyMGNsYXNzJTNEJTIycm5iLWNvbHVtbnMtY29udGFpbmVyJTIyJTIwd2lkdGglM0QlMjIxMDAlMjUlMjIlMjBjZWxsc3BhY2luZyUzRCUyMjAlMjIlMjBjZWxscGFkZGluZyUzRCUyMjAlMjIlMjBib3JkZXIlM0QlMjIwJTIyJTNFJTBBJTA5JTA5JTA5JTA5JTA5JTA5JTA5JTNDdGJvZHklM0UlMEElMDklMDklMDklMDklMDklMDklMDklMDklM0N0ciUzRSUwQSUwOSUwOSUwOSUwOSUwOSUwOSUwOSUwOSUwOSUzQ3RkJTIwaWQlM0QlMjJmb290ZXJDb29yZCUyMiUyMGNsYXNzJTNEJTIycm5iLWZvcmNlLWNvbCUyMiUyMHZhbGlnbiUzRCUyMnRvcCUyMiUzRSUwQSUwOSUwOSUwOSUwOSUwOSUwOSUwOSUwOSUwOSUwOSUzQ3RhYmxlJTIwdmFsaWduJTNEJTIydG9wJTIyJTIwY2xhc3MlM0QlMjJybmItbGFzdC1jb2wtMiUyMiUyMHdpZHRoJTNEJTIyMjUwJTIyJTIwY2VsbHNwYWNpbmclM0QlMjIwJTIyJTIwY2VsbHBhZGRpbmclM0QlMjIwJTIyJTIwYm9yZGVyJTNEJTIyMCUyMiUyMGFsaWduJTNEJTIybGVmdCUyMiUzRSUwQSUwOSUwOSUwOSUwOSUwOSUwOSUwOSUwOSUwOSUwOSUwOSUzQ3Rib2R5JTNFJTBBJTA5JTA5JTA5JTA5JTA5JTA5JTA5JTA5JTA5JTA5JTA5JTA5JTNDdHIlM0UlMEElMDklMDklMDklMDklMDklMDklMDklMDklMDklMDklMDklMDklMDklM0N0ZCUyMGNsYXNzJTNEJTIycm5iLW1ibC1mbG9hdC1ub25lJTIyJTIwc3R5bGUlM0QlMjJjb2xvciUzQSUyM2ZmZmZmZiUzQmZsb2F0JTNBcmlnaHQlM0J3aWR0aCUzQTI1MHB4JTNCJTIwbGluZS1oZWlnaHQlM0ElMjAyMXB4JTNCJTIyJTNFJTBBJTA5JTA5JTA5JTA5JTA5JTA5JTA5JTA5JTA5JTA5JTA5JTA5JTA5JTA5JTNDZGl2JTNFJTBBJTA5JTA5JTA5JTA5JTA5JTA5JTA5JTA5JTA5JTA5JTA5JTA5JTA5JTA5JTA5JTNDdGFibGUlMjBzdHlsZSUzRCUyMndpZHRoJTNBJTIwMTAwJTI1JTNCJTIwbWluLXdpZHRoJTNBJTIwMjUwcHglM0IlMjBtYXgtd2lkdGglM0ElMjAxMDAlMjUlM0IlMjB0ZXh0LWFsaWduJTNBJTIwbGVmdCUzQiUyMiUzRSUwQSUwOSUwOSUwOSUwOSUwOSUwOSUwOSUwOSUwOSUwOSUwOSUwOSUwOSUwOSUwOSUwOSUzQ3Rib2R5JTNFJTBBJTA5JTA5JTA5JTA5JTA5JTA5JTA5JTA5JTA5JTA5JTA5JTA5JTA5JTA5JTA5JTA5JTA5JTNDdHIlM0UlMEElMDklMDklMDklMDklMDklMDklMDklMDklMDklMDklMDklMDklMDklMDklMDklMDklMDklMDklM0N0ZCUyMHN0eWxlJTNEJTIyY29sb3IlM0ElMjAlMjNmZmZmZmYlM0IlMjBwYWRkaW5nJTNBJTIwMTBweCUyMDVweCUzQiUyMiUzRSUwQSUwOSUwOSUwOSUwOSUwOSUwOSUwOSUwOSUwOSUwOSUwOSUwOSUwOSUwOSUwOSUwOSUwOSUwOSUwOSUzQ3NwYW4lMjBzdHlsZSUzRCUyMmNvbG9yJTNBJTIzZmZmZmZmJTNCJTIyJTNFJTBBJTA5JTA5JTA5JTA5JTA5JTA5JTA5JTA5JTA5JTA5JTA5JTA5JTA5JTA5JTA5JTA5JTA5JTA5JTA5JTA5NDUlMjBib3VsZXZhcmQlMjBkZXMlMjBTY2lsbGFzJTBBJTA5JTA5JTA5JTA5JTA5JTA5JTA5JTA5JTA5JTA5JTA5JTA5JTA5JTA5JTA5JTA5JTA5JTA5JTA5JTNDJTJGc3BhbiUzRSUwQSUwOSUwOSUwOSUwOSUwOSUwOSUwOSUwOSUwOSUwOSUwOSUwOSUwOSUwOSUwOSUwOSUwOSUwOSUzQyUyRnRkJTNFJTBBJTA5JTA5JTA5JTA5JTA5JTA5JTA5JTA5JTA5JTA5JTA5JTA5JTA5JTA5JTA5JTA5JTA5JTNDJTJGdHIlM0UlMEElMEElMDklMDklMDklMDklMDklMDklMDklMDklMDklMDklMDklMDklMDklMDklMDklMDklMDklM0N0ciUzRSUwQSUwOSUwOSUwOSUwOSUwOSUwOSUwOSUwOSUwOSUwOSUwOSUwOSUwOSUwOSUwOSUwOSUwOSUwOSUzQ3RkJTIwc3R5bGUlM0QlMjJjb2xvciUzQSUyMCUyM2ZmZmZmZiUzQiUyMHBhZGRpbmclM0ElMjAxMHB4JTIwNXB4JTNCJTIyJTNFJTBBJTA5JTA5JTA5JTA5JTA5JTA5JTA5JTA5JTA5JTA5JTA5JTA5JTA5JTA5JTA5JTA5JTA5JTA5JTA5JTNDc3BhbiUyMHN0eWxlJTNEJTIyY29sb3IlM0ElMjNmZmZmZmYlM0IlMjIlM0UlMEElMDklMDklMDklMDklMDklMDklMDklMDklMDklMDklMDklMDklMDklMDklMDklMDklMDklMDklMDklMDlMLTI1MjklMjBIb3dhbGQlMEElMDklMDklMDklMDklMDklMDklMDklMDklMDklMDklMDklMDklMDklMDklMDklMDklMDklMDklMDklM0MlMkZzcGFuJTNFJTBBJTA5JTA5JTA5JTA5JTA5JTA5JTA5JTA5JTA5JTA5JTA5JTA5JTA5JTA5JTA5JTA5JTA5JTA5JTNDJTJGdGQlM0UlMEElMDklMDklMDklMDklMDklMDklMDklMDklMDklMDklMDklMDklMDklMDklMDklMDklMDklM0MlMkZ0ciUzRSUwQSUwQSUwOSUwOSUwOSUwOSUwOSUwOSUwOSUwOSUwOSUwOSUwOSUwOSUwOSUwOSUwOSUwOSUwOSUzQ3RyJTNFJTBBJTA5JTA5JTA5JTA5JTA5JTA5JTA5JTA5JTA5JTA5JTA5JTA5JTA5JTA5JTA5JTA5JTA5JTA5JTNDdGQlMjBzdHlsZSUzRCUyMmNvbG9yJTNBJTIwJTIzZmZmZmZmJTNCJTIwcGFkZGluZyUzQSUyMDEwcHglMjA1cHglM0IlMjIlM0UlMEElMDklMDklMDklMDklMDklMDklMDklMDklMDklMDklMDklMDklMDklMDklMDklMDklMDklMDklMDklMDklM0NhJTIwaHJlZiUzRCUyMnRlbCUzQSUyQjM1MjQ3Njg0NzQwMCUyMiUyMHN0eWxlJTNEJTIydGV4dC1kZWNvcmF0aW9uJTNBJTIwbm9uZSUzQiUyMGNvbG9yJTNBJTIwcmdiJTI4NTYlMkMlMjA1OSUyQyUyMDYxJTI5JTNCJTIyJTNFJTBBJTA5JTA5JTA5JTA5JTA5JTA5JTA5JTA5JTA5JTA5JTA5JTA5JTA5JTA5JTA5JTA5JTA5JTA5JTA5JTA5JTA5JTNDc3BhbiUyMHN0eWxlJTNEJTIyY29sb3IlM0ElMjNmZmZmZmYlM0IlMjIlM0VUJTIwJTJCMzUyJTIwNDclMjA2OCUyMDQ3JTIwLSUyMDQwMCUzQyUyRnNwYW4lM0UlMEElMDklMDklMDklMDklMDklMDklMDklMDklMDklMDklMDklMDklMDklMDklMDklMDklMDklMDklMDklMDklM0MlMkZhJTNFJTBBJTA5JTA5JTA5JTA5JTA5JTA5JTA5JTA5JTA5JTA5JTA5JTA5JTA5JTA5JTA5JTA5JTA5JTA5JTNDJTJGdGQlM0UlMEElMDklMDklMDklMDklMDklMDklMDklMDklMDklMDklMDklMDklMDklMDklMDklMDklMDklM0MlMkZ0ciUzRSUwQSUwQSUwOSUwOSUwOSUwOSUwOSUwOSUwOSUwOSUwOSUwOSUwOSUwOSUwOSUwOSUwOSUwOSUwOSUzQ3RyJTNFJTBBJTA5JTA5JTA5JTA5JTA5JTA5JTA5JTA5JTA5JTA5JTA5JTA5JTA5JTA5JTA5JTA5JTA5JTA5JTNDdGQlMjBzdHlsZSUzRCUyMmNvbG9yJTNBJTIwJTIzZmZmZmZmJTNCJTIwcGFkZGluZyUzQSUyMDEwcHglMjA1cHglM0IlMjIlM0UlMEElMDklMDklMDklMDklMDklMDklMDklMDklMDklMDklMDklMDklMDklMDklMDklMDklMDklMDklMDklM0NzdHJvbmclM0UlMEElMDklMDklMDklMDklMDklMDklMDklMDklMDklMDklMDklMDklMDklMDklMDklMDklMDklMDklMDklMDklM0NhJTIwaHJlZiUzRCUyMmh0dHAlM0ElMkYlMkZ3d3cuYmFrZXJ0aWxseS5sdSUyRiUyMiUyMHN0eWxlJTNEJTIydGV4dC1kZWNvcmF0aW9uJTNBJTIwbm9uZSUzQiUyMGNvbG9yJTNBJTIwcmdiJTI4NTYlMkMlMjA1OSUyQyUyMDYxJTI5JTNCJTIyJTIwdGFyZ2V0JTNEJTIyX2JsYW5rJTIyJTNFJTBBJTA5JTA5JTA5JTA5JTA5JTA5JTA5JTA5JTA5JTA5JTA5JTA5JTA5JTA5JTA5JTA5JTA5JTA5JTA5JTA5JTA5JTNDc3BhbiUyMHN0eWxlJTNEJTIyY29sb3IlM0ElMjNmZmZmZmYlM0IlMjIlM0ViYWtlcnRpbGx5Lmx1JTNDJTJGc3BhbiUzRSUwQSUwOSUwOSUwOSUwOSUwOSUwOSUwOSUwOSUwOSUwOSUwOSUwOSUwOSUwOSUwOSUwOSUwOSUwOSUwOSUwOSUzQyUyRmElM0UlMEElMDklMDklMDklMDklMDklMDklMDklMDklMDklMDklMDklMDklMDklMDklMDklMDklMDklMDklMDklM0MlMkZzdHJvbmclM0UlMEElMDklMDklMDklMDklMDklMDklMDklMDklMDklMDklMDklMDklMDklMDklMDklMDklMDklMDklM0MlMkZ0ZCUzRSUwQSUwOSUwOSUwOSUwOSUwOSUwOSUwOSUwOSUwOSUwOSUwOSUwOSUwOSUwOSUwOSUwOSUwOSUzQyUyRnRyJTNFJTBBJTA5JTA5JTA5JTA5JTA5JTA5JTA5JTA5JTA5JTA5JTA5JTA5JTA5JTA5JTA5JTA5JTNDJTJGdGJvZHklM0UlMEElMDklMDklMDklMDklMDklMDklMDklMDklMDklMDklMDklMDklMDklMDklMDklM0MlMkZ0YWJsZSUzRSUwQSUwOSUwOSUwOSUwOSUwOSUwOSUwOSUwOSUwOSUwOSUwOSUwOSUwOSUwOSUzQyUyRmRpdiUzRSUwQSUwOSUwOSUwOSUwOSUwOSUwOSUwOSUwOSUwOSUwOSUwOSUwOSUwOSUzQyUyRnRkJTNFJTBBJTA5JTA5JTA5JTA5JTA5JTA5JTA5JTA5JTA5JTA5JTA5JTA5JTNDJTJGdHIlM0UlMEElMDklMDklMDklMDklMDklMDklMDklMDklMDklMDklMDklM0MlMkZ0Ym9keSUzRSUwQSUwOSUwOSUwOSUwOSUwOSUwOSUwOSUwOSUwOSUwOSUzQyUyRnRhYmxlJTNFJTBBJTA5JTA5JTA5JTA5JTA5JTA5JTA5JTA5JTA5JTNDJTJGdGQlM0UlMEElMEElMDklMDklMDklMDklMDklMDklMDklMDklMDklM0N0ZCUyMHN0eWxlJTNEJTIyZm9udC1zaXplJTNBJTIwMjRweCUzQiUyMGNvbG9yJTNBJTIwJTIzZmZmJTNCJTIwZm9udC13ZWlnaHQlM0ElMjA1MDAlM0IlMjBsZXR0ZXItc3BhY2luZyUzQSUyMDFweCUzQiUyMiUyMHZhbGlnbiUzRCUyMmJvdHRvbSUyMiUyMGFsaWduJTNEJTIycmlnaHQlMjIlM0UlMEElMDklMDklMDklMDklMDklMDklMDklMDklMDklMDklM0NkaXYlMjBpZCUzRCUyMmZvb3RlclNvY2lhbCUyMiUyMHN0eWxlJTNEJTIyJTIyJTNFJTBBJTA5JTA5JTA5JTA5JTA5JTA5JTA5JTA5JTA5JTA5JTA5JTNDYSUyMGhyZWYlM0QlMjJodHRwcyUzQSUyRiUyRnd3dy5saW5rZWRpbi5jb20lMkZjb21wYW55JTJGYmFrZXJsdXglMkYlMjIlMjB0YXJnZXQlM0QlMjJfYmxhbmslMjIlM0UlM0NpJTIwY2xhc3MlM0QlMjJmYS1icmFuZHMlMjBmYS1saW5rZWRpbi1pbiUyMiUzRSUzQyUyRmklM0UlM0MlMkZhJTNFJTBBJTA5JTA5JTA5JTA5JTA5JTA5JTA5JTA5JTA5JTA5JTA5JTNDYSUyMGhyZWYlM0QlMjJodHRwcyUzQSUyRiUyRnd3dy5pbnN0YWdyYW0uY29tJTJGYmFrZXJ0aWxseWx1eGVtYm91cmclMkYlMjIlMjB0YXJnZXQlM0QlMjJfYmxhbmslMjIlM0UlM0NpJTIwY2xhc3MlM0QlMjJmYS1icmFuZHMlMjBmYS1pbnN0YWdyYW0lMjIlM0UlM0MlMkZpJTNFJTNDJTJGYSUzRSUwQSUwOSUwOSUwOSUwOSUwOSUwOSUwOSUwOSUwOSUwOSUwOSUzQ2ElMjBocmVmJTNEJTIyaHR0cHMlM0ElMkYlMkZ4LmNvbSUyRkJha2VyTHV4ZW1ib3VyZyUyMiUyMHRhcmdldCUzRCUyMl9ibGFuayUyMiUzRSUzQ2klMjBjbGFzcyUzRCUyMmZhLWJyYW5kcyUyMGZhLXgtdHdpdHRlciUyMiUzRSUzQyUyRmklM0UlM0MlMkZhJTNFJTBBJTA5JTA5JTA5JTA5JTA5JTA5JTA5JTA5JTA5JTA5JTA5JTNDYSUyMGhyZWYlM0QlMjJodHRwcyUzQSUyRiUyRnd3dy5mYWNlYm9vay5jb20lMkZCYWtlckx1eCUyMiUyMHRhcmdldCUzRCUyMl9ibGFuayUyMiUzRSUzQ2klMjBjbGFzcyUzRCUyMmZhLWJyYW5kcyUyMGZhLWZhY2Vib29rLWYlMjIlM0UlM0MlMkZpJTNFJTNDJTJGYSUzRSUwQSUwOSUwOSUwOSUwOSUwOSUwOSUwOSUwOSUwOSUwOSUwOSUzQ2ElMjBocmVmJTNEJTIyaHR0cHMlM0ElMkYlMkZ3d3cueW91dHViZS5jb20lMkZjaGFubmVsJTJGVUNaMGJwQWU4REVOSVNjQ0tPcjdDN2FBJTIyJTIwdGFyZ2V0JTNEJTIyX2JsYW5rJTIyJTNFJTNDaSUyMGNsYXNzJTNEJTIyZmEtYnJhbmRzJTIwZmEteW91dHViZSUyMiUzRSUzQyUyRmklM0UlM0MlMkZhJTNFJTBBJTA5JTA5JTA5JTA5JTA5JTA5JTA5JTA5JTA5JTA5JTNDJTJGZGl2JTNFJTBBJTA5JTA5JTA5JTA5JTA5JTA5JTA5JTA5JTA5JTA5JTBBJTA5JTA5JTA5JTA5JTA5JTA5JTA5JTA5JTA5JTA5JTNDZGl2JTNFTm93JTJDJTIwZm9yJTIwdG9tb3Jyb3clM0MlMkZkaXYlM0UlMEElMDklMDklMDklMDklMDklMDklMDklMDklMDklM0MlMkZ0ZCUzRSUwQSUwOSUwOSUwOSUwOSUwOSUwOSUwOSUwOSUzQyUyRnRyJTNFJTBBJTA5JTA5JTA5JTA5JTA5JTA5JTA5JTNDJTJGdGJvZHklM0UlMEElMDklMDklMDklMDklMDklMDklM0MlMkZ0YWJsZSUzRSUwQSUwOSUwOSUwOSUwOSUwOSUzQyUyRnRkJTNFJTBBJTA5JTA5JTA5JTA5JTNDJTJGdHIlM0UlMEElMDklMDklMDklM0MlMkZ0YWJsZSUzRSUwQSUwOSUwOSUzQyUyRnRkJTNFJTBBJTA5JTNDJTJGdHIlM0UlMEElM0MlMkZ0YWJsZSUzRQ==[\/vc_raw_html][\/vc_column][vc_column width=\u00a0\u00bb1\/6&Prime;][\/vc_column][\/vc_row]<\/p>\n<\/div>","protected":false},"excerpt":{"rendered":"<p>[vc_row css=\u00a0\u00bb.vc_custom_1724372966601{margin-top: 0px !important;background-color: #FFFFFF !important;}\u00a0\u00bb][vc_column][vc_raw_html css=\u00a0\u00bb.vc_custom_1735989093071{margin-bottom: 10px !important;}\u00a0\u00bb]JTNDaGVhZGVyJTIwaWQlM0QlMjJsYW5ndWFnZXMlMjIlM0UlMEElMjAlMjAlMjAlMjAlM0NhJTIwaHJlZiUzRCUyMmh0dHBzJTNBJTJGJTJGcHRiLm92aCUyRmJha2VydGlsbHklMkZiYWtlcnRpbGx5LW5ld3NsZXR0ZXItMDYtMDEtMjAyNS1oci1uZXdzLW1lc3VyZXMtZmlzY2FsZXMtZnIlMkYlMjIlMjBjbGFzcyUzRCUyMnN3aXRjaGVyLWxhbmd1YWdlJTIwYWN0aXZlJTIyJTNFJTBBJTIwJTIwJTIwJTIwJTIwJTIwJTIwJTIwRnIlMEElMjAlMjAlMjAlMjAlM0MlMkZhJTNFJTBBJTIwJTIwJTIwJTIwJTNDYSUyMGhyZWYlM0QlMjJodHRwcyUzQSUyRiUyRnB0Yi5vdmglMkZiYWtlcnRpbGx5JTJGYmFrZXJ0aWxseS1uZXdzbGV0dGVyLTA2LTAxLTIwMjUtaHItbmV3cy1tZXN1cmVzLWZpc2NhbGVzLWVuJTJGJTIyJTIwY2xhc3MlM0QlMjJzd2l0Y2hlci1sYW5ndWFnZSUyMiUzRSUwQSUyMCUyMCUyMCUyMCUyMCUyMCUyMCUyMEVuJTBBJTIwJTIwJTIwJTIwJTNDJTJGYSUzRSUwQSUzQyUyRmhlYWRlciUzRQ==[\/vc_raw_html][\/vc_column][\/vc_row][vc_row css=\u00a0\u00bb.vc_custom_1724372966601{margin-top: 0px !important;background-color: #FFFFFF !important;}\u00a0\u00bb][vc_column][vc_raw_html css=\u00a0\u00bb.vc_custom_1726760013532{margin-bottom: 10px !important;}\u00a0\u00bb]JTNDaGVhZGVyJTIwaWQlM0QlMjJoZWFkZXIyMDI0U2VtaW5haXJlJTIyJTNFJTBBJTNDZGl2JTIwaWQlM0QlMjJsb2dvSGVhZGVyJTIyJTNFJTBBJTNDaW1nJTIwc3JjJTNEJTIyJTJGYmFrZXJ0aWxseSUyRndwLWNvbnRlbnQlMkZ0aGVtZXMlMkZwdGIlMkZhc3NldHMlMkZpbWclMkZsb2dvLWJsYWNrLnBuZyUyMiUyRiUzRSUwQSUzQyUyRmRpdiUzRSUwQSUzQ2RpdiUyMHN0eWxlJTNEJTIydGV4dC1hbGlnbiUzQSUyMHJpZ2h0JTNCJTIyJTNFJTBBJTNDc3BhbiUyMHN0eWxlJTNEJTIyZm9udC1zaXplJTNBJTIwNDJweCUzQiUyMGNvbG9yJTNBJTIzMmIzMDNhJTNCJTIwZm9udC1mYW1pbHklM0ElMjBDYXJuYWNCb2xkJTIyJTNFTmV3c2xldHRlciUzQyUyRnNwYW4lM0UlMEElM0MlMkZkaXYlMEElM0MlMkZoZWFkZXIlM0U=[\/vc_raw_html][\/vc_column][\/vc_row][vc_row css=\u00a0\u00bb.vc_custom_1726761067408{margin-bottom: 60px !important;}\u00a0\u00bb][vc_column][vc_single_image image=\u00a0\u00bb7906&Prime; img_size=\u00a0\u00bbfull\u00a0\u00bb alignment=\u00a0\u00bbcenter\u00a0\u00bb css=\u00a0\u00bb.vc_custom_1735989451344{margin-bottom: 0px !important;}\u00a0\u00bb][vc_row_inner css=\u00a0\u00bb.vc_custom_1735912780555{margin-top: 0px !important;padding-top: 20px !important;padding-right: 30px !important;padding-bottom: 40px !important;padding-left: 30px !important;background-color: #00BAB3 !important;}\u00a0\u00bb el_id=\u00a0\u00bbtitleHeader\u00a0\u00bb][vc_column_inner width=\u00a0\u00bb1\/6&Prime;][\/vc_column_inner][vc_column_inner width=\u00a0\u00bb2\/3&Prime;][vc_column_text css=\u00a0\u00bb.vc_custom_1735989110267{margin-top: 0px !important;margin-bottom: 0px !important;padding-top: 0px !important;padding-bottom: 0px !important;}\u00a0\u00bb]HR NEWS : Mesures fiscales[\/vc_column_text][vc_empty_space [&hellip;]<\/p>\n","protected":false},"author":2,"featured_media":0,"parent":0,"menu_order":0,"comment_status":"closed","ping_status":"closed","template":"","meta":{"footnotes":""},"class_list":["post-7903","page","type-page","status-publish","hentry"],"_links":{"self":[{"href":"https:\/\/ptb.ovh\/bakertilly\/wp-json\/wp\/v2\/pages\/7903"}],"collection":[{"href":"https:\/\/ptb.ovh\/bakertilly\/wp-json\/wp\/v2\/pages"}],"about":[{"href":"https:\/\/ptb.ovh\/bakertilly\/wp-json\/wp\/v2\/types\/page"}],"author":[{"embeddable":true,"href":"https:\/\/ptb.ovh\/bakertilly\/wp-json\/wp\/v2\/users\/2"}],"replies":[{"embeddable":true,"href":"https:\/\/ptb.ovh\/bakertilly\/wp-json\/wp\/v2\/comments?post=7903"}],"version-history":[{"count":8,"href":"https:\/\/ptb.ovh\/bakertilly\/wp-json\/wp\/v2\/pages\/7903\/revisions"}],"predecessor-version":[{"id":7954,"href":"https:\/\/ptb.ovh\/bakertilly\/wp-json\/wp\/v2\/pages\/7903\/revisions\/7954"}],"wp:attachment":[{"href":"https:\/\/ptb.ovh\/bakertilly\/wp-json\/wp\/v2\/media?parent=7903"}],"curies":[{"name":"wp","href":"https:\/\/api.w.org\/{rel}","templated":true}]}}