{"id":417,"date":"2019-07-18T15:53:04","date_gmt":"2019-07-18T13:53:04","guid":{"rendered":"http:\/\/ptb.ovh\/bakertilly\/?page_id=417"},"modified":"2019-07-19T09:59:03","modified_gmt":"2019-07-19T07:59:03","slug":"if-group-newsletter-18-07-2019-parametres-sociaux-au-01-07-2019-fr","status":"publish","type":"page","link":"https:\/\/ptb.ovh\/bakertilly\/if-group-newsletter-18-07-2019-parametres-sociaux-au-01-07-2019-fr\/","title":{"rendered":"IF GROUP &#8211; Newsletter &#8211; 18.07.2019 &#8211; Param\u00e8tres sociaux au 01.07.2019 &#8211; FR"},"content":{"rendered":"<div class=\"wpb-content-wrapper\"><p>[vc_row][vc_column][vc_raw_html]JTNDZGl2JTNFJTBBJTA5JTNDdGFibGUlMjBpZCUzRCUyMnRhYkxhbmclMjIlM0UlMEElMDklMDklM0N0Ym9keSUzRSUwQSUwOSUwOSUwOSUzQ3RyJTNFJTBBJTA5JTA5JTA5JTA5JTNDdGQlM0UlMEElMDklMDklMDklMDklMDklM0NhJTIwaHJlZiUzRCUyMmh0dHBzJTNBJTJGJTJGcHRiLm92aCUyRmlmZ3JvdXAlMkZpZi1ncm91cC1uZXdzbGV0dGVyLTE4LTA3LTIwMTktcGFyYW1ldHJlcy1zb2NpYXV4LWF1LTAxLTA3LTIwMTktZnIlMkYlMjIlM0UlMEElMDklMDklMDklMDklMDklMDklM0NpbWclMjBzcmMlM0QlMjJodHRwcyUzQSUyRiUyRnB0Yi5vdmglMkZpZmdyb3VwJTJGd3AtY29udGVudCUyRnVwbG9hZHMlMkYyMDE5JTJGMDMlMkZmci5qcGclMjIlMjBhbHQlM0QlMjJGUiUyMiUyRiUzRSUwQSUwOSUwOSUwOSUwOSUwOSUzQyUyRmElM0UlMEElMDklMDklMDklMDklM0MlMkZ0ZCUzRSUwQSUwOSUwOSUwOSUwOSUzQ3RkJTNFJTBBJTA5JTA5JTA5JTA5JTA5JTNDYSUyMGhyZWYlM0QlMjJodHRwcyUzQSUyRiUyRnB0Yi5vdmglMkZpZmdyb3VwJTJGaWYtZ3JvdXAtbmV3c2xldHRlci0xOC0wNy0yMDE5LXBhcmFtZXRyZXMtc29jaWF1eC1hdS0wMS0wNy0yMDE5LWRlJTJGJTIyJTNFJTBBJTA5JTA5JTA5JTA5JTA5JTA5JTNDaW1nJTIwc3JjJTNEJTIyaHR0cHMlM0ElMkYlMkZwdGIub3ZoJTJGaWZncm91cCUyRndwLWNvbnRlbnQlMkZ1cGxvYWRzJTJGMjAxOSUyRjAzJTJGZGVfbGlnaHQuanBnJTIyJTIwYWx0JTNEJTIyREUlMjIlMkYlM0UlMEElMDklMDklMDklMDklMDklM0MlMkZhJTNFJTBBJTA5JTA5JTA5JTA5JTNDJTJGdGQlM0UlMEElMDklMDklMDklMDklM0N0ZCUzRSUwQSUwOSUwOSUwOSUwOSUwOSUzQ2ElMjBocmVmJTNEJTIyaHR0cHMlM0ElMkYlMkZwdGIub3ZoJTJGaWZncm91cCUyRmlmLWdyb3VwLW5ld3NsZXR0ZXItMTgtMDctMjAxOS1wYXJhbWV0cmVzLXNvY2lhdXgtYXUtMDEtMDctMjAxOS1lbiUyRiUyMiUzRSUwQSUwOSUwOSUwOSUwOSUwOSUwOSUzQ2ltZyUyMHNyYyUzRCUyMmh0dHBzJTNBJTJGJTJGcHRiLm92aCUyRmlmZ3JvdXAlMkZ3cC1jb250ZW50JTJGdXBsb2FkcyUyRjIwMTklMkYwMyUyRmVuX2xpZ2h0LmpwZyUyMiUyMGFsdCUzRCUyMkVOJTIyJTJGJTNFJTBBJTA5JTA5JTA5JTA5JTA5JTNDJTJGYSUzRSUwQSUwOSUwOSUwOSUwOSUzQyUyRnRkJTNFJTBBJTA5JTA5JTA5JTNDJTJGdHIlM0UlMEElMDklMDklM0MlMkZ0Ym9keSUzRSUwQSUwOSUzQyUyRnRhYmxlJTNFJTBBJTNDJTJGZGl2JTNF[\/vc_raw_html][vc_raw_html]JTNDc3R5bGUlM0UlMEElMDkud3BiX3dyYXBwZXIlMjBwJTIwaW1nJTIwJTdCJTBBJTA5JTA5bWFyZ2luLXRvcCUzQSUyMDVweCUzQiUwQSUwOSUwOW1hcmdpbi1yaWdodCUzQSUyMDEwcHglM0IlMEElMDklN0QlMEElMDkuaW1nTWF4V2lkdGglN0IlMEElMDklMDltYXgtd2lkdGglM0ElMjAxMzQwcHglM0IlMEElMDklN0QlMEElM0MlMkZzdHlsZSUzRQ==[\/vc_raw_html][\/vc_column][\/vc_row][vc_row][vc_column][vc_empty_space height=\u00a0\u00bb50px\u00a0\u00bb][\/vc_column][\/vc_row][vc_row][vc_column][vc_single_image image=\u00a0\u00bb437&Prime; img_size=\u00a0\u00bbfull\u00a0\u00bb alignment=\u00a0\u00bbcenter\u00a0\u00bb][\/vc_column][\/vc_row][vc_row][vc_column][vc_empty_space height=\u00a0\u00bb50px\u00a0\u00bb][\/vc_column][\/vc_row][vc_row el_class=\u00a0\u00bbtext\u00a0\u00bb][vc_column width=\u00a0\u00bb1\/4&Prime;][\/vc_column][vc_column width=\u00a0\u00bb1\/2&Prime;][vc_column_text]<strong><span style=\"color: #143b66; font-size: 20px;\">SALAIRE SOCIAL MINIMUM (SSM)<\/span><\/strong><br \/>\n256,60 \u20ac \u00e0 l\u2019indice 100[\/vc_column_text][vc_single_image image=\u00a0\u00bb425&Prime; img_size=\u00a0\u00bbfull\u00a0\u00bb alignment=\u00a0\u00bbcenter\u00a0\u00bb el_class=\u00a0\u00bbimgMaxWidth\u00a0\u00bb][vc_empty_space height=\u00a0\u00bb20px\u00a0\u00bb][\/vc_column][vc_column width=\u00a0\u00bb1\/4&Prime;][\/vc_column][\/vc_row][vc_row el_class=\u00a0\u00bbtext\u00a0\u00bb][vc_column width=\u00a0\u00bb1\/4&Prime;][\/vc_column][vc_column width=\u00a0\u00bb1\/2&Prime;][vc_column_text]<strong><span style=\"color: #143b66; font-size: 20px;\">COTISATIONS DE S\u00c9CURIT\u00c9 SOCIALE<\/span><\/strong>[\/vc_column_text][vc_single_image image=\u00a0\u00bb428&Prime; img_size=\u00a0\u00bbfull\u00a0\u00bb alignment=\u00a0\u00bbcenter\u00a0\u00bb el_class=\u00a0\u00bbimgMaxWidth\u00a0\u00bb][vc_column_text]<\/p>\n<table border=\"0\">\n<tbody>\n<tr>\n<td style=\"vertical-align: top;\" width=\"40\"><sup>(1)<\/sup><\/td>\n<td>Les allocations et indemnit\u00e9s purement occasionnelles ainsi que les gratifications et les avantages en nature sont cotisables en mati\u00e8re d\u2019assurance maladie au taux de 2,80 % (part employeur) et 2,80 % (part salariale).<\/td>\n<\/tr>\n<tr>\n<td style=\"vertical-align: top;\" width=\"40\"><sup>(2)<\/sup><\/td>\n<td>Le taux de cotisation unique de 0,80 % est multipli\u00e9 par un facteur bonus\/malus en fonction des prestations pour les accidents du travail vers\u00e9es durant une p\u00e9riode d\u2019observation d\u00e9termin\u00e9e. Chaque cotisant recevra une lettre d\u2019information de l\u2019Association d\u2019assurance accident indiquant son taux de cotisation individuel pour l\u2019ann\u00e9e 2019.<\/td>\n<\/tr>\n<tr>\n<td style=\"vertical-align: top;\" width=\"40\"><sup>(3)<\/sup><\/td>\n<td>1,40 % de la r\u00e9mun\u00e9ration brute apr\u00e8s d\u00e9duction d\u2019un abattement de \u00bc du SSM pour salari\u00e9 non qualifi\u00e9 (522,44 \u20ac). Un salari\u00e9 travaillant au moins 150 h\/mois a droit \u00e0 l\u2019abattement int\u00e9gral.<\/td>\n<\/tr>\n<\/tbody>\n<\/table>\n<p>[\/vc_column_text][vc_empty_space height=\u00a0\u00bb20px\u00a0\u00bb][\/vc_column][vc_column width=\u00a0\u00bb1\/4&Prime;][\/vc_column][\/vc_row][vc_row el_class=\u00a0\u00bbtext\u00a0\u00bb][vc_column width=\u00a0\u00bb1\/4&Prime;][\/vc_column][vc_column width=\u00a0\u00bb1\/2&Prime;][vc_column_text]<strong><span style=\"color: #143b66; font-size: 20px;\">MINIMA ET MAXIMA COTISABLES<\/span><\/strong>[\/vc_column_text][vc_single_image image=\u00a0\u00bb429&Prime; img_size=\u00a0\u00bbfull\u00a0\u00bb alignment=\u00a0\u00bbcenter\u00a0\u00bb el_class=\u00a0\u00bbimgMaxWidth\u00a0\u00bb][vc_empty_space height=\u00a0\u00bb20px\u00a0\u00bb][\/vc_column][vc_column width=\u00a0\u00bb1\/4&Prime;][\/vc_column][\/vc_row][vc_row el_class=\u00a0\u00bbtext\u00a0\u00bb][vc_column width=\u00a0\u00bb1\/4&Prime;][\/vc_column][vc_column width=\u00a0\u00bb1\/2&Prime;][vc_column_text]<strong><span style=\"color: #143b66; font-size: 20px;\">R\u00c9MUN\u00c9RATION DE L\u2019\u00c9L\u00c8VE ET DE L\u2019\u00c9TUDIANT PENDANT LES VACANCES SCOLAIRES<\/span><\/strong>[\/vc_column_text][vc_single_image image=\u00a0\u00bb430&Prime; img_size=\u00a0\u00bbfull\u00a0\u00bb alignment=\u00a0\u00bbcenter\u00a0\u00bb el_class=\u00a0\u00bbimgMaxWidth\u00a0\u00bb][vc_empty_space height=\u00a0\u00bb20px\u00a0\u00bb][\/vc_column][vc_column width=\u00a0\u00bb1\/4&Prime;][\/vc_column][\/vc_row][vc_row el_class=\u00a0\u00bbtext\u00a0\u00bb][vc_column width=\u00a0\u00bb1\/4&Prime;][\/vc_column][vc_column width=\u00a0\u00bb1\/2&Prime;][vc_column_text]<\/p>\n<hr style=\"color: #5a5a58;\" \/>\n<p>[\/vc_column_text][vc_column_text]<em>IF Group ne peut \u00eatre tenu responsable d\u2019erreurs, d\u2019omissions ou de toutes cons\u00e9quences, obtenues \u00e0 la suite de l\u2019utilisation de ce document, qui est publi\u00e9 \u00e0 titre informatif seulement.<\/em>[\/vc_column_text][\/vc_column][vc_column width=\u00a0\u00bb1\/4&Prime;][\/vc_column][\/vc_row][vc_row][vc_column][vc_empty_space height=\u00a0\u00bb5px\u00a0\u00bb][\/vc_column][\/vc_row][vc_row css=\u00a0\u00bb.vc_custom_1552241314878{background-color: #143b66 !important;}\u00a0\u00bb el_id=\u00a0\u00bbfooterExperts\u00a0\u00bb][vc_column][vc_column_text]<\/p>\n<p style=\"text-align: center;\"><strong><span style=\"color: #ffffff;\">EXPERTS EN FORMATIONS FISCALES ET SOCIALES<\/span><\/strong><\/p>\n<p>[\/vc_column_text][\/vc_column][\/vc_row][vc_row][vc_column width=\u00a0\u00bb1\/4&Prime;][\/vc_column][vc_column width=\u00a0\u00bb1\/2&Prime;][vc_row_inner][vc_column_inner width=\u00a0\u00bb2\/3&Prime;][vc_single_image image=\u00a0\u00bb72&Prime; img_size=\u00a0\u00bbfull\u00a0\u00bb onclick=\u00a0\u00bbcustom_link\u00a0\u00bb img_link_target=\u00a0\u00bb_blank\u00a0\u00bb link=\u00a0\u00bbhttp:\/\/ifgroup.lu\u00a0\u00bb el_id=\u00a0\u00bblogoFooter\u00a0\u00bb][\/vc_column_inner][vc_column_inner width=\u00a0\u00bb1\/3&Prime;][vc_column_text]<\/p>\n<div>\n<table id=\"tabCoord\">\n<tbody>\n<tr>\n<td>45, RUE DES SCILLAS<\/td>\n<\/tr>\n<tr>\n<td>L-2529 HOWALD<\/td>\n<\/tr>\n<tr>\n<td>T +352 47 68 47 &#8211; 472<\/td>\n<\/tr>\n<tr>\n<td><a href=\"http:\/\/ifgroup.lu\" target=\"_blank\" rel=\"noopener noreferrer\">WWW.IFGROUP.LU<\/a><\/td>\n<\/tr>\n<\/tbody>\n<\/table>\n<\/div>\n<p>[\/vc_column_text][\/vc_column_inner][\/vc_row_inner][\/vc_column][vc_column width=\u00a0\u00bb1\/4&Prime;][\/vc_column][\/vc_row][vc_row][vc_column][vc_empty_space height=\u00a0\u00bb20px\u00a0\u00bb][\/vc_column][\/vc_row]<\/p>\n<\/div>","protected":false},"excerpt":{"rendered":"<p>[vc_row][vc_column][vc_raw_html]JTNDZGl2JTNFJTBBJTA5JTNDdGFibGUlMjBpZCUzRCUyMnRhYkxhbmclMjIlM0UlMEElMDklMDklM0N0Ym9keSUzRSUwQSUwOSUwOSUwOSUzQ3RyJTNFJTBBJTA5JTA5JTA5JTA5JTNDdGQlM0UlMEElMDklMDklMDklMDklMDklM0NhJTIwaHJlZiUzRCUyMmh0dHBzJTNBJTJGJTJGcHRiLm92aCUyRmlmZ3JvdXAlMkZpZi1ncm91cC1uZXdzbGV0dGVyLTE4LTA3LTIwMTktcGFyYW1ldHJlcy1zb2NpYXV4LWF1LTAxLTA3LTIwMTktZnIlMkYlMjIlM0UlMEElMDklMDklMDklMDklMDklMDklM0NpbWclMjBzcmMlM0QlMjJodHRwcyUzQSUyRiUyRnB0Yi5vdmglMkZpZmdyb3VwJTJGd3AtY29udGVudCUyRnVwbG9hZHMlMkYyMDE5JTJGMDMlMkZmci5qcGclMjIlMjBhbHQlM0QlMjJGUiUyMiUyRiUzRSUwQSUwOSUwOSUwOSUwOSUwOSUzQyUyRmElM0UlMEElMDklMDklMDklMDklM0MlMkZ0ZCUzRSUwQSUwOSUwOSUwOSUwOSUzQ3RkJTNFJTBBJTA5JTA5JTA5JTA5JTA5JTNDYSUyMGhyZWYlM0QlMjJodHRwcyUzQSUyRiUyRnB0Yi5vdmglMkZpZmdyb3VwJTJGaWYtZ3JvdXAtbmV3c2xldHRlci0xOC0wNy0yMDE5LXBhcmFtZXRyZXMtc29jaWF1eC1hdS0wMS0wNy0yMDE5LWRlJTJGJTIyJTNFJTBBJTA5JTA5JTA5JTA5JTA5JTA5JTNDaW1nJTIwc3JjJTNEJTIyaHR0cHMlM0ElMkYlMkZwdGIub3ZoJTJGaWZncm91cCUyRndwLWNvbnRlbnQlMkZ1cGxvYWRzJTJGMjAxOSUyRjAzJTJGZGVfbGlnaHQuanBnJTIyJTIwYWx0JTNEJTIyREUlMjIlMkYlM0UlMEElMDklMDklMDklMDklMDklM0MlMkZhJTNFJTBBJTA5JTA5JTA5JTA5JTNDJTJGdGQlM0UlMEElMDklMDklMDklMDklM0N0ZCUzRSUwQSUwOSUwOSUwOSUwOSUwOSUzQ2ElMjBocmVmJTNEJTIyaHR0cHMlM0ElMkYlMkZwdGIub3ZoJTJGaWZncm91cCUyRmlmLWdyb3VwLW5ld3NsZXR0ZXItMTgtMDctMjAxOS1wYXJhbWV0cmVzLXNvY2lhdXgtYXUtMDEtMDctMjAxOS1lbiUyRiUyMiUzRSUwQSUwOSUwOSUwOSUwOSUwOSUwOSUzQ2ltZyUyMHNyYyUzRCUyMmh0dHBzJTNBJTJGJTJGcHRiLm92aCUyRmlmZ3JvdXAlMkZ3cC1jb250ZW50JTJGdXBsb2FkcyUyRjIwMTklMkYwMyUyRmVuX2xpZ2h0LmpwZyUyMiUyMGFsdCUzRCUyMkVOJTIyJTJGJTNFJTBBJTA5JTA5JTA5JTA5JTA5JTNDJTJGYSUzRSUwQSUwOSUwOSUwOSUwOSUzQyUyRnRkJTNFJTBBJTA5JTA5JTA5JTNDJTJGdHIlM0UlMEElMDklMDklM0MlMkZ0Ym9keSUzRSUwQSUwOSUzQyUyRnRhYmxlJTNFJTBBJTNDJTJGZGl2JTNF[\/vc_raw_html][vc_raw_html]JTNDc3R5bGUlM0UlMEElMDkud3BiX3dyYXBwZXIlMjBwJTIwaW1nJTIwJTdCJTBBJTA5JTA5bWFyZ2luLXRvcCUzQSUyMDVweCUzQiUwQSUwOSUwOW1hcmdpbi1yaWdodCUzQSUyMDEwcHglM0IlMEElMDklN0QlMEElMDkuaW1nTWF4V2lkdGglN0IlMEElMDklMDltYXgtd2lkdGglM0ElMjAxMzQwcHglM0IlMEElMDklN0QlMEElM0MlMkZzdHlsZSUzRQ==[\/vc_raw_html][\/vc_column][\/vc_row][vc_row][vc_column][vc_empty_space height=\u00a0\u00bb50px\u00a0\u00bb][\/vc_column][\/vc_row][vc_row][vc_column][vc_single_image image=\u00a0\u00bb437&Prime; img_size=\u00a0\u00bbfull\u00a0\u00bb alignment=\u00a0\u00bbcenter\u00a0\u00bb][\/vc_column][\/vc_row][vc_row][vc_column][vc_empty_space height=\u00a0\u00bb50px\u00a0\u00bb][\/vc_column][\/vc_row][vc_row el_class=\u00a0\u00bbtext\u00a0\u00bb][vc_column width=\u00a0\u00bb1\/4&Prime;][\/vc_column][vc_column width=\u00a0\u00bb1\/2&Prime;][vc_column_text]SALAIRE SOCIAL MINIMUM (SSM) 256,60 \u20ac \u00e0 l\u2019indice 100[\/vc_column_text][vc_single_image image=\u00a0\u00bb425&Prime; img_size=\u00a0\u00bbfull\u00a0\u00bb alignment=\u00a0\u00bbcenter\u00a0\u00bb el_class=\u00a0\u00bbimgMaxWidth\u00a0\u00bb][vc_empty_space height=\u00a0\u00bb20px\u00a0\u00bb][\/vc_column][vc_column width=\u00a0\u00bb1\/4&Prime;][\/vc_column][\/vc_row][vc_row el_class=\u00a0\u00bbtext\u00a0\u00bb][vc_column width=\u00a0\u00bb1\/4&Prime;][\/vc_column][vc_column width=\u00a0\u00bb1\/2&Prime;][vc_column_text]COTISATIONS DE S\u00c9CURIT\u00c9 SOCIALE[\/vc_column_text][vc_single_image image=\u00a0\u00bb428&Prime; img_size=\u00a0\u00bbfull\u00a0\u00bb alignment=\u00a0\u00bbcenter\u00a0\u00bb el_class=\u00a0\u00bbimgMaxWidth\u00a0\u00bb][vc_column_text] (1) Les allocations et indemnit\u00e9s purement occasionnelles ainsi que les gratifications et les avantages en nature sont cotisables en mati\u00e8re d\u2019assurance maladie [&hellip;]<\/p>\n","protected":false},"author":2,"featured_media":0,"parent":0,"menu_order":0,"comment_status":"closed","ping_status":"closed","template":"","meta":{"footnotes":""},"class_list":["post-417","page","type-page","status-publish","hentry"],"_links":{"self":[{"href":"https:\/\/ptb.ovh\/bakertilly\/wp-json\/wp\/v2\/pages\/417"}],"collection":[{"href":"https:\/\/ptb.ovh\/bakertilly\/wp-json\/wp\/v2\/pages"}],"about":[{"href":"https:\/\/ptb.ovh\/bakertilly\/wp-json\/wp\/v2\/types\/page"}],"author":[{"embeddable":true,"href":"https:\/\/ptb.ovh\/bakertilly\/wp-json\/wp\/v2\/users\/2"}],"replies":[{"embeddable":true,"href":"https:\/\/ptb.ovh\/bakertilly\/wp-json\/wp\/v2\/comments?post=417"}],"version-history":[{"count":23,"href":"https:\/\/ptb.ovh\/bakertilly\/wp-json\/wp\/v2\/pages\/417\/revisions"}],"predecessor-version":[{"id":469,"href":"https:\/\/ptb.ovh\/bakertilly\/wp-json\/wp\/v2\/pages\/417\/revisions\/469"}],"wp:attachment":[{"href":"https:\/\/ptb.ovh\/bakertilly\/wp-json\/wp\/v2\/media?parent=417"}],"curies":[{"name":"wp","href":"https:\/\/api.w.org\/{rel}","templated":true}]}}