{"id":116,"date":"2019-03-15T15:01:53","date_gmt":"2019-03-15T14:01:53","guid":{"rendered":"http:\/\/ptb.ovh\/bakertilly\/?page_id=116"},"modified":"2025-01-10T22:33:19","modified_gmt":"2025-01-10T21:33:19","slug":"formulaire-seminaires","status":"publish","type":"page","link":"https:\/\/ptb.ovh\/bakertilly\/formulaire-seminaires\/","title":{"rendered":"BAKERTILLY &#8211; formulaire s\u00e9minaires"},"content":{"rendered":"<div class=\"wpb-content-wrapper\"><p>[vc_row css=\u00a0\u00bb.vc_custom_1724337233963{background-color: #222D38 !important;}\u00a0\u00bb][vc_column][vc_raw_html css=\u00a0\u00bb\u00a0\u00bb]JTNDaGVhZGVyJTIwaWQlM0QlMjJoZWFkZXIyMDI0JTIyJTNFJTBBJTNDZGl2JTIwaWQlM0QlMjJoZWFkZXJJbnNjcmlwdGlvbnMlMjIlM0UlMEElM0NzcGFuJTIwY2xhc3MlM0QlMjJDYXJuYWMlMjIlM0VJbnNjcmlwdGlvbnMlM0MlMkZzcGFuJTNFJTBBJTNDc3BhbiUyMGNsYXNzJTNEJTIyQ2FybmFjQm9sZCUyMiUyMHN0eWxlJTNEJTIyZm9udC13ZWlnaHQlM0E1MDAlM0IlMjIlM0VTJUMzJUE5bWluYWlyZXMlM0MlMkZzcGFuJTNFJTBBJTNDJTJGZGl2JTNFJTBBJTBBJTNDZGl2JTIwaWQlM0QlMjJsb2dvSGVhZGVyJTIyJTNFJTBBJTNDaW1nJTIwc3JjJTNEJTIyJTJGYmFrZXJ0aWxseSUyRndwLWNvbnRlbnQlMkZ0aGVtZXMlMkZwdGIlMkZhc3NldHMlMkZpbWclMkZsb2dvLnN2ZyUyMiUyRiUzRSUwQSUzQyUyRmRpdiUzRSUwQSUzQyUyRmhlYWRlciUzRQ==[\/vc_raw_html][\/vc_column][\/vc_row][vc_row el_id=\u00a0\u00bbheader\u00a0\u00bb][vc_column css=\u00a0\u00bb.vc_custom_1724338298619{padding-top: 10px !important;}\u00a0\u00bb][vc_single_image image=\u00a0\u00bb7171&Prime; img_size=\u00a0\u00bbfull\u00a0\u00bb css=\u00a0\u00bb\u00a0\u00bb][\/vc_column][\/vc_row][vc_row][vc_column][vc_empty_space height=\u00a0\u00bb50px\u00a0\u00bb][vc_custom_heading text=\u00a0\u00bbInscription\u00a0\u00bb font_container=\u00a0\u00bbtag:h2|text_align:center\u00a0\u00bb use_theme_fonts=\u00a0\u00bbyes\u00a0\u00bb][vc_empty_space height=\u00a0\u00bb50px\u00a0\u00bb][\/vc_column][\/vc_row][vc_row][vc_column][vc_row_inner][vc_column_inner width=\u00a0\u00bb1\/4&Prime;][\/vc_column_inner][vc_column_inner width=\u00a0\u00bb1\/2&Prime;][vc_raw_html]JTVCY29udGFjdC1mb3JtLTclMjBpZCUzRCUyMjExNyUyMiUyMHRpdGxlJTNEJTIyRm9ybXVsYWlyZSUyMElGJTIwR3JvdXAlMjBzJUMzJUE5bWluYWlyZXMlMjIlNUQ=[\/vc_raw_html][\/vc_column_inner][vc_column_inner width=\u00a0\u00bb1\/4&Prime;][\/vc_column_inner][\/vc_row_inner][\/vc_column][\/vc_row][vc_row][vc_column width=\u00a0\u00bb1\/4&Prime;][\/vc_column][vc_column width=\u00a0\u00bb1\/2&Prime;][vc_column_text css=\u00a0\u00bb\u00a0\u00bb]<\/p>\n<p style=\"text-align: center;\">Veuillez noter que vous recevrez par voie \u00e9lectronique vos factures num\u00e9ris\u00e9es au format PDF<\/p>\n<p>[\/vc_column_text][\/vc_column][vc_column width=\u00a0\u00bb1\/4&Prime;][\/vc_column][\/vc_row][vc_row][vc_column][vc_empty_space height=\u00a0\u00bb50px\u00a0\u00bb][\/vc_column][\/vc_row][vc_row css=\u00a0\u00bb.vc_custom_1724336624470{padding-bottom: 40px !important;background-color: #222D38 !important;}\u00a0\u00bb][vc_column width=\u00a0\u00bb1\/6&Prime;][\/vc_column][vc_column width=\u00a0\u00bb2\/3&Prime;][vc_raw_html css=\u00a0\u00bb\u00a0\u00bb]JTNDZGl2JTIwaWQlM0QlMjJsb2dvRm9vdGVyJTIyJTNFJTBBJTNDaW1nJTIwc3JjJTNEJTIyJTJGYmFrZXJ0aWxseSUyRndwLWNvbnRlbnQlMkZ0aGVtZXMlMkZwdGIlMkZhc3NldHMlMkZpbWclMkZsb2dvLnN2ZyUyMiUyRiUzRSUwQSUzQyUyRmRpdiUzRQ==[\/vc_raw_html][vc_separator color=\u00a0\u00bbwhite\u00a0\u00bb css=\u00a0\u00bb.vc_custom_1724336386313{margin-bottom: 0px !important;padding-right: 50px !important;padding-left: 50px !important;}\u00a0\u00bb][\/vc_column][vc_column width=\u00a0\u00bb1\/6&Prime; offset=\u00a0\u00bbvc_hidden-xs\u00a0\u00bb][vc_raw_html css=\u00a0\u00bb\u00a0\u00bb]JTNDZGl2JTIwaWQlM0QlMjJsb2dvR3JlYXRQbGFjZVRvV29yayUyMiUzRSUwQSUzQ2ltZyUyMHNyYyUzRCUyMiUyRmJha2VydGlsbHklMkZ3cC1jb250ZW50JTJGdGhlbWVzJTJGcHRiJTJGYXNzZXRzJTJGaW1nJTJGZ3JlYXQtcGxhY2UtdG8td29yay5wbmclMjIlMkYlM0UlMEElM0MlMkZkaXYlM0U=[\/vc_raw_html][\/vc_column][\/vc_row][vc_row css=\u00a0\u00bb.vc_custom_1724336420418{padding-top: 0px !important;background-color: #222D38 !important;}\u00a0\u00bb][vc_column width=\u00a0\u00bb1\/6&Prime; css=\u00a0\u00bb.vc_custom_1724336664503{padding-top: 0px !important;padding-right: 0px !important;padding-bottom: 0px !important;padding-left: 0px !important;}\u00a0\u00bb][\/vc_column][vc_column width=\u00a0\u00bb2\/3&Prime; css=\u00a0\u00bb.vc_custom_1724336415270{padding-top: 0px !important;}\u00a0\u00bb][vc_raw_html css=\u00a0\u00bb\u00a0\u00bb]JTNDdGFibGUlMjBpZCUzRCUyMnRhYmxlRm9vdGVyJTIyJTIwd2lkdGglM0QlMjIxMDAlMjUlMjIlMjBhbGlnbiUzRCUyMmNlbnRlciUyMiUzRSUwQSUwOSUzQ3RyJTNFJTBBJTA5JTA5JTNDdGQlM0UlMEElMDklMDklMDklM0N0YWJsZSUyMHdpZHRoJTNEJTIyMTAwJTI1JTIyJTIwc3R5bGUlM0QlMjJtYXgtd2lkdGglM0ExMDAlMjUlM0IlMjBtYXJnaW4lM0FhdXRvJTNCJTIwbXNvLWxpbmUtaGVpZ2h0LXJ1bGUlM0ElMjBleGFjdGx5JTNCJTIwLW1zLXRleHQtc2l6ZS1hZGp1c3QlM0ElMjAxMDAlMjUlM0IlMjIlM0UlMEElMDklMDklMDklMDklM0N0ciUzRSUwQSUwOSUwOSUwOSUwOSUwOSUzQ3RkJTNFJTBBJTA5JTA5JTA5JTA5JTA5JTA5JTNDdGFibGUlMjBpZCUzRCUyMmZvb3RlckFsbCUyMiUyMGNsYXNzJTNEJTIycm5iLWNvbHVtbnMtY29udGFpbmVyJTIyJTIwd2lkdGglM0QlMjIxMDAlMjUlMjIlMjBjZWxsc3BhY2luZyUzRCUyMjAlMjIlMjBjZWxscGFkZGluZyUzRCUyMjAlMjIlMjBib3JkZXIlM0QlMjIwJTIyJTNFJTBBJTA5JTA5JTA5JTA5JTA5JTA5JTA5JTNDdGJvZHklM0UlMEElMDklMDklMDklMDklMDklMDklMDklMDklM0N0ciUzRSUwQSUwOSUwOSUwOSUwOSUwOSUwOSUwOSUwOSUwOSUzQ3RkJTIwaWQlM0QlMjJmb290ZXJDb29yZCUyMiUyMGNsYXNzJTNEJTIycm5iLWZvcmNlLWNvbCUyMiUyMHZhbGlnbiUzRCUyMnRvcCUyMiUzRSUwQSUwOSUwOSUwOSUwOSUwOSUwOSUwOSUwOSUwOSUwOSUzQ3RhYmxlJTIwdmFsaWduJTNEJTIydG9wJTIyJTIwY2xhc3MlM0QlMjJybmItbGFzdC1jb2wtMiUyMiUyMHdpZHRoJTNEJTIyMjUwJTIyJTIwY2VsbHNwYWNpbmclM0QlMjIwJTIyJTIwY2VsbHBhZGRpbmclM0QlMjIwJTIyJTIwYm9yZGVyJTNEJTIyMCUyMiUyMGFsaWduJTNEJTIybGVmdCUyMiUzRSUwQSUwOSUwOSUwOSUwOSUwOSUwOSUwOSUwOSUwOSUwOSUwOSUzQ3Rib2R5JTNFJTBBJTA5JTA5JTA5JTA5JTA5JTA5JTA5JTA5JTA5JTA5JTA5JTA5JTNDdHIlM0UlMEElMDklMDklMDklMDklMDklMDklMDklMDklMDklMDklMDklMDklMDklM0N0ZCUyMGNsYXNzJTNEJTIycm5iLW1ibC1mbG9hdC1ub25lJTIyJTIwc3R5bGUlM0QlMjJjb2xvciUzQSUyM2ZmZmZmZiUzQmZsb2F0JTNBcmlnaHQlM0J3aWR0aCUzQTI1MHB4JTNCJTIwbGluZS1oZWlnaHQlM0ElMjAyMXB4JTNCJTIyJTNFJTBBJTA5JTA5JTA5JTA5JTA5JTA5JTA5JTA5JTA5JTA5JTA5JTA5JTA5JTA5JTNDZGl2JTNFJTBBJTA5JTA5JTA5JTA5JTA5JTA5JTA5JTA5JTA5JTA5JTA5JTA5JTA5JTA5JTA5JTNDdGFibGUlMjBzdHlsZSUzRCUyMndpZHRoJTNBJTIwMTAwJTI1JTNCJTIwbWluLXdpZHRoJTNBJTIwMjUwcHglM0IlMjBtYXgtd2lkdGglM0ElMjAxMDAlMjUlM0IlMjB0ZXh0LWFsaWduJTNBJTIwbGVmdCUzQiUyMiUzRSUwQSUwOSUwOSUwOSUwOSUwOSUwOSUwOSUwOSUwOSUwOSUwOSUwOSUwOSUwOSUwOSUwOSUzQ3Rib2R5JTNFJTBBJTA5JTA5JTA5JTA5JTA5JTA5JTA5JTA5JTA5JTA5JTA5JTA5JTA5JTA5JTA5JTA5JTA5JTNDdHIlM0UlMEElMDklMDklMDklMDklMDklMDklMDklMDklMDklMDklMDklMDklMDklMDklMDklMDklMDklMDklM0N0ZCUyMHN0eWxlJTNEJTIyY29sb3IlM0ElMjAlMjNmZmZmZmYlM0IlMjBwYWRkaW5nJTNBJTIwMTBweCUyMDVweCUzQiUyMiUzRSUwQSUwOSUwOSUwOSUwOSUwOSUwOSUwOSUwOSUwOSUwOSUwOSUwOSUwOSUwOSUwOSUwOSUwOSUwOSUwOSUzQ3NwYW4lMjBzdHlsZSUzRCUyMmNvbG9yJTNBJTIzZmZmZmZmJTNCJTIyJTNFJTBBJTA5JTA5JTA5JTA5JTA5JTA5JTA5JTA5JTA5JTA5JTA5JTA5JTA5JTA5JTA5JTA5JTA5JTA5JTA5JTA5NDUlMjBib3VsZXZhcmQlMjBkZXMlMjBTY2lsbGFzJTBBJTA5JTA5JTA5JTA5JTA5JTA5JTA5JTA5JTA5JTA5JTA5JTA5JTA5JTA5JTA5JTA5JTA5JTA5JTA5JTNDJTJGc3BhbiUzRSUwQSUwOSUwOSUwOSUwOSUwOSUwOSUwOSUwOSUwOSUwOSUwOSUwOSUwOSUwOSUwOSUwOSUwOSUwOSUzQyUyRnRkJTNFJTBBJTA5JTA5JTA5JTA5JTA5JTA5JTA5JTA5JTA5JTA5JTA5JTA5JTA5JTA5JTA5JTA5JTA5JTNDJTJGdHIlM0UlMEElMEElMDklMDklMDklMDklMDklMDklMDklMDklMDklMDklMDklMDklMDklMDklMDklMDklMDklM0N0ciUzRSUwQSUwOSUwOSUwOSUwOSUwOSUwOSUwOSUwOSUwOSUwOSUwOSUwOSUwOSUwOSUwOSUwOSUwOSUwOSUzQ3RkJTIwc3R5bGUlM0QlMjJjb2xvciUzQSUyMCUyM2ZmZmZmZiUzQiUyMHBhZGRpbmclM0ElMjAxMHB4JTIwNXB4JTNCJTIyJTNFJTBBJTA5JTA5JTA5JTA5JTA5JTA5JTA5JTA5JTA5JTA5JTA5JTA5JTA5JTA5JTA5JTA5JTA5JTA5JTA5JTNDc3BhbiUyMHN0eWxlJTNEJTIyY29sb3IlM0ElMjNmZmZmZmYlM0IlMjIlM0UlMEElMDklMDklMDklMDklMDklMDklMDklMDklMDklMDklMDklMDklMDklMDklMDklMDklMDklMDklMDklMDlMLTI1MjklMjBIb3dhbGQlMEElMDklMDklMDklMDklMDklMDklMDklMDklMDklMDklMDklMDklMDklMDklMDklMDklMDklMDklMDklM0MlMkZzcGFuJTNFJTBBJTA5JTA5JTA5JTA5JTA5JTA5JTA5JTA5JTA5JTA5JTA5JTA5JTA5JTA5JTA5JTA5JTA5JTA5JTNDJTJGdGQlM0UlMEElMDklMDklMDklMDklMDklMDklMDklMDklMDklMDklMDklMDklMDklMDklMDklMDklMDklM0MlMkZ0ciUzRSUwQSUwQSUwOSUwOSUwOSUwOSUwOSUwOSUwOSUwOSUwOSUwOSUwOSUwOSUwOSUwOSUwOSUwOSUwOSUzQ3RyJTNFJTBBJTA5JTA5JTA5JTA5JTA5JTA5JTA5JTA5JTA5JTA5JTA5JTA5JTA5JTA5JTA5JTA5JTA5JTA5JTNDdGQlMjBzdHlsZSUzRCUyMmNvbG9yJTNBJTIwJTIzZmZmZmZmJTNCJTIwcGFkZGluZyUzQSUyMDEwcHglMjA1cHglM0IlMjIlM0UlMEElMDklMDklMDklMDklMDklMDklMDklMDklMDklMDklMDklMDklMDklMDklMDklMDklMDklMDklMDklMDklM0NhJTIwaHJlZiUzRCUyMnRlbCUzQSUyQjM1MjQ3Njg0NzQwMCUyMiUyMHN0eWxlJTNEJTIydGV4dC1kZWNvcmF0aW9uJTNBJTIwbm9uZSUzQiUyMGNvbG9yJTNBJTIwcmdiJTI4NTYlMkMlMjA1OSUyQyUyMDYxJTI5JTNCJTIyJTNFJTBBJTA5JTA5JTA5JTA5JTA5JTA5JTA5JTA5JTA5JTA5JTA5JTA5JTA5JTA5JTA5JTA5JTA5JTA5JTA5JTA5JTA5JTNDc3BhbiUyMHN0eWxlJTNEJTIyY29sb3IlM0ElMjNmZmZmZmYlM0IlMjIlM0VUJTIwJTJCMzUyJTIwNDclMjA2OCUyMDQ3JTIwLSUyMDQwMCUzQyUyRnNwYW4lM0UlMEElMDklMDklMDklMDklMDklMDklMDklMDklMDklMDklMDklMDklMDklMDklMDklMDklMDklMDklMDklMDklM0MlMkZhJTNFJTBBJTA5JTA5JTA5JTA5JTA5JTA5JTA5JTA5JTA5JTA5JTA5JTA5JTA5JTA5JTA5JTA5JTA5JTA5JTNDJTJGdGQlM0UlMEElMDklMDklMDklMDklMDklMDklMDklMDklMDklMDklMDklMDklMDklMDklMDklMDklMDklM0MlMkZ0ciUzRSUwQSUwQSUwOSUwOSUwOSUwOSUwOSUwOSUwOSUwOSUwOSUwOSUwOSUwOSUwOSUwOSUwOSUwOSUwOSUzQ3RyJTNFJTBBJTA5JTA5JTA5JTA5JTA5JTA5JTA5JTA5JTA5JTA5JTA5JTA5JTA5JTA5JTA5JTA5JTA5JTA5JTNDdGQlMjBzdHlsZSUzRCUyMmNvbG9yJTNBJTIwJTIzZmZmZmZmJTNCJTIwcGFkZGluZyUzQSUyMDEwcHglMjA1cHglM0IlMjIlM0UlMEElMDklMDklMDklMDklMDklMDklMDklMDklMDklMDklMDklMDklMDklMDklMDklMDklMDklMDklMDklM0NzdHJvbmclM0UlMEElMDklMDklMDklMDklMDklMDklMDklMDklMDklMDklMDklMDklMDklMDklMDklMDklMDklMDklMDklMDklM0NhJTIwaHJlZiUzRCUyMmh0dHAlM0ElMkYlMkZ3d3cuYmFrZXJ0aWxseS5sdSUyRiUyMiUyMHN0eWxlJTNEJTIydGV4dC1kZWNvcmF0aW9uJTNBJTIwbm9uZSUzQiUyMGNvbG9yJTNBJTIwcmdiJTI4NTYlMkMlMjA1OSUyQyUyMDYxJTI5JTNCJTIyJTIwdGFyZ2V0JTNEJTIyX2JsYW5rJTIyJTNFJTBBJTA5JTA5JTA5JTA5JTA5JTA5JTA5JTA5JTA5JTA5JTA5JTA5JTA5JTA5JTA5JTA5JTA5JTA5JTA5JTA5JTA5JTNDc3BhbiUyMHN0eWxlJTNEJTIyY29sb3IlM0ElMjNmZmZmZmYlM0IlMjIlM0ViYWtlcnRpbGx5Lmx1JTNDJTJGc3BhbiUzRSUwQSUwOSUwOSUwOSUwOSUwOSUwOSUwOSUwOSUwOSUwOSUwOSUwOSUwOSUwOSUwOSUwOSUwOSUwOSUwOSUwOSUzQyUyRmElM0UlMEElMDklMDklMDklMDklMDklMDklMDklMDklMDklMDklMDklMDklMDklMDklMDklMDklMDklMDklMDklM0MlMkZzdHJvbmclM0UlMEElMDklMDklMDklMDklMDklMDklMDklMDklMDklMDklMDklMDklMDklMDklMDklMDklMDklMDklM0MlMkZ0ZCUzRSUwQSUwOSUwOSUwOSUwOSUwOSUwOSUwOSUwOSUwOSUwOSUwOSUwOSUwOSUwOSUwOSUwOSUwOSUzQyUyRnRyJTNFJTBBJTA5JTA5JTA5JTA5JTA5JTA5JTA5JTA5JTA5JTA5JTA5JTA5JTA5JTA5JTA5JTA5JTNDJTJGdGJvZHklM0UlMEElMDklMDklMDklMDklMDklMDklMDklMDklMDklMDklMDklMDklMDklMDklMDklM0MlMkZ0YWJsZSUzRSUwQSUwOSUwOSUwOSUwOSUwOSUwOSUwOSUwOSUwOSUwOSUwOSUwOSUwOSUwOSUzQyUyRmRpdiUzRSUwQSUwOSUwOSUwOSUwOSUwOSUwOSUwOSUwOSUwOSUwOSUwOSUwOSUwOSUzQyUyRnRkJTNFJTBBJTA5JTA5JTA5JTA5JTA5JTA5JTA5JTA5JTA5JTA5JTA5JTA5JTNDJTJGdHIlM0UlMEElMDklMDklMDklMDklMDklMDklMDklMDklMDklMDklMDklM0MlMkZ0Ym9keSUzRSUwQSUwOSUwOSUwOSUwOSUwOSUwOSUwOSUwOSUwOSUwOSUzQyUyRnRhYmxlJTNFJTBBJTA5JTA5JTA5JTA5JTA5JTA5JTA5JTA5JTA5JTNDJTJGdGQlM0UlMEElMEElMDklMDklMDklMDklMDklMDklMDklMDklMDklM0N0ZCUyMHN0eWxlJTNEJTIyZm9udC1zaXplJTNBJTIwMjRweCUzQiUyMGNvbG9yJTNBJTIwJTIzZmZmJTNCJTIwZm9udC13ZWlnaHQlM0ElMjA1MDAlM0IlMjBsZXR0ZXItc3BhY2luZyUzQSUyMDFweCUzQiUyMiUyMHZhbGlnbiUzRCUyMmJvdHRvbSUyMiUyMGFsaWduJTNEJTIycmlnaHQlMjIlM0UlMEElMDklMDklMDklMDklMDklMDklMDklMDklMDklMDklM0NkaXYlMjBpZCUzRCUyMmZvb3RlclNvY2lhbCUyMiUyMHN0eWxlJTNEJTIyJTIyJTNFJTBBJTA5JTA5JTA5JTA5JTA5JTA5JTA5JTA5JTA5JTA5JTA5JTNDYSUyMGhyZWYlM0QlMjJodHRwcyUzQSUyRiUyRnd3dy5saW5rZWRpbi5jb20lMkZjb21wYW55JTJGYmFrZXJsdXglMkYlMjIlMjB0YXJnZXQlM0QlMjJfYmxhbmslMjIlM0UlM0NpJTIwY2xhc3MlM0QlMjJmYS1icmFuZHMlMjBmYS1saW5rZWRpbi1pbiUyMiUzRSUzQyUyRmklM0UlM0MlMkZhJTNFJTBBJTA5JTA5JTA5JTA5JTA5JTA5JTA5JTA5JTA5JTA5JTA5JTNDYSUyMGhyZWYlM0QlMjJodHRwcyUzQSUyRiUyRnd3dy5pbnN0YWdyYW0uY29tJTJGYmFrZXJ0aWxseWx1eGVtYm91cmclMkYlMjIlMjB0YXJnZXQlM0QlMjJfYmxhbmslMjIlM0UlM0NpJTIwY2xhc3MlM0QlMjJmYS1icmFuZHMlMjBmYS1pbnN0YWdyYW0lMjIlM0UlM0MlMkZpJTNFJTNDJTJGYSUzRSUwQSUwOSUwOSUwOSUwOSUwOSUwOSUwOSUwOSUwOSUwOSUwOSUzQ2ElMjBocmVmJTNEJTIyaHR0cHMlM0ElMkYlMkZ4LmNvbSUyRkJha2VyTHV4ZW1ib3VyZyUyMiUyMHRhcmdldCUzRCUyMl9ibGFuayUyMiUzRSUzQ2klMjBjbGFzcyUzRCUyMmZhLWJyYW5kcyUyMGZhLXgtdHdpdHRlciUyMiUzRSUzQyUyRmklM0UlM0MlMkZhJTNFJTBBJTA5JTA5JTA5JTA5JTA5JTA5JTA5JTA5JTA5JTA5JTA5JTNDYSUyMGhyZWYlM0QlMjJodHRwcyUzQSUyRiUyRnd3dy5mYWNlYm9vay5jb20lMkZCYWtlckx1eCUyMiUyMHRhcmdldCUzRCUyMl9ibGFuayUyMiUzRSUzQ2klMjBjbGFzcyUzRCUyMmZhLWJyYW5kcyUyMGZhLWZhY2Vib29rLWYlMjIlM0UlM0MlMkZpJTNFJTNDJTJGYSUzRSUwQSUwOSUwOSUwOSUwOSUwOSUwOSUwOSUwOSUwOSUwOSUwOSUzQ2ElMjBocmVmJTNEJTIyaHR0cHMlM0ElMkYlMkZ3d3cueW91dHViZS5jb20lMkZjaGFubmVsJTJGVUNaMGJwQWU4REVOSVNjQ0tPcjdDN2FBJTIyJTIwdGFyZ2V0JTNEJTIyX2JsYW5rJTIyJTNFJTNDaSUyMGNsYXNzJTNEJTIyZmEtYnJhbmRzJTIwZmEteW91dHViZSUyMiUzRSUzQyUyRmklM0UlM0MlMkZhJTNFJTBBJTA5JTA5JTA5JTA5JTA5JTA5JTA5JTA5JTA5JTA5JTNDJTJGZGl2JTNFJTBBJTA5JTA5JTA5JTA5JTA5JTA5JTA5JTA5JTA5JTA5JTBBJTA5JTA5JTA5JTA5JTA5JTA5JTA5JTA5JTA5JTA5JTNDZGl2JTNFTm93JTJDJTIwZm9yJTIwdG9tb3Jyb3clM0MlMkZkaXYlM0UlMEElMDklMDklMDklMDklMDklMDklMDklMDklMDklM0MlMkZ0ZCUzRSUwQSUwOSUwOSUwOSUwOSUwOSUwOSUwOSUwOSUzQyUyRnRyJTNFJTBBJTA5JTA5JTA5JTA5JTA5JTA5JTA5JTNDJTJGdGJvZHklM0UlMEElMDklMDklMDklMDklMDklMDklM0MlMkZ0YWJsZSUzRSUwQSUwOSUwOSUwOSUwOSUwOSUzQyUyRnRkJTNFJTBBJTA5JTA5JTA5JTA5JTNDJTJGdHIlM0UlMEElMDklMDklMDklM0MlMkZ0YWJsZSUzRSUwQSUwOSUwOSUzQyUyRnRkJTNFJTBBJTA5JTNDJTJGdHIlM0UlMEElM0MlMkZ0YWJsZSUzRQ==[\/vc_raw_html][\/vc_column][vc_column width=\u00a0\u00bb1\/6&Prime;][\/vc_column][\/vc_row]<\/p>\n<\/div>","protected":false},"excerpt":{"rendered":"<p>[vc_row css=\u00a0\u00bb.vc_custom_1724337233963{background-color: #222D38 !important;}\u00a0\u00bb][vc_column][vc_raw_html css=\u00a0\u00bb\u00a0\u00bb]JTNDaGVhZGVyJTIwaWQlM0QlMjJoZWFkZXIyMDI0JTIyJTNFJTBBJTNDZGl2JTIwaWQlM0QlMjJoZWFkZXJJbnNjcmlwdGlvbnMlMjIlM0UlMEElM0NzcGFuJTIwY2xhc3MlM0QlMjJDYXJuYWMlMjIlM0VJbnNjcmlwdGlvbnMlM0MlMkZzcGFuJTNFJTBBJTNDc3BhbiUyMGNsYXNzJTNEJTIyQ2FybmFjQm9sZCUyMiUyMHN0eWxlJTNEJTIyZm9udC13ZWlnaHQlM0E1MDAlM0IlMjIlM0VTJUMzJUE5bWluYWlyZXMlM0MlMkZzcGFuJTNFJTBBJTNDJTJGZGl2JTNFJTBBJTBBJTNDZGl2JTIwaWQlM0QlMjJsb2dvSGVhZGVyJTIyJTNFJTBBJTNDaW1nJTIwc3JjJTNEJTIyJTJGYmFrZXJ0aWxseSUyRndwLWNvbnRlbnQlMkZ0aGVtZXMlMkZwdGIlMkZhc3NldHMlMkZpbWclMkZsb2dvLnN2ZyUyMiUyRiUzRSUwQSUzQyUyRmRpdiUzRSUwQSUzQyUyRmhlYWRlciUzRQ==[\/vc_raw_html][\/vc_column][\/vc_row][vc_row el_id=\u00a0\u00bbheader\u00a0\u00bb][vc_column css=\u00a0\u00bb.vc_custom_1724338298619{padding-top: 10px !important;}\u00a0\u00bb][vc_single_image image=\u00a0\u00bb7171&Prime; img_size=\u00a0\u00bbfull\u00a0\u00bb css=\u00a0\u00bb\u00a0\u00bb][\/vc_column][\/vc_row][vc_row][vc_column][vc_empty_space height=\u00a0\u00bb50px\u00a0\u00bb][vc_custom_heading text=\u00a0\u00bbInscription\u00a0\u00bb font_container=\u00a0\u00bbtag:h2|text_align:center\u00a0\u00bb use_theme_fonts=\u00a0\u00bbyes\u00a0\u00bb][vc_empty_space height=\u00a0\u00bb50px\u00a0\u00bb][\/vc_column][\/vc_row][vc_row][vc_column][vc_row_inner][vc_column_inner width=\u00a0\u00bb1\/4&Prime;][\/vc_column_inner][vc_column_inner width=\u00a0\u00bb1\/2&Prime;][vc_raw_html]JTVCY29udGFjdC1mb3JtLTclMjBpZCUzRCUyMjExNyUyMiUyMHRpdGxlJTNEJTIyRm9ybXVsYWlyZSUyMElGJTIwR3JvdXAlMjBzJUMzJUE5bWluYWlyZXMlMjIlNUQ=[\/vc_raw_html][\/vc_column_inner][vc_column_inner width=\u00a0\u00bb1\/4&Prime;][\/vc_column_inner][\/vc_row_inner][\/vc_column][\/vc_row][vc_row][vc_column width=\u00a0\u00bb1\/4&Prime;][\/vc_column][vc_column width=\u00a0\u00bb1\/2&Prime;][vc_column_text css=\u00a0\u00bb\u00a0\u00bb] Veuillez noter que vous recevrez par voie \u00e9lectronique vos factures num\u00e9ris\u00e9es au format PDF [\/vc_column_text][\/vc_column][vc_column width=\u00a0\u00bb1\/4&Prime;][\/vc_column][\/vc_row][vc_row][vc_column][vc_empty_space height=\u00a0\u00bb50px\u00a0\u00bb][\/vc_column][\/vc_row][vc_row css=\u00a0\u00bb.vc_custom_1724336624470{padding-bottom: 40px !important;background-color: #222D38 !important;}\u00a0\u00bb][vc_column width=\u00a0\u00bb1\/6&Prime;][\/vc_column][vc_column width=\u00a0\u00bb2\/3&Prime;][vc_raw_html css=\u00a0\u00bb\u00a0\u00bb]JTNDZGl2JTIwaWQlM0QlMjJsb2dvRm9vdGVyJTIyJTNFJTBBJTNDaW1nJTIwc3JjJTNEJTIyJTJGYmFrZXJ0aWxseSUyRndwLWNvbnRlbnQlMkZ0aGVtZXMlMkZwdGIlMkZhc3NldHMlMkZpbWclMkZsb2dvLnN2ZyUyMiUyRiUzRSUwQSUzQyUyRmRpdiUzRQ==[\/vc_raw_html][vc_separator color=\u00a0\u00bbwhite\u00a0\u00bb css=\u00a0\u00bb.vc_custom_1724336386313{margin-bottom: 0px !important;padding-right: 50px !important;padding-left: 50px [&hellip;]<\/p>\n","protected":false},"author":2,"featured_media":0,"parent":0,"menu_order":0,"comment_status":"closed","ping_status":"closed","template":"","meta":{"footnotes":""},"class_list":["post-116","page","type-page","status-publish","hentry"],"_links":{"self":[{"href":"https:\/\/ptb.ovh\/bakertilly\/wp-json\/wp\/v2\/pages\/116"}],"collection":[{"href":"https:\/\/ptb.ovh\/bakertilly\/wp-json\/wp\/v2\/pages"}],"about":[{"href":"https:\/\/ptb.ovh\/bakertilly\/wp-json\/wp\/v2\/types\/page"}],"author":[{"embeddable":true,"href":"https:\/\/ptb.ovh\/bakertilly\/wp-json\/wp\/v2\/users\/2"}],"replies":[{"embeddable":true,"href":"https:\/\/ptb.ovh\/bakertilly\/wp-json\/wp\/v2\/comments?post=116"}],"version-history":[{"count":59,"href":"https:\/\/ptb.ovh\/bakertilly\/wp-json\/wp\/v2\/pages\/116\/revisions"}],"predecessor-version":[{"id":8036,"href":"https:\/\/ptb.ovh\/bakertilly\/wp-json\/wp\/v2\/pages\/116\/revisions\/8036"}],"wp:attachment":[{"href":"https:\/\/ptb.ovh\/bakertilly\/wp-json\/wp\/v2\/media?parent=116"}],"curies":[{"name":"wp","href":"https:\/\/api.w.org\/{rel}","templated":true}]}}